{"id":936,"date":"2024-12-29T17:40:33","date_gmt":"2024-12-29T16:40:33","guid":{"rendered":"https:\/\/delmatra.hu\/2024\/?page_id=936"},"modified":"2025-01-01T13:06:35","modified_gmt":"2025-01-01T12:06:35","slug":"nyertes-palyazatok","status":"publish","type":"page","link":"https:\/\/delmatra.hu\/2024\/nyertes-palyazatok\/","title":{"rendered":"NYERTES P\u00c1LY\u00c1ZATOK"},"content":{"rendered":"\t\t<div data-elementor-type=\"wp-page\" data-elementor-id=\"936\" class=\"elementor elementor-936\">\n\t\t\t\t<div class=\"elementor-element elementor-element-41c91d6 e-con-full e-flex e-con e-parent\" data-id=\"41c91d6\" data-element_type=\"container\" data-settings=\"{&quot;background_background&quot;:&quot;classic&quot;}\">\n\t\t\t\t<div class=\"elementor-element elementor-element-c283f58 elementor-widget elementor-widget-text-editor\" data-id=\"c283f58\" data-element_type=\"widget\" data-widget_type=\"text-editor.default\">\n\t\t\t\t<div class=\"elementor-widget-container\">\n\t\t\t\t\t\t\t\t\t<h2>NYERTES P\u00c1LY\u00c1ZATOK<\/h2>\t\t\t\t\t\t\t\t<\/div>\n\t\t\t\t<\/div>\n\t\t<div class=\"elementor-element elementor-element-c9a8497 e-grid e-con-boxed e-con e-child\" data-id=\"c9a8497\" data-element_type=\"container\" data-settings=\"{&quot;background_background&quot;:&quot;classic&quot;}\">\n\t\t\t\t\t<div class=\"e-con-inner\">\n\t\t\t\t<div class=\"elementor-element elementor-element-53d895c elementor-align-justify elementor-widget__width-initial elementor-widget elementor-widget-button\" data-id=\"53d895c\" data-element_type=\"widget\" data-widget_type=\"button.default\">\n\t\t\t\t<div class=\"elementor-widget-container\">\n\t\t\t\t\t\t\t\t\t<div class=\"elementor-button-wrapper\">\n\t\t\t\t\t<a class=\"elementor-button elementor-button-link elementor-size-sm\" href=\"https:\/\/delmatra.hu\/2024\/eredmenyeink\/\">\n\t\t\t\t\t\t<span class=\"elementor-button-content-wrapper\">\n\t\t\t\t\t\t\t\t\t<span class=\"elementor-button-text\">&lt;&lt; VISSZA AZ EREDM\u00c9NYEINK OLDALRA<\/span>\n\t\t\t\t\t<\/span>\n\t\t\t\t\t<\/a>\n\t\t\t\t<\/div>\n\t\t\t\t\t\t\t\t<\/div>\n\t\t\t\t<\/div>\n\t\t\t\t<div class=\"elementor-element elementor-element-54d55f0 elementor-align-justify elementor-widget__width-initial elementor-widget elementor-widget-button\" data-id=\"54d55f0\" data-element_type=\"widget\" data-widget_type=\"button.default\">\n\t\t\t\t<div class=\"elementor-widget-container\">\n\t\t\t\t\t\t\t\t\t<div class=\"elementor-button-wrapper\">\n\t\t\t\t\t<a class=\"elementor-button elementor-button-link elementor-size-sm\" href=\"https:\/\/delmatra.hu\/sites\/default\/files\/Megval%C3%B3sult%20p%C3%A1ly%C3%A1zatok-%20Falumeg%C3%BAj%C3%ADt%C3%A1s%20%C3%A9s%20fejlezt%C3%A9s.pdf\" target=\"_blank\">\n\t\t\t\t\t\t<span class=\"elementor-button-content-wrapper\">\n\t\t\t\t\t\t\t\t\t<span class=\"elementor-button-text\"> Falumeg\u00faj\u00edt\u00e1s \u00e9s fejleszt\u00e9s<\/span>\n\t\t\t\t\t<\/span>\n\t\t\t\t\t<\/a>\n\t\t\t\t<\/div>\n\t\t\t\t\t\t\t\t<\/div>\n\t\t\t\t<\/div>\n\t\t\t\t<div class=\"elementor-element elementor-element-c710b1d elementor-align-justify elementor-widget__width-initial elementor-widget elementor-widget-button\" data-id=\"c710b1d\" data-element_type=\"widget\" data-widget_type=\"button.default\">\n\t\t\t\t<div class=\"elementor-widget-container\">\n\t\t\t\t\t\t\t\t\t<div class=\"elementor-button-wrapper\">\n\t\t\t\t\t<a class=\"elementor-button elementor-button-link elementor-size-sm\" href=\"https:\/\/delmatra.hu\/sites\/default\/files\/Megval%C3%B3sult%20p%C3%A1ly%C3%A1zatok-%20Vid%C3%A9ki%20%C3%B6r%C3%B6ks%C3%A9g.pdf\" target=\"_blank\">\n\t\t\t\t\t\t<span class=\"elementor-button-content-wrapper\">\n\t\t\t\t\t\t\t\t\t<span class=\"elementor-button-text\">\t Vid\u00e9ki \u00f6r\u00f6ks\u00e9g meg\u0151rz\u00e9se<\/span>\n\t\t\t\t\t<\/span>\n\t\t\t\t\t<\/a>\n\t\t\t\t<\/div>\n\t\t\t\t\t\t\t\t<\/div>\n\t\t\t\t<\/div>\n\t\t\t\t<div class=\"elementor-element elementor-element-73831fc elementor-align-justify elementor-widget__width-initial elementor-widget elementor-widget-button\" data-id=\"73831fc\" data-element_type=\"widget\" data-widget_type=\"button.default\">\n\t\t\t\t<div class=\"elementor-widget-container\">\n\t\t\t\t\t\t\t\t\t<div class=\"elementor-button-wrapper\">\n\t\t\t\t\t<a class=\"elementor-button elementor-button-link elementor-size-sm\" href=\"https:\/\/delmatra.hu\/sites\/default\/files\/Megval%C3%B3sult%20p%C3%A1ly%C3%A1zatok-%20Mikrov%C3%A1llakoz%C3%A1sok%20l%C3%A9trehoz%C3%A1sa%20%C3%A9s%20fejleszt%C3%A9se.pdf\" target=\"_blank\">\n\t\t\t\t\t\t<span class=\"elementor-button-content-wrapper\">\n\t\t\t\t\t\t\t\t\t<span class=\"elementor-button-text\">Mikrov\u00e1llalkoz\u00e1sok l\u00e9trehoz\u00e1sa \u00e9s  fejleszt\u00e9se<\/span>\n\t\t\t\t\t<\/span>\n\t\t\t\t\t<\/a>\n\t\t\t\t<\/div>\n\t\t\t\t\t\t\t\t<\/div>\n\t\t\t\t<\/div>\n\t\t\t\t<div class=\"elementor-element elementor-element-eb7020b elementor-align-justify elementor-widget__width-initial elementor-widget elementor-widget-button\" data-id=\"eb7020b\" data-element_type=\"widget\" data-widget_type=\"button.default\">\n\t\t\t\t<div class=\"elementor-widget-container\">\n\t\t\t\t\t\t\t\t\t<div class=\"elementor-button-wrapper\">\n\t\t\t\t\t<a class=\"elementor-button elementor-button-link elementor-size-sm\" href=\"http:\/\/Turisztikai%20tev\u00e9kenys\u00e9gek%20\u00f6szt\u00f6nz\u00e9se\" target=\"_blank\">\n\t\t\t\t\t\t<span class=\"elementor-button-content-wrapper\">\n\t\t\t\t\t\t\t\t\t<span class=\"elementor-button-text\">Turisztikai tev\u00e9kenys\u00e9gek \u00f6szt\u00f6nz\u00e9se<\/span>\n\t\t\t\t\t<\/span>\n\t\t\t\t\t<\/a>\n\t\t\t\t<\/div>\n\t\t\t\t\t\t\t\t<\/div>\n\t\t\t\t<\/div>\n\t\t\t\t\t<\/div>\n\t\t\t\t<\/div>\n\t\t\t\t<\/div>\n\t\t<div class=\"elementor-element elementor-element-d8e9be3 e-con-full e-flex e-con e-parent\" data-id=\"d8e9be3\" data-element_type=\"container\" data-settings=\"{&quot;background_background&quot;:&quot;classic&quot;}\">\n\t\t\t\t<div class=\"elementor-element elementor-element-615c025 elementor-widget__width-initial elementor-widget elementor-widget-n-accordion\" data-id=\"615c025\" data-element_type=\"widget\" data-settings=\"{&quot;default_state&quot;:&quot;all_collapsed&quot;,&quot;max_items_expended&quot;:&quot;one&quot;,&quot;n_accordion_animation_duration&quot;:{&quot;unit&quot;:&quot;ms&quot;,&quot;size&quot;:400,&quot;sizes&quot;:[]}}\" data-widget_type=\"nested-accordion.default\">\n\t\t\t\t<div class=\"elementor-widget-container\">\n\t\t\t\t\t\t\t<div class=\"e-n-accordion\" aria-label=\"Accordion. Open links with Enter or Space, close with Escape, and navigate with Arrow Keys\">\n\t\t\t\t\t\t<details id=\"e-n-accordion-item-1020\" class=\"e-n-accordion-item\" >\n\t\t\t\t<summary class=\"e-n-accordion-item-title\" data-accordion-index=\"1\" tabindex=\"0\" aria-expanded=\"false\" aria-controls=\"e-n-accordion-item-1020\" >\n\t\t\t\t\t<span class='e-n-accordion-item-title-header'><div class=\"e-n-accordion-item-title-text\"> LEADER <\/div><\/span>\n\t\t\t\t\t\t\t<span class='e-n-accordion-item-title-icon'>\n\t\t\t<span class='e-opened' ><svg aria-hidden=\"true\" class=\"e-font-icon-svg e-fas-minus\" viewBox=\"0 0 448 512\" xmlns=\"http:\/\/www.w3.org\/2000\/svg\"><path d=\"M416 208H32c-17.67 0-32 14.33-32 32v32c0 17.67 14.33 32 32 32h384c17.67 0 32-14.33 32-32v-32c0-17.67-14.33-32-32-32z\"><\/path><\/svg><\/span>\n\t\t\t<span class='e-closed'><svg aria-hidden=\"true\" class=\"e-font-icon-svg e-fas-plus\" viewBox=\"0 0 448 512\" xmlns=\"http:\/\/www.w3.org\/2000\/svg\"><path d=\"M416 208H272V64c0-17.67-14.33-32-32-32h-32c-17.67 0-32 14.33-32 32v144H32c-17.67 0-32 14.33-32 32v32c0 17.67 14.33 32 32 32h144v144c0 17.67 14.33 32 32 32h32c17.67 0 32-14.33 32-32V304h144c17.67 0 32-14.33 32-32v-32c0-17.67-14.33-32-32-32z\"><\/path><\/svg><\/span>\n\t\t<\/span>\n\n\t\t\t\t\t\t<\/summary>\n\t\t\t\t<div role=\"region\" aria-labelledby=\"e-n-accordion-item-1020\" class=\"elementor-element elementor-element-e1f62c1 e-con-full e-flex e-con e-child\" data-id=\"e1f62c1\" data-element_type=\"container\">\n\t\t<div role=\"region\" aria-labelledby=\"e-n-accordion-item-1020\" class=\"elementor-element elementor-element-71df89e e-grid e-con-full e-con e-child\" data-id=\"71df89e\" data-element_type=\"container\">\n\t\t\t\t<div class=\"elementor-element elementor-element-cfbaa0b elementor-widget elementor-widget-image\" data-id=\"cfbaa0b\" data-element_type=\"widget\" data-widget_type=\"image.default\">\n\t\t\t\t<div class=\"elementor-widget-container\">\n\t\t\t\t\t\t\t\t\t\t\t\t\t\t\t<img decoding=\"async\" src=\"https:\/\/delmatra.hu\/2024\/wp-content\/uploads\/elementor\/thumbs\/LEADER-logo-qz8b22heedkaogqs9q2bnek8qymh9rk9xuc5oyw25k.jpg\" title=\"LEADER logo\" alt=\"LEADER logo\" loading=\"lazy\" \/>\t\t\t\t\t\t\t\t\t\t\t\t\t\t\t<\/div>\n\t\t\t\t<\/div>\n\t\t\t\t<div class=\"elementor-element elementor-element-4eff5fe elementor-widget elementor-widget-text-editor\" data-id=\"4eff5fe\" data-element_type=\"widget\" data-widget_type=\"text-editor.default\">\n\t\t\t\t<div class=\"elementor-widget-container\">\n\t\t\t\t\t\t\t\t\t<p><a href=\"https:\/\/delmatra.hu\/sites\/default\/files\/Megval%C3%B3sult%20p%C3%A1ly%C3%A1zatok-%20LEADER%202009.pdf#overlay-context=node\/20\" target=\"_blank\" rel=\"noopener noreferrer\">UMVP IV. tengely LEADER 2009<\/a><\/p>\t\t\t\t\t\t\t\t<\/div>\n\t\t\t\t<\/div>\n\t\t\t\t<div class=\"elementor-element elementor-element-1cbe8b3 elementor-widget elementor-widget-image\" data-id=\"1cbe8b3\" data-element_type=\"widget\" data-widget_type=\"image.default\">\n\t\t\t\t<div class=\"elementor-widget-container\">\n\t\t\t\t\t\t\t\t\t\t\t\t\t\t\t<img decoding=\"async\" src=\"https:\/\/delmatra.hu\/2024\/wp-content\/uploads\/elementor\/thumbs\/LEADER-logo-qz8b22heedkaogqs9q2bnek8qymh9rk9xuc5oyw25k.jpg\" title=\"LEADER logo\" alt=\"LEADER logo\" loading=\"lazy\" \/>\t\t\t\t\t\t\t\t\t\t\t\t\t\t\t<\/div>\n\t\t\t\t<\/div>\n\t\t\t\t<div class=\"elementor-element elementor-element-098fceb elementor-widget elementor-widget-text-editor\" data-id=\"098fceb\" data-element_type=\"widget\" data-widget_type=\"text-editor.default\">\n\t\t\t\t<div class=\"elementor-widget-container\">\n\t\t\t\t\t\t\t\t\t<p><a href=\"https:\/\/delmatra.hu\/sites\/default\/files\/Megval%C3%B3sult%20p%C3%A1ly%C3%A1zatok-%20LEADER%202011.pdf#overlay-context=node\/20\" target=\"_blank\" rel=\"noopener noreferrer\">\u00a0UMVP IV. tengely LEADER 2011<\/a><\/p>\t\t\t\t\t\t\t\t<\/div>\n\t\t\t\t<\/div>\n\t\t\t\t<div class=\"elementor-element elementor-element-6fd4b4f elementor-widget elementor-widget-image\" data-id=\"6fd4b4f\" data-element_type=\"widget\" data-widget_type=\"image.default\">\n\t\t\t\t<div class=\"elementor-widget-container\">\n\t\t\t\t\t\t\t\t\t\t\t\t\t\t\t<img decoding=\"async\" src=\"https:\/\/delmatra.hu\/2024\/wp-content\/uploads\/elementor\/thumbs\/LEADER-logo-qz8b22heedkaogqs9q2bnek8qymh9rk9xuc5oyw25k.jpg\" title=\"LEADER logo\" alt=\"LEADER logo\" loading=\"lazy\" \/>\t\t\t\t\t\t\t\t\t\t\t\t\t\t\t<\/div>\n\t\t\t\t<\/div>\n\t\t\t\t<div class=\"elementor-element elementor-element-47314a4 elementor-widget elementor-widget-text-editor\" data-id=\"47314a4\" data-element_type=\"widget\" data-widget_type=\"text-editor.default\">\n\t\t\t\t<div class=\"elementor-widget-container\">\n\t\t\t\t\t\t\t\t\t<p>UMVP IV. tengely LEADER<\/p>\t\t\t\t\t\t\t\t<\/div>\n\t\t\t\t<\/div>\n\t\t\t\t<\/div>\n\t\t\t\t<\/div>\n\t\t\t\t\t<\/details>\n\t\t\t\t\t<\/div>\n\t\t\t\t\t\t<\/div>\n\t\t\t\t<\/div>\n\t\t\t\t<\/div>\n\t\t<div class=\"elementor-element elementor-element-e1549fd e-con-full e-flex e-con e-parent\" data-id=\"e1549fd\" data-element_type=\"container\" data-settings=\"{&quot;background_background&quot;:&quot;classic&quot;}\">\n\t\t<div class=\"elementor-element elementor-element-c126c44 e-flex e-con-boxed e-con e-child\" data-id=\"c126c44\" data-element_type=\"container\" data-settings=\"{&quot;background_background&quot;:&quot;classic&quot;}\">\n\t\t\t\t\t<div class=\"e-con-inner\">\n\t\t<div class=\"elementor-element elementor-element-4fc77ed e-grid e-con-full e-con e-child\" data-id=\"4fc77ed\" data-element_type=\"container\">\n\t\t\t\t<div class=\"elementor-element elementor-element-f67fd6f elementor-widget elementor-widget-image\" data-id=\"f67fd6f\" data-element_type=\"widget\" data-widget_type=\"image.default\">\n\t\t\t\t<div class=\"elementor-widget-container\">\n\t\t\t\t\t\t\t\t\t\t\t\t\t\t\t\t<a href=\"https:\/\/kap.gov.hu\/\" target=\"_blank\">\n\t\t\t\t\t\t\t<img decoding=\"async\" src=\"https:\/\/delmatra.hu\/2024\/wp-content\/uploads\/elementor\/thumbs\/kap-qz9qrnuckb6lm7qb9fg03cme0o2dgeayocs1p7yfwg.jpg\" title=\"kap\" alt=\"kap\" loading=\"lazy\" \/>\t\t\t\t\t\t\t\t<\/a>\n\t\t\t\t\t\t\t\t\t\t\t\t\t\t\t<\/div>\n\t\t\t\t<\/div>\n\t\t\t\t<div class=\"elementor-element elementor-element-6416e3b elementor-widget elementor-widget-image\" data-id=\"6416e3b\" data-element_type=\"widget\" data-widget_type=\"image.default\">\n\t\t\t\t<div class=\"elementor-widget-container\">\n\t\t\t\t\t\t\t\t\t\t\t\t\t\t\t\t<a href=\"https:\/\/kap.mnvh.eu\/KAP_II\" target=\"_blank\">\n\t\t\t\t\t\t\t<img decoding=\"async\" src=\"https:\/\/delmatra.hu\/2024\/wp-content\/uploads\/elementor\/thumbs\/eu_logo-qz9qych15wc06e0s8bghtnwe3b4c6wu8xfsck21nnk.jpg\" title=\"eu_logo\" alt=\"eu_logo\" loading=\"lazy\" \/>\t\t\t\t\t\t\t\t<\/a>\n\t\t\t\t\t\t\t\t\t\t\t\t\t\t\t<\/div>\n\t\t\t\t<\/div>\n\t\t\t\t<div class=\"elementor-element elementor-element-5a2e459 elementor-widget elementor-widget-image\" data-id=\"5a2e459\" data-element_type=\"widget\" data-widget_type=\"image.default\">\n\t\t\t\t<div class=\"elementor-widget-container\">\n\t\t\t\t\t\t\t\t\t\t\t\t\t\t\t\t<a href=\"https:\/\/delmatra.hu\/images\/Turisztikai_szolgltatk_adatbzisa_2014--2023.pdf\" target=\"_blank\">\n\t\t\t\t\t\t\t<img decoding=\"async\" src=\"https:\/\/delmatra.hu\/2024\/wp-content\/uploads\/elementor\/thumbs\/LEADER-logo-qz8b22hd6isvwbsrnqtkw47wejmewlwoqbn36w5r0g.jpg\" title=\"LEADER logo\" alt=\"LEADER logo\" loading=\"lazy\" \/>\t\t\t\t\t\t\t\t<\/a>\n\t\t\t\t\t\t\t\t\t\t\t\t\t\t\t<\/div>\n\t\t\t\t<\/div>\n\t\t\t\t<div class=\"elementor-element elementor-element-96c4575 elementor-widget elementor-widget-image\" data-id=\"96c4575\" data-element_type=\"widget\" data-widget_type=\"image.default\">\n\t\t\t\t<div class=\"elementor-widget-container\">\n\t\t\t\t\t\t\t\t\t\t\t\t\t\t\t\t<a href=\"https:\/\/magyarkozlony.hu\/\" target=\"_blank\">\n\t\t\t\t\t\t\t<img decoding=\"async\" width=\"168\" height=\"54\" src=\"https:\/\/delmatra.hu\/2024\/wp-content\/uploads\/2024\/12\/mkozlony.png\" class=\"attachment-medium size-medium wp-image-1242\" alt=\"\" \/>\t\t\t\t\t\t\t\t<\/a>\n\t\t\t\t\t\t\t\t\t\t\t\t\t\t\t<\/div>\n\t\t\t\t<\/div>\n\t\t\t\t<div class=\"elementor-element elementor-element-0d414d8 elementor-widget elementor-widget-image\" data-id=\"0d414d8\" data-element_type=\"widget\" data-widget_type=\"image.default\">\n\t\t\t\t<div class=\"elementor-widget-container\">\n\t\t\t\t\t\t\t\t\t\t\t\t\t\t\t\t<a href=\"https:\/\/www.allamkincstar.gov.hu\/\" target=\"_blank\">\n\t\t\t\t\t\t\t<img decoding=\"async\" width=\"275\" height=\"75\" src=\"https:\/\/delmatra.hu\/2024\/wp-content\/uploads\/2024\/12\/allamk.png\" class=\"attachment-medium size-medium wp-image-1251\" alt=\"\" \/>\t\t\t\t\t\t\t\t<\/a>\n\t\t\t\t\t\t\t\t\t\t\t\t\t\t\t<\/div>\n\t\t\t\t<\/div>\n\t\t\t\t<div class=\"elementor-element elementor-element-11bfad1 elementor-widget elementor-widget-image\" data-id=\"11bfad1\" data-element_type=\"widget\" data-widget_type=\"image.default\">\n\t\t\t\t<div class=\"elementor-widget-container\">\n\t\t\t\t\t\t\t\t\t\t\t\t\t\t\t\t<a href=\"https:\/\/portal.nebih.gov.hu\/\" target=\"_blank\">\n\t\t\t\t\t\t\t<img decoding=\"async\" width=\"143\" height=\"61\" src=\"https:\/\/delmatra.hu\/2024\/wp-content\/uploads\/2024\/12\/nebih.jpg\" class=\"attachment-medium size-medium wp-image-1255\" alt=\"\" \/>\t\t\t\t\t\t\t\t<\/a>\n\t\t\t\t\t\t\t\t\t\t\t\t\t\t\t<\/div>\n\t\t\t\t<\/div>\n\t\t\t\t<div class=\"elementor-element elementor-element-b602e35 elementor-widget elementor-widget-image\" data-id=\"b602e35\" data-element_type=\"widget\" data-widget_type=\"image.default\">\n\t\t\t\t<div class=\"elementor-widget-container\">\n\t\t\t\t\t\t\t\t\t\t\t\t\t\t\t\t<a href=\"https:\/\/mnvh.hu\/\" target=\"_blank\">\n\t\t\t\t\t\t\t<img decoding=\"async\" src=\"https:\/\/delmatra.hu\/2024\/wp-content\/uploads\/elementor\/thumbs\/image002-qz9r4dlr0ml8ob9e0fbbbn3vbbe4kzs8rahiez3pq8.jpg\" title=\"image002\" alt=\"image002\" loading=\"lazy\" \/>\t\t\t\t\t\t\t\t<\/a>\n\t\t\t\t\t\t\t\t\t\t\t\t\t\t\t<\/div>\n\t\t\t\t<\/div>\n\t\t\t\t<div class=\"elementor-element elementor-element-c4a3dac elementor-widget elementor-widget-image\" data-id=\"c4a3dac\" data-element_type=\"widget\" data-widget_type=\"image.default\">\n\t\t\t\t<div class=\"elementor-widget-container\">\n\t\t\t\t\t\t\t\t\t\t\t\t\t\t\t\t<a href=\"http:\/\/europa.eu\/index_hu.htm\" target=\"_blank\">\n\t\t\t\t\t\t\t<img decoding=\"async\" src=\"https:\/\/delmatra.hu\/2024\/wp-content\/uploads\/elementor\/thumbs\/image009-qz9r5w4e10nvdp2762voc9clrnxezfsoasbo90uvpc.jpg\" title=\"image009\" alt=\"image009\" loading=\"lazy\" \/>\t\t\t\t\t\t\t\t<\/a>\n\t\t\t\t\t\t\t\t\t\t\t\t\t\t\t<\/div>\n\t\t\t\t<\/div>\n\t\t\t\t<div class=\"elementor-element elementor-element-8ce98df elementor-widget elementor-widget-image\" data-id=\"8ce98df\" data-element_type=\"widget\" data-widget_type=\"image.default\">\n\t\t\t\t<div class=\"elementor-widget-container\">\n\t\t\t\t\t\t\t\t\t\t\t\t\t\t\t\t<a href=\"https:\/\/kormany.hu\/agrarminiszterium\" target=\"_blank\">\n\t\t\t\t\t\t\t<img decoding=\"async\" src=\"https:\/\/delmatra.hu\/2024\/wp-content\/uploads\/elementor\/thumbs\/agrarmin-qz9r6q783pt1p7uiafvqk1rcrzt5tr432x77lvma68.jpg\" title=\"agrarmin\" alt=\"agrarmin\" loading=\"lazy\" \/>\t\t\t\t\t\t\t\t<\/a>\n\t\t\t\t\t\t\t\t\t\t\t\t\t\t\t<\/div>\n\t\t\t\t<\/div>\n\t\t\t\t<div class=\"elementor-element elementor-element-a118c7d elementor-widget elementor-widget-image\" data-id=\"a118c7d\" data-element_type=\"widget\" data-widget_type=\"image.default\">\n\t\t\t\t<div class=\"elementor-widget-container\">\n\t\t\t\t\t\t\t\t\t\t\t\t\t\t\t\t<a href=\"https:\/\/magyarmezogazdasag.hu\/\" target=\"_blank\">\n\t\t\t\t\t\t\t<img decoding=\"async\" src=\"https:\/\/delmatra.hu\/2024\/wp-content\/uploads\/elementor\/thumbs\/30mg-qz9spdjffym2lqzzbcjebc540ork32o1qpiwnfaark.png\" title=\"30mg\" alt=\"30mg\" loading=\"lazy\" \/>\t\t\t\t\t\t\t\t<\/a>\n\t\t\t\t\t\t\t\t\t\t\t\t\t\t\t<\/div>\n\t\t\t\t<\/div>\n\t\t\t\t<div class=\"elementor-element elementor-element-0449825 elementor-widget elementor-widget-image\" data-id=\"0449825\" data-element_type=\"widget\" data-widget_type=\"image.default\">\n\t\t\t\t<div class=\"elementor-widget-container\">\n\t\t\t\t\t\t\t\t\t\t\t\t\t\t\t\t<a href=\"http:\/\/www.foldhivatal.hu\/\" target=\"_blank\">\n\t\t\t\t\t\t\t<img loading=\"lazy\" decoding=\"async\" width=\"172\" height=\"61\" src=\"https:\/\/delmatra.hu\/2024\/wp-content\/uploads\/2024\/12\/foldugy.png\" class=\"attachment-medium size-medium wp-image-1277\" alt=\"\" \/>\t\t\t\t\t\t\t\t<\/a>\n\t\t\t\t\t\t\t\t\t\t\t\t\t\t\t<\/div>\n\t\t\t\t<\/div>\n\t\t\t\t<div class=\"elementor-element elementor-element-3c37473 elementor-widget elementor-widget-image\" data-id=\"3c37473\" data-element_type=\"widget\" data-widget_type=\"image.default\">\n\t\t\t\t<div class=\"elementor-widget-container\">\n\t\t\t\t\t\t\t\t\t\t\t\t\t\t\t\t<a href=\"https:\/\/vali.hu\/\" target=\"_blank\">\n\t\t\t\t\t\t\t<img decoding=\"async\" src=\"https:\/\/delmatra.hu\/2024\/wp-content\/uploads\/elementor\/thumbs\/vali-qz9srs0kwpwkd6z85lnke5hiqwm60ell9an57h12io.jpg\" title=\"vali\" alt=\"vali\" loading=\"lazy\" \/>\t\t\t\t\t\t\t\t<\/a>\n\t\t\t\t\t\t\t\t\t\t\t\t\t\t\t<\/div>\n\t\t\t\t<\/div>\n\t\t\t\t<\/div>\n\t\t<div class=\"elementor-element elementor-element-83a6ab7 e-grid e-con-full e-con e-child\" data-id=\"83a6ab7\" data-element_type=\"container\">\n\t\t\t\t<div class=\"elementor-element elementor-element-69bd2fa elementor-widget elementor-widget-image\" data-id=\"69bd2fa\" data-element_type=\"widget\" data-widget_type=\"image.default\">\n\t\t\t\t<div class=\"elementor-widget-container\">\n\t\t\t\t\t\t\t\t\t\t\t\t\t\t\t\t<a href=\"https:\/\/www.aki.gov.hu\/\" target=\"_blank\">\n\t\t\t\t\t\t\t<img decoding=\"async\" src=\"https:\/\/delmatra.hu\/2024\/wp-content\/uploads\/elementor\/thumbs\/aki-qz9r9jpslto0j3r1tnrg1c54xlwsx2b3gvnnfrfri8.jpg\" title=\"aki\" alt=\"aki\" loading=\"lazy\" \/>\t\t\t\t\t\t\t\t<\/a>\n\t\t\t\t\t\t\t\t\t\t\t\t\t\t\t<\/div>\n\t\t\t\t<\/div>\n\t\t\t\t<div class=\"elementor-element elementor-element-6a93890 elementor-widget elementor-widget-image\" data-id=\"6a93890\" data-element_type=\"widget\" data-widget_type=\"image.default\">\n\t\t\t\t<div class=\"elementor-widget-container\">\n\t\t\t\t\t\t\t\t\t\t\t\t\t\t\t\t<a href=\"https:\/\/nak.hu\/kap-2023-2027\" target=\"_blank\">\n\t\t\t\t\t\t\t<img decoding=\"async\" src=\"https:\/\/delmatra.hu\/2024\/wp-content\/uploads\/elementor\/thumbs\/nakamara-qz9raaz440pbvsngehjmjn9i5s6g4abb8mkqcsbchs.jpg\" title=\"nakamara\" alt=\"nakamara\" loading=\"lazy\" \/>\t\t\t\t\t\t\t\t<\/a>\n\t\t\t\t\t\t\t\t\t\t\t\t\t\t\t<\/div>\n\t\t\t\t<\/div>\n\t\t\t\t<\/div>\n\t\t\t\t\t<\/div>\n\t\t\t\t<\/div>\n\t\t\t\t<\/div>\n\t\t\t\t<\/div>\n\t\t","protected":false},"excerpt":{"rendered":"<p>NYERTES P\u00c1LY\u00c1ZATOK<\/p>\n","protected":false},"author":1,"featured_media":0,"parent":0,"menu_order":0,"comment_status":"closed","ping_status":"closed","template":"","meta":{"footnotes":""},"class_list":["post-936","page","type-page","status-publish","hentry"],"rttpg_featured_image_url":null,"rttpg_author":{"display_name":"d@lmatra","author_link":"https:\/\/delmatra.hu\/2024\/author\/dlmatra\/"},"rttpg_comment":0,"rttpg_category":null,"rttpg_excerpt":"NYERTES P\u00c1LY\u00c1ZATOK","_links":{"self":[{"href":"https:\/\/delmatra.hu\/2024\/wp-json\/wp\/v2\/pages\/936","targetHints":{"allow":["GET"]}}],"collection":[{"href":"https:\/\/delmatra.hu\/2024\/wp-json\/wp\/v2\/pages"}],"about":[{"href":"https:\/\/delmatra.hu\/2024\/wp-json\/wp\/v2\/types\/page"}],"author":[{"embeddable":true,"href":"https:\/\/delmatra.hu\/2024\/wp-json\/wp\/v2\/users\/1"}],"replies":[{"embeddable":true,"href":"https:\/\/delmatra.hu\/2024\/wp-json\/wp\/v2\/comments?post=936"}],"version-history":[{"count":100,"href":"https:\/\/delmatra.hu\/2024\/wp-json\/wp\/v2\/pages\/936\/revisions"}],"predecessor-version":[{"id":1631,"href":"https:\/\/delmatra.hu\/2024\/wp-json\/wp\/v2\/pages\/936\/revisions\/1631"}],"wp:attachment":[{"href":"https:\/\/delmatra.hu\/2024\/wp-json\/wp\/v2\/media?parent=936"}],"curies":[{"name":"wp","href":"https:\/\/api.w.org\/{rel}","templated":true}]}}