{"id":930,"date":"2024-12-29T17:37:12","date_gmt":"2024-12-29T16:37:12","guid":{"rendered":"https:\/\/delmatra.hu\/2024\/?page_id=930"},"modified":"2024-12-29T17:37:48","modified_gmt":"2024-12-29T16:37:48","slug":"leader","status":"publish","type":"page","link":"https:\/\/delmatra.hu\/2024\/leader\/","title":{"rendered":"LEADER"},"content":{"rendered":"\t\t<div data-elementor-type=\"wp-page\" data-elementor-id=\"930\" class=\"elementor elementor-930\">\n\t\t\t\t<div class=\"elementor-element elementor-element-3a94922 e-grid e-con-full e-con e-parent\" data-id=\"3a94922\" data-element_type=\"container\" data-settings=\"{&quot;background_background&quot;:&quot;classic&quot;}\">\n\t\t<div class=\"elementor-element elementor-element-1c92f18 e-grid elementor-hidden-desktop elementor-hidden-tablet elementor-hidden-mobile elementor-hidden-tablet_extra elementor-hidden-mobile_extra e-con-boxed e-con e-child\" data-id=\"1c92f18\" data-element_type=\"container\" data-settings=\"{&quot;background_background&quot;:&quot;classic&quot;}\">\n\t\t\t\t\t<div class=\"e-con-inner\">\n\t\t\t\t<div class=\"elementor-element elementor-element-f2b139a elementor-align-justify elementor-widget__width-initial elementor-widget elementor-widget-button\" data-id=\"f2b139a\" data-element_type=\"widget\" data-widget_type=\"button.default\">\n\t\t\t\t<div class=\"elementor-widget-container\">\n\t\t\t\t\t\t\t\t\t<div class=\"elementor-button-wrapper\">\n\t\t\t\t\t<a class=\"elementor-button elementor-button-link elementor-size-sm\" href=\"#\">\n\t\t\t\t\t\t<span class=\"elementor-button-content-wrapper\">\n\t\t\t\t\t\t\t\t\t<span class=\"elementor-button-text\">HFS HELYI LEADER FELH\u00cdV\u00c1SOK<\/span>\n\t\t\t\t\t<\/span>\n\t\t\t\t\t<\/a>\n\t\t\t\t<\/div>\n\t\t\t\t\t\t\t\t<\/div>\n\t\t\t\t<\/div>\n\t\t\t\t<div class=\"elementor-element elementor-element-3ffcf7a elementor-align-justify elementor-widget__width-initial elementor-widget elementor-widget-button\" data-id=\"3ffcf7a\" data-element_type=\"widget\" data-widget_type=\"button.default\">\n\t\t\t\t<div class=\"elementor-widget-container\">\n\t\t\t\t\t\t\t\t\t<div class=\"elementor-button-wrapper\">\n\t\t\t\t\t<a class=\"elementor-button elementor-button-link elementor-size-sm\" href=\"#\">\n\t\t\t\t\t\t<span class=\"elementor-button-content-wrapper\">\n\t\t\t\t\t\t\t\t\t<span class=\"elementor-button-text\">TELEP\u00dcL\u00c9SEINK<\/span>\n\t\t\t\t\t<\/span>\n\t\t\t\t\t<\/a>\n\t\t\t\t<\/div>\n\t\t\t\t\t\t\t\t<\/div>\n\t\t\t\t<\/div>\n\t\t\t\t<div class=\"elementor-element elementor-element-4ad59f0 elementor-align-justify elementor-widget__width-initial elementor-widget elementor-widget-button\" data-id=\"4ad59f0\" data-element_type=\"widget\" data-widget_type=\"button.default\">\n\t\t\t\t<div class=\"elementor-widget-container\">\n\t\t\t\t\t\t\t\t\t<div class=\"elementor-button-wrapper\">\n\t\t\t\t\t<a class=\"elementor-button elementor-button-link elementor-size-sm\" href=\"#\">\n\t\t\t\t\t\t<span class=\"elementor-button-content-wrapper\">\n\t\t\t\t\t\t\t\t\t<span class=\"elementor-button-text\">EREDM\u00c9NYEINK<\/span>\n\t\t\t\t\t<\/span>\n\t\t\t\t\t<\/a>\n\t\t\t\t<\/div>\n\t\t\t\t\t\t\t\t<\/div>\n\t\t\t\t<\/div>\n\t\t\t\t<div class=\"elementor-element elementor-element-4229946 elementor-align-justify elementor-widget__width-initial elementor-widget elementor-widget-button\" data-id=\"4229946\" data-element_type=\"widget\" data-widget_type=\"button.default\">\n\t\t\t\t<div class=\"elementor-widget-container\">\n\t\t\t\t\t\t\t\t\t<div class=\"elementor-button-wrapper\">\n\t\t\t\t\t<a class=\"elementor-button elementor-button-link elementor-size-sm\" href=\"#\">\n\t\t\t\t\t\t<span class=\"elementor-button-content-wrapper\">\n\t\t\t\t\t\t\t\t\t<span class=\"elementor-button-text\">M\u0170K\u00d6D\u00c9SI K\u00d6LTS\u00c9GEK<\/span>\n\t\t\t\t\t<\/span>\n\t\t\t\t\t<\/a>\n\t\t\t\t<\/div>\n\t\t\t\t\t\t\t\t<\/div>\n\t\t\t\t<\/div>\n\t\t\t\t<div class=\"elementor-element elementor-element-ca6e0f8 elementor-align-justify elementor-widget__width-initial elementor-widget elementor-widget-button\" data-id=\"ca6e0f8\" data-element_type=\"widget\" data-widget_type=\"button.default\">\n\t\t\t\t<div class=\"elementor-widget-container\">\n\t\t\t\t\t\t\t\t\t<div class=\"elementor-button-wrapper\">\n\t\t\t\t\t<a class=\"elementor-button elementor-button-link elementor-size-sm\" href=\"#\">\n\t\t\t\t\t\t<span class=\"elementor-button-content-wrapper\">\n\t\t\t\t\t\t\t\t\t<span class=\"elementor-button-text\">DOKUMENTUMT\u00c1R<\/span>\n\t\t\t\t\t<\/span>\n\t\t\t\t\t<\/a>\n\t\t\t\t<\/div>\n\t\t\t\t\t\t\t\t<\/div>\n\t\t\t\t<\/div>\n\t\t\t\t<div class=\"elementor-element elementor-element-a006a65 elementor-widget elementor-widget-text-editor\" data-id=\"a006a65\" data-element_type=\"widget\" data-widget_type=\"text-editor.default\">\n\t\t\t\t<div class=\"elementor-widget-container\">\n\t\t\t\t\t\t\t\t\t<p><span style=\"color: #ffffff;\"><em><strong>IRODA NYITVATART\u00c1SA:<\/strong><\/em><\/span><\/p><p><span style=\"color: #ffffff;\">H\u00e9tf\u0151: 7.30 \u2013 16.00<\/span><br \/><span style=\"color: #ffffff;\">Kedd: 7.30 \u2013 16.00<\/span><br \/><span style=\"color: #ffffff;\">Szerda: 7.30 \u2013 16.00<\/span><br \/><span style=\"color: #ffffff;\">Cs\u00fct\u00f6rt\u00f6k: 7.30 \u2013 16.00<\/span><br \/><span style=\"color: #ffffff;\">P\u00e9ntek: 7.30 \u2013 14.00<\/span><\/p><p><span style=\"color: #ffffff;\"><em><strong>Fax sz\u00e1m: 37\/770-005<\/strong><\/em><\/span><\/p><div><p><span style=\"color: #ffffff;\"><em><strong>\u00a0<\/strong><\/em><\/span><\/p><\/div>\t\t\t\t\t\t\t\t<\/div>\n\t\t\t\t<\/div>\n\t\t\t\t\t<\/div>\n\t\t\t\t<\/div>\n\t\t<div class=\"elementor-element elementor-element-c696435 e-flex e-con-boxed e-con e-child\" data-id=\"c696435\" data-element_type=\"container\" data-settings=\"{&quot;background_background&quot;:&quot;classic&quot;}\">\n\t\t\t\t\t<div class=\"e-con-inner\">\n\t\t\t\t<div class=\"elementor-element elementor-element-6008a40 elementor-widget elementor-widget-text-editor\" data-id=\"6008a40\" data-element_type=\"widget\" data-widget_type=\"text-editor.default\">\n\t\t\t\t<div class=\"elementor-widget-container\">\n\t\t\t\t\t\t\t\t\t<h2>LEADER<\/h2><div>\u00a0<\/div><div><table border=\"0\" cellspacing=\"1\" cellpadding=\"1\"><tbody><tr><td><a href=\"http:\/\/delmatra.hu\/node\/5\"><img decoding=\"async\" src=\"https:\/\/delmatra.hu\/images\/delmatralogo.png\" alt=\"\" \/><\/a><\/td><td><p><a href=\"http:\/\/delmatra.hu\/node\/5\">UMVP IV. tengely LEADER 2013<\/a><\/p><p><a href=\"https:\/\/delmatra.hu\/sites\/default\/files\/Leader%20besz%C3%A1mol%C3%B3%202014-%20formanyomtatv%C3%A1ny_0.doc\" target=\"_blank\" rel=\"noopener noreferrer\">Besz\u00e1mol\u00f3 formanyomtatv\u00e1ny<\/a><\/p><p><a href=\"https:\/\/delmatra.hu\/leader2013\">Besz\u00e1mol\u00f3k a megval\u00f3sult projektekr\u0151l (2013)<\/a><\/p><p><a href=\"https:\/\/delmatra.hu\/tanulmanyok\/\">Tanulm\u00e1nyok (2013)<\/a><\/p><p><a href=\"https:\/\/delmatra.hu\/adatbazisok\">Adatb\u00e1zisok<\/a><\/p><p>\u00a0<\/p><\/td><\/tr><tr><td><a href=\"http:\/\/delmatra.hu\/node\/5\"><img decoding=\"async\" src=\"https:\/\/delmatra.hu\/images\/delmatralogo.png\" alt=\"\" \/><\/a><\/td><td><p><a href=\"https:\/\/delmatra.hu\/hvs2011\">\u00a0UMVP IV. tengely LEADER 2011<\/a><\/p><\/td><\/tr><tr><td><a href=\"http:\/\/delmatra.hu\/node\/5\"><img decoding=\"async\" src=\"https:\/\/delmatra.hu\/images\/delmatralogo.png\" alt=\"\" \/><\/a><\/td><td><p><a href=\"https:\/\/delmatra.hu\/uj\/leader2009\">UMVP IV. tengely LEADER 2009<\/a><\/p><\/td><\/tr><\/tbody><\/table><\/div>\t\t\t\t\t\t\t\t<\/div>\n\t\t\t\t<\/div>\n\t\t\t\t\t<\/div>\n\t\t\t\t<\/div>\n\t\t\t\t<\/div>\n\t\t\t\t<\/div>\n\t\t","protected":false},"excerpt":{"rendered":"<p>HFS HELYI LEADER FELH\u00cdV\u00c1SOK TELEP\u00dcL\u00c9SEINK EREDM\u00c9NYEINK M\u0170K\u00d6D\u00c9SI K\u00d6LTS\u00c9GEK DOKUMENTUMT\u00c1R IRODA NYITVATART\u00c1SA: H\u00e9tf\u0151: 7.30 \u2013 16.00Kedd: 7.30 \u2013 16.00Szerda: 7.30 \u2013 16.00Cs\u00fct\u00f6rt\u00f6k: 7.30 \u2013 16.00P\u00e9ntek: 7.30 \u2013 14.00 Fax sz\u00e1m: 37\/770-005 \u00a0 LEADER \u00a0 UMVP IV. tengely LEADER 2013 Besz\u00e1mol\u00f3 formanyomtatv\u00e1ny Besz\u00e1mol\u00f3k a megval\u00f3sult projektekr\u0151l (2013) Tanulm\u00e1nyok (2013) Adatb\u00e1zisok \u00a0 \u00a0UMVP IV. tengely LEADER 2011 UMVP [&hellip;]<\/p>\n","protected":false},"author":1,"featured_media":0,"parent":0,"menu_order":0,"comment_status":"closed","ping_status":"closed","template":"","meta":{"footnotes":""},"class_list":["post-930","page","type-page","status-publish","hentry"],"rttpg_featured_image_url":null,"rttpg_author":{"display_name":"d@lmatra","author_link":"https:\/\/delmatra.hu\/2024\/author\/dlmatra\/"},"rttpg_comment":0,"rttpg_category":null,"rttpg_excerpt":"HFS HELYI LEADER FELH\u00cdV\u00c1SOK TELEP\u00dcL\u00c9SEINK EREDM\u00c9NYEINK M\u0170K\u00d6D\u00c9SI K\u00d6LTS\u00c9GEK DOKUMENTUMT\u00c1R IRODA NYITVATART\u00c1SA: H\u00e9tf\u0151: 7.30 \u2013 16.00Kedd: 7.30 \u2013 16.00Szerda: 7.30 \u2013 16.00Cs\u00fct\u00f6rt\u00f6k: 7.30 \u2013 16.00P\u00e9ntek: 7.30 \u2013 14.00 Fax sz\u00e1m: 37\/770-005 \u00a0 LEADER \u00a0 UMVP IV. tengely LEADER 2013 Besz\u00e1mol\u00f3 formanyomtatv\u00e1ny Besz\u00e1mol\u00f3k a megval\u00f3sult projektekr\u0151l (2013) Tanulm\u00e1nyok (2013) Adatb\u00e1zisok \u00a0 \u00a0UMVP IV. tengely LEADER 2011 UMVP&hellip;","_links":{"self":[{"href":"https:\/\/delmatra.hu\/2024\/wp-json\/wp\/v2\/pages\/930","targetHints":{"allow":["GET"]}}],"collection":[{"href":"https:\/\/delmatra.hu\/2024\/wp-json\/wp\/v2\/pages"}],"about":[{"href":"https:\/\/delmatra.hu\/2024\/wp-json\/wp\/v2\/types\/page"}],"author":[{"embeddable":true,"href":"https:\/\/delmatra.hu\/2024\/wp-json\/wp\/v2\/users\/1"}],"replies":[{"embeddable":true,"href":"https:\/\/delmatra.hu\/2024\/wp-json\/wp\/v2\/comments?post=930"}],"version-history":[{"count":4,"href":"https:\/\/delmatra.hu\/2024\/wp-json\/wp\/v2\/pages\/930\/revisions"}],"predecessor-version":[{"id":934,"href":"https:\/\/delmatra.hu\/2024\/wp-json\/wp\/v2\/pages\/930\/revisions\/934"}],"wp:attachment":[{"href":"https:\/\/delmatra.hu\/2024\/wp-json\/wp\/v2\/media?parent=930"}],"curies":[{"name":"wp","href":"https:\/\/api.w.org\/{rel}","templated":true}]}}