{"id":924,"date":"2024-12-29T17:22:56","date_gmt":"2024-12-29T16:22:56","guid":{"rendered":"https:\/\/delmatra.hu\/2024\/?page_id=924"},"modified":"2024-12-29T17:34:33","modified_gmt":"2024-12-29T16:34:33","slug":"umvp-iii-tengely","status":"publish","type":"page","link":"https:\/\/delmatra.hu\/2024\/umvp-iii-tengely\/","title":{"rendered":"UMVP III.TENGELY"},"content":{"rendered":"\t\t<div data-elementor-type=\"wp-page\" data-elementor-id=\"924\" class=\"elementor elementor-924\">\n\t\t\t\t<div class=\"elementor-element elementor-element-c160931 e-grid e-con-full e-con e-parent\" data-id=\"c160931\" data-element_type=\"container\" data-settings=\"{&quot;background_background&quot;:&quot;classic&quot;}\">\n\t\t<div class=\"elementor-element elementor-element-762557d e-grid elementor-hidden-desktop elementor-hidden-tablet elementor-hidden-mobile elementor-hidden-tablet_extra elementor-hidden-mobile_extra e-con-boxed e-con e-child\" data-id=\"762557d\" data-element_type=\"container\" data-settings=\"{&quot;background_background&quot;:&quot;classic&quot;}\">\n\t\t\t\t\t<div class=\"e-con-inner\">\n\t\t\t\t<div class=\"elementor-element elementor-element-d37042c elementor-align-justify elementor-widget__width-initial elementor-widget elementor-widget-button\" data-id=\"d37042c\" data-element_type=\"widget\" data-widget_type=\"button.default\">\n\t\t\t\t<div class=\"elementor-widget-container\">\n\t\t\t\t\t\t\t\t\t<div class=\"elementor-button-wrapper\">\n\t\t\t\t\t<a class=\"elementor-button elementor-button-link elementor-size-sm\" href=\"#\">\n\t\t\t\t\t\t<span class=\"elementor-button-content-wrapper\">\n\t\t\t\t\t\t\t\t\t<span class=\"elementor-button-text\">HFS HELYI LEADER FELH\u00cdV\u00c1SOK<\/span>\n\t\t\t\t\t<\/span>\n\t\t\t\t\t<\/a>\n\t\t\t\t<\/div>\n\t\t\t\t\t\t\t\t<\/div>\n\t\t\t\t<\/div>\n\t\t\t\t<div class=\"elementor-element elementor-element-0c18cf5 elementor-align-justify elementor-widget__width-initial elementor-widget elementor-widget-button\" data-id=\"0c18cf5\" data-element_type=\"widget\" data-widget_type=\"button.default\">\n\t\t\t\t<div class=\"elementor-widget-container\">\n\t\t\t\t\t\t\t\t\t<div class=\"elementor-button-wrapper\">\n\t\t\t\t\t<a class=\"elementor-button elementor-button-link elementor-size-sm\" href=\"#\">\n\t\t\t\t\t\t<span class=\"elementor-button-content-wrapper\">\n\t\t\t\t\t\t\t\t\t<span class=\"elementor-button-text\">TELEP\u00dcL\u00c9SEINK<\/span>\n\t\t\t\t\t<\/span>\n\t\t\t\t\t<\/a>\n\t\t\t\t<\/div>\n\t\t\t\t\t\t\t\t<\/div>\n\t\t\t\t<\/div>\n\t\t\t\t<div class=\"elementor-element elementor-element-391fe5c elementor-align-justify elementor-widget__width-initial elementor-widget elementor-widget-button\" data-id=\"391fe5c\" data-element_type=\"widget\" data-widget_type=\"button.default\">\n\t\t\t\t<div class=\"elementor-widget-container\">\n\t\t\t\t\t\t\t\t\t<div class=\"elementor-button-wrapper\">\n\t\t\t\t\t<a class=\"elementor-button elementor-button-link elementor-size-sm\" href=\"#\">\n\t\t\t\t\t\t<span class=\"elementor-button-content-wrapper\">\n\t\t\t\t\t\t\t\t\t<span class=\"elementor-button-text\">EREDM\u00c9NYEINK<\/span>\n\t\t\t\t\t<\/span>\n\t\t\t\t\t<\/a>\n\t\t\t\t<\/div>\n\t\t\t\t\t\t\t\t<\/div>\n\t\t\t\t<\/div>\n\t\t\t\t<div class=\"elementor-element elementor-element-89c8477 elementor-align-justify elementor-widget__width-initial elementor-widget elementor-widget-button\" data-id=\"89c8477\" data-element_type=\"widget\" data-widget_type=\"button.default\">\n\t\t\t\t<div class=\"elementor-widget-container\">\n\t\t\t\t\t\t\t\t\t<div class=\"elementor-button-wrapper\">\n\t\t\t\t\t<a class=\"elementor-button elementor-button-link elementor-size-sm\" href=\"#\">\n\t\t\t\t\t\t<span class=\"elementor-button-content-wrapper\">\n\t\t\t\t\t\t\t\t\t<span class=\"elementor-button-text\">M\u0170K\u00d6D\u00c9SI K\u00d6LTS\u00c9GEK<\/span>\n\t\t\t\t\t<\/span>\n\t\t\t\t\t<\/a>\n\t\t\t\t<\/div>\n\t\t\t\t\t\t\t\t<\/div>\n\t\t\t\t<\/div>\n\t\t\t\t<div class=\"elementor-element elementor-element-636efda elementor-align-justify elementor-widget__width-initial elementor-widget elementor-widget-button\" data-id=\"636efda\" data-element_type=\"widget\" data-widget_type=\"button.default\">\n\t\t\t\t<div class=\"elementor-widget-container\">\n\t\t\t\t\t\t\t\t\t<div class=\"elementor-button-wrapper\">\n\t\t\t\t\t<a class=\"elementor-button elementor-button-link elementor-size-sm\" href=\"#\">\n\t\t\t\t\t\t<span class=\"elementor-button-content-wrapper\">\n\t\t\t\t\t\t\t\t\t<span class=\"elementor-button-text\">DOKUMENTUMT\u00c1R<\/span>\n\t\t\t\t\t<\/span>\n\t\t\t\t\t<\/a>\n\t\t\t\t<\/div>\n\t\t\t\t\t\t\t\t<\/div>\n\t\t\t\t<\/div>\n\t\t\t\t<div class=\"elementor-element elementor-element-48b7c54 elementor-widget elementor-widget-text-editor\" data-id=\"48b7c54\" data-element_type=\"widget\" data-widget_type=\"text-editor.default\">\n\t\t\t\t<div class=\"elementor-widget-container\">\n\t\t\t\t\t\t\t\t\t<p><span style=\"color: #ffffff;\"><em><strong>IRODA NYITVATART\u00c1SA:<\/strong><\/em><\/span><\/p><p><span style=\"color: #ffffff;\">H\u00e9tf\u0151: 7.30 \u2013 16.00<\/span><br \/><span style=\"color: #ffffff;\">Kedd: 7.30 \u2013 16.00<\/span><br \/><span style=\"color: #ffffff;\">Szerda: 7.30 \u2013 16.00<\/span><br \/><span style=\"color: #ffffff;\">Cs\u00fct\u00f6rt\u00f6k: 7.30 \u2013 16.00<\/span><br \/><span style=\"color: #ffffff;\">P\u00e9ntek: 7.30 \u2013 14.00<\/span><\/p><p><span style=\"color: #ffffff;\"><em><strong>Fax sz\u00e1m: 37\/770-005<\/strong><\/em><\/span><\/p><div><p><span style=\"color: #ffffff;\"><em><strong>\u00a0<\/strong><\/em><\/span><\/p><\/div>\t\t\t\t\t\t\t\t<\/div>\n\t\t\t\t<\/div>\n\t\t\t\t\t<\/div>\n\t\t\t\t<\/div>\n\t\t<div class=\"elementor-element elementor-element-897d9f4 e-flex e-con-boxed e-con e-child\" data-id=\"897d9f4\" data-element_type=\"container\" data-settings=\"{&quot;background_background&quot;:&quot;classic&quot;}\">\n\t\t\t\t\t<div class=\"e-con-inner\">\n\t\t\t\t<div class=\"elementor-element elementor-element-d74cc02 elementor-widget elementor-widget-text-editor\" data-id=\"d74cc02\" data-element_type=\"widget\" data-widget_type=\"text-editor.default\">\n\t\t\t\t<div class=\"elementor-widget-container\">\n\t\t\t\t\t\t\t\t\t<h2>UMVP III.tengely (vid\u00e9kfejleszt\u00e9s)<\/h2><p>\u00a0<\/p><div><b><strong><u>Vid\u00e9ki \u00f6r\u00f6ks\u00e9g meg\u0151rz\u00e9s\u00e9hez ig\u00e9nybe vehet\u0151 t\u00e1mogat\u00e1s<\/u><\/strong><\/b><br \/>\u00a0<br \/><a href=\"https:\/\/delmatra.hu\/sites\/default\/files\/videk.pdf\" target=\"_blank\" rel=\"noopener noreferrer\"><strong><u><b>103<\/b><b>\/2012. (<\/b><b>X<\/b><b>.\u00a0<\/b><b>1<\/b><b>.) VM rendelet<\/b><\/u><\/strong><b><u>\u00a0az EMVA vid\u00e9ki \u00f6r\u00f6ks\u00e9g meg\u0151rz\u00e9s\u00e9hez<\/u><\/b><br \/>az Eur\u00f3pai Mez\u0151gazdas\u00e1gi Vid\u00e9kfejleszt\u00e9si Alapb\u00f3l a vid\u00e9ki \u00f6r\u00f6ks\u00e9g meg\u0151rz\u00e9s\u00e9hez a\u00a0 LEADER Helyi Akci\u00f3csoportok k\u00f6zrem\u0171k\u00f6d\u00e9s\u00e9vel 2012-t\u0151l ig\u00e9nybe vehet\u0151 t\u00e1mogat\u00e1sok r\u00e9szletes felt\u00e9teleir\u0151l.&gt;&gt;&gt;&gt;&gt;&gt;&gt;<\/a><\/div><div>\u00a0<\/div><div><strong><a href=\"http:\/\/mvh.gov.hu\/portal\/MVHPortal\/default\/mainmenu\/kozlemenyek\/mvhk1552012\" target=\"_blank\" rel=\"noopener noreferrer\">155\/2012. (X. 5.) sz\u00e1m\u00fa MVH K\u00f6zlem\u00e9ny &gt;&gt;<\/a><\/strong><\/div><div>\u00a0<\/div><div>\u00a0<\/div><hr \/><div>\u00a0<\/div><p>\u00a0<\/p><p><strong>Bead\u00e1si id\u0151szak 2012. okt\u00f3ber 15.-t\u0151l november 15.-ig!<\/strong><\/p><div>\u00a0<\/div><div><b><u>Falumeg\u00faj\u00edt\u00e1sra- \u00e9s fejleszt\u00e9sre ig\u00e9nybe vehet\u0151 t\u00e1mogat\u00e1s<\/u><\/b><\/div><p><a href=\"https:\/\/delmatra.hu\/sites\/default\/files\/faluf%202_0.pdf\" target=\"_blank\" rel=\"noopener noreferrer\"><b><u>102\/2012. (X. 1.) VM rendelet az EMVA falumeg\u00faj\u00edt\u00e1sra \u00e9s- fejleszt\u00e9sre<\/u><\/b>\u00a0 \u00a0 \u00a0 az Eur\u00f3pai Mez\u0151gazdas\u00e1gi Vid\u00e9kfejleszt\u00e9si Alapb\u00f3l a falumeg\u00faj\u00edt\u00e1sra \u00e9s- fejleszt\u00e9sre a\u00a0 LEADER Helyi Akci\u00f3csoportok k\u00f6zrem\u0171k\u00f6d\u00e9s\u00e9vel 2012-t\u0151l ig\u00e9nybe vehet\u0151 t\u00e1mogat\u00e1sok r\u00e9szletes felt\u00e9teleir\u0151l.&gt;&gt;&gt;&gt;&gt;&gt;&gt;\u00a0<\/a><\/p><p>\u00a0<strong><a href=\"http:\/\/mvh.gov.hu\/portal\/MVHPortal\/default\/mainmenu\/kozlemenyek\/mvhk1562012\" target=\"_blank\" rel=\"noopener noreferrer\">156\/2012. (X. 5.) sz\u00e1m\u00fa MVH K\u00f6zlem\u00e9ny &gt;&gt;<\/a><\/strong><\/p><hr \/><p>\u00a0\u00a0<\/p><p><b>M\u00d3DOSULT A TURISZTIKA RENDELET!!!\u00a0<\/b>\u00a0<\/p><div><a href=\"http:\/\/mvh.gov.hu\/portal\/MVHPortal\/default\/mainmenu\/kozlemenyek\/mvhk922012\"><u>92\/2012. (VII. 20.) sz\u00e1m\u00fa MVH K\u00f6zlem\u00e9ny<\/u><\/a><\/div><div>\u00a0\u00a0<\/div><p>\u00a0<\/p><hr \/><p>\u00a0<\/p><p><strong>Bead\u00e1si id\u0151szak 2012. j\u00falius 1.-t\u0151l j\u00falius 31.-ig!<\/strong><\/p><p><b><strong><u>Turisztikai tev\u00e9kenys\u00e9gek \u00f6szt\u00f6nz\u00e9s\u00e9hez ny\u00fajtand\u00f3 t\u00e1mogat\u00e1s<\/u><\/strong><\/b><br \/>\u00a0<br \/><strong><a href=\"https:\/\/delmatra.hu\/sites\/default\/files\/turisztika.pdf\" target=\"_blank\" rel=\"noopener noreferrer\">52\/2012. (VI. 8.) VM rendelet<\/a><\/strong><a href=\"https:\/\/delmatra.hu\/sites\/default\/files\/turisztika.pdf\" target=\"_blank\" rel=\"noopener noreferrer\">\u00a0az EMVA turisztikai tev\u00e9kenys\u00e9gek \u00f6szt\u00f6nz\u00e9s\u00e9r\u0151l<\/a><br \/>az Eur\u00f3pai Mez\u0151gazdas\u00e1gi Vid\u00e9kfejleszt\u00e9si Alapb\u00f3l a turisztikai tev\u00e9kenys\u00e9gek \u00f6szt\u00f6nz\u00e9s\u00e9hez a\u00a0 LEADER Helyi Akci\u00f3csoportok k\u00f6zrem\u0171k\u00f6d\u00e9s\u00e9vel 2012-ben ny\u00fajtand\u00f3 t\u00e1mogat\u00e1sok r\u00e9szletes felt\u00e9teleir\u0151l.&gt;&gt;&gt;&gt;&gt;&gt;&gt;<\/p><div><strong>\u00a0<\/strong><\/div><div><strong><a href=\"http:\/\/mvh.gov.hu\/portal\/MVHPortal\/default\/mainmenu\/kozlemenyek\/mvhk792012\" target=\"_blank\" rel=\"noopener noreferrer\">79\/2012. (VI. 20.) sz\u00e1m\u00fa MVH k\u00f6zlem\u00e9ny\u00a0<\/a><\/strong><\/div><p>\u00a0<\/p><hr \/><p>\u00a0<\/p><p><b>Bead\u00e1si id\u0151szak 2012. j\u00fanius 1.-t\u0151l j\u00fanius 30.-ig!<\/b><\/p><div><b><u>Mikrov\u00e1llalkoz\u00e1sok l\u00e9trehoz\u00e1sa \u00e9s fejleszt\u00e9se<\/u><\/b><\/div><div><b>\u00a0<\/b><\/div><div><a href=\"https:\/\/delmatra.hu\/sites\/default\/files\/47%20rendelet%20uj-1.pdf\" target=\"_blank\" rel=\"noopener noreferrer\"><u>47\/2012. (V.11.) VM rendelet az EMVA mikrov\u00e1llalkoz\u00e1sok l\u00e9trehoz\u00e1s\u00e1r\u00f3l \u00e9s fejleszt\u00e9s\u00e9r\u0151l<\/u><\/a><\/div><div>\u00a0<\/div><div>az Eur\u00f3pai Mez\u0151gazdas\u00e1gi Vid\u00e9kfejleszt\u00e9si Alapb\u00f3l a mikrov\u00e1llalkoz\u00e1sok l\u00e9trehoz\u00e1s\u00e1ra \u00e9s fejleszt\u00e9s\u00e9re LEADER Helyi Akci\u00f3csoportok k\u00f6zrem\u0171k\u00f6d\u00e9s\u00e9vel 2012-ben ny\u00fajtand\u00f3 t\u00e1mogat\u00e1sok r\u00e9szletes felt\u00e9teleir\u0151l<\/div><div><a href=\"http:\/\/mvh.gov.hu\/portal\/MVHPortal\/default\/mainmenu\/kozlemenyek\/mvhk712012\"><u>71\/2012. (V. 21.) sz\u00e1m\u00fa MVH K\u00f6zlem\u00e9ny<\/u><\/a><\/div><p>\u00a0<\/p><hr \/><p><b>Bead\u00e1si id\u0151szak 2011 j\u00fanius 15.-t\u0151l j\u00falius 15.-ig.<\/b><\/p><div><b><u>Mikrov\u00e1llalkoz\u00e1sok fejleszt\u00e9se<\/u><\/b><\/div><div><a title=\"Dokumentum let\u00f6lt\u00e9se\" href=\"http:\/\/www.abaujleader.hu\/_downloaddoc.php?docid=266&amp;mode=documents\">33\/2011. (IV. 28.) VM rendelet az EMVA mikrov\u00e1llalkoz\u00e1sok l\u00e9trehoz\u00e1s\u00e1r\u00f3l \u00e9s fejleszt\u00e9s\u00e9r\u0151l.pdf<\/a><\/div><div><b><u>\u00a0<\/u><\/b><\/div><div>az Eur\u00f3pai Mez\u0151gazdas\u00e1gi Vid\u00e9kfejleszt\u00e9si Alapb\u00f3l a mikrov\u00e1llalkoz\u00e1sok l\u00e9trehoz\u00e1s\u00e1ra \u00e9s fejleszt\u00e9s\u00e9re 2011-t\u0151l ny\u00fajtand\u00f3 t\u00e1mogat\u00e1sok ig\u00e9nybev\u00e9tel\u00e9nek r\u00e9szletes felt\u00e9teleir\u0151<\/div><div><strong><a href=\"http:\/\/www.mvh.gov.hu\/portal\/MVHPortal\/default\/mainmenu\/kozlemenyek\/mvhk872011\">87\/2011. (VI. 3.) MVH K\u00f6zlem\u00e9ny<\/a><\/strong><\/div><div><b><u>\u00a0<\/u><\/b><\/div><div><b>Bead\u00e1si id\u0151szak 2011 j\u00faiius 1.-t\u0151l augusztus 1.-ig<\/b><\/div><div><b><u>Turisztikai tev\u00e9kenys\u00e9g \u00f6szt\u00f6nz\u00e9se<\/u><\/b><\/div><div><a title=\"Dokumentum let\u00f6lt\u00e9se\" href=\"http:\/\/www.abaujleader.hu\/_downloaddoc.php?docid=286&amp;mode=documents\">44\/2011. (V. 26.) VM rendelet a turisztikai tev\u00e9kenys\u00e9gek \u00f6szt\u00f6nz\u00e9s\u00e9hez 2011-t\u0151l ny\u00fajtand\u00f3 t\u00e1mogat\u00e1sok r\u00e9szletes felt\u00e9teleir\u0151l.pdf<\/a><\/div><div>Az Eur\u00f3pai Mez\u0151gazdas\u00e1gi Vid\u00e9kfejleszt\u00e9si Alapb\u00f3l a turisztikai tev\u00e9kenys\u00e9gek \u00f6szt\u00f6nz\u00e9s\u00e9hez 2011-t\u0151l ny\u00fajtand\u00f3 t\u00e1mogat\u00e1sok ig\u00e9nybev\u00e9tel\u00e9nek r\u00e9szletes felt\u00e9teleir\u0151l<\/div><div><strong><a href=\"http:\/\/www.mvh.gov.hu\/portal\/MVHPortal\/default\/mainmenu\/kozlemenyek\/mvhk942011\">94\/2011. (VI. 21.) MVH K\u00f6zlem\u00e9ny<\/a><\/strong><\/div><div><strong>\u00a0<\/strong><\/div><p>\u00a0<\/p><hr \/><p><b>\u00daMVP III. tengely bead\u00e1si id\u0151szak november 20-t\u00f3l december 20-ig<\/b><\/p><p>\u00a0<\/p><div><b><u>Turisztikai tev\u00e9kenys\u00e9g \u00f6szt\u00f6nz\u00e9se<\/u><\/b><\/div><div><b><a title=\"160\/2009. (XI. 19.) FVM rendelet\" href=\"http:\/\/www.fvm.gov.hu\/main.php?folderID=957&amp;articleID=15119&amp;ctag=articlelist&amp;iid=1www.fvm.gov.hu\/main.php?folderID=957&amp;articleID=15119&amp;ctag=articlelist&amp;iid=1\">160\/2009. (XI. 19.) FVM rendelet<\/a><\/b><\/div><div>az Eur\u00f3pai Mez\u0151gazdas\u00e1gi Vid\u00e9kfejleszt\u00e9si Alapb\u00f3l a turisztikai tev\u00e9kenys\u00e9gek \u00f6szt\u00f6nz\u00e9s\u00e9hez ny\u00fajtand\u00f3 t\u00e1mogat\u00e1sok r\u00e9szletes felt\u00e9teleir\u0151l<\/div><div>\u00a0<\/div><div><a href=\"http:\/\/www.mvh.gov.hu\/portal\/MVHPortal\/default\/mainmenu\/kozlemenyek\/mvhk1792009\">179\/2009 (XI.24.) MVH K\u00f6zlem\u00e9ny \u00e9s formanyomtatv\u00e1nyok<\/a><\/div><div>\u00a0<\/div><div>\u00a0<a href=\"http:\/\/delmatra.hu\/images\/stories\/delmatra-hirek\/turisztika.doc\">\u00c9rt\u00e9kel\u00e9si szempontok<\/a><\/div><div>\u00a0<\/div><div align=\"center\"><hr size=\"2\" width=\"100%\" \/><\/div><div><b><u>Vid\u00e9ki \u00f6r\u00f6ks\u00e9g meg\u0151rz\u00e9se<\/u><\/b><\/div><div><b><a title=\"159\/2009. (XI. 19.) FVM rendelet\" href=\"http:\/\/www.fvm.gov.hu\/main.php?folderID=957&amp;articleID=15118&amp;ctag=articlelist&amp;iid=1\">159\/2009. (XI. 19.) FVM rendelet<\/a><\/b><\/div><div>az Eur\u00f3pai Mez\u0151gazdas\u00e1gi Vid\u00e9kfejleszt\u00e9si Alapb\u00f3l ny\u00fajtand\u00f3, a vid\u00e9ki \u00f6r\u00f6ks\u00e9g meg\u0151rz\u00e9s\u00e9hez ig\u00e9nybe vehet\u0151 t\u00e1mogat\u00e1sok r\u00e9szletes felt\u00e9teleir\u0151l sz\u00f3l\u00f3\u00a0<a href=\"http:\/\/www.fvm.gov.hu\/main.php?folderID=957&amp;articleID=13253&amp;ctag=articlelist&amp;iid=1\">138\/2008. (X. 18.) FVM rendelet<\/a>\u00a0m\u00f3dos\u00edt\u00e1s\u00e1r\u00f3l<\/div><div>\u00a0<\/div><div><a href=\"http:\/\/www.mvh.gov.hu\/portal\/MVHPortal\/default\/mainmenu\/kozlemenyek\/mvhk1812009\">181\/2009. (XI. 24.) MVH K\u00f6zlem\u00e9ny \u00e9s formanyomtatv\u00e1nyok<\/a><\/div><div><a href=\"http:\/\/delmatra.hu\/images\/stories\/delmatra-hirek\/videk.doc\">\u00a0<\/a><\/div><div><a href=\"http:\/\/delmatra.hu\/images\/stories\/delmatra-hirek\/videk.doc\">\u00c9rt\u00e9kel\u00e9si szempontok<\/a><\/div><div>\u00a0<\/div><div>\u00a0<\/div><div align=\"center\"><hr size=\"2\" width=\"100%\" \/><\/div><div><b><u>Falumeg\u00faj\u00edt\u00e1s<\/u><\/b><\/div><div><b><a title=\"161\/2009. (XI. 19.) FVM rendelet\" href=\"http:\/\/www.fvm.gov.hu\/main.php?folderID=957&amp;articleID=15120&amp;ctag=articlelist&amp;iid=1www.fvm.gov.hu\/main.php?folderID=957&amp;articleID=15120&amp;ctag=articlelist&amp;iid=1\">161\/2009. (XI. 19.) FVM rendelet<\/a><\/b><\/div><div>az Eur\u00f3pai Mez\u0151gazdas\u00e1gi Vid\u00e9kfejleszt\u00e9si Alapb\u00f3l a falumeg\u00faj\u00edt\u00e1sra \u00e9s -fejleszt\u00e9sre ig\u00e9nybe vehet\u0151 t\u00e1mogat\u00e1sok r\u00e9szletes felt\u00e9teleir\u0151l sz\u00f3l\u00f3\u00a0<a href=\"http:\/\/www.fvm.gov.hu\/main.php?folderID=957&amp;articleID=13250&amp;ctag=articlelist&amp;iid=1\">135\/2008. (X. 18.) FVM rendelet\u00a0<\/a>m\u00f3dos\u00edt\u00e1s\u00e1r\u00f3l<\/div><div>\u00a0<\/div><div><a href=\"http:\/\/www.mvh.gov.hu\/portal\/MVHPortal\/default\/mainmenu\/kozlemenyek\/mvhk1802009\">180\/2009. (XI. 24.) MVH K\u00f6zlem\u00e9ny \u00e9s formanyomtatv\u00e1nyok<\/a><\/div><div><a href=\"http:\/\/www.mvh.gov.hu\/portal\/MVHPortal\/default\/mainmenu\/kozlemenyek\/mvhk1912009\">191\/2009. (XII. 7) MVH K\u00f6zlem\u00e9ny a m\u00f3dos\u00edt\u00e1sokr\u00f3l<\/a><\/div><div>\u00a0<\/div><div><a href=\"http:\/\/delmatra.hu\/images\/stories\/delmatra-hirek\/falu.doc\">\u00c9rt\u00e9kel\u00e9si szempontok<\/a><br \/>\u00a0<\/div><div align=\"center\"><hr size=\"2\" width=\"100%\" \/><\/div><div><b><u>Mikrov\u00e1llalkoz\u00e1sok fejleszt\u00e9se<\/u><\/b><\/div><div><b><a title=\"158\/2009. (XI. 19.) FVM rendelet\" href=\"http:\/\/www.fvm.gov.hu\/main.php?folderID=957&amp;articleID=15117&amp;ctag=articlelist&amp;iid=1\">158\/2009. (XI. 19.) FVM rendelet<\/a><\/b><\/div><div>az Eur\u00f3pai Mez\u0151gazdas\u00e1gi Vid\u00e9kfejleszt\u00e9si Alapb\u00f3l a mikrov\u00e1llalkoz\u00e1sok l\u00e9trehoz\u00e1s\u00e1ra \u00e9s fejleszt\u00e9s\u00e9re ny\u00fajtand\u00f3 t\u00e1mogat\u00e1sok r\u00e9szletes felt\u00e9teleir\u0151l sz\u00f3l\u00f3\u00a0<a href=\"http:\/\/www.fvm.gov.hu\/main.php?folderID=957&amp;articleID=13251&amp;ctag=articlelist&amp;iid=1\">136\/2008. (X. 18.) FVM rendelet<\/a>\u00a0m\u00f3dos\u00edt\u00e1s\u00e1r\u00f3l<\/div><div>\u00a0<\/div><div><a href=\"http:\/\/www.mvh.gov.hu\/portal\/MVHPortal\/default\/mainmenu\/kozlemenyek\/mvhk1782009\">178\/2009. (XI. 24.) MVH K\u00f6zlem\u00e9ny\u00a0 \u00e9s formanyomtatv\u00e1nyok<\/a><\/div><div>\u00a0<\/div><div><a href=\"http:\/\/delmatra.hu\/images\/stories\/delmatra-hirek\/mikro.doc\">\u00c9rt\u00e9kel\u00e9si szempontok<\/a><\/div><div>\u00a0<\/div><div align=\"center\"><hr size=\"2\" width=\"100%\" \/><\/div><div><i>\u00a0<\/i><\/div><div><b>A p\u00e1ly\u00e1zatokat az al\u00e1bbi c\u00edmre kell elk\u00fcldeni:<\/b><\/div><div>\u00a0<\/div><div align=\"center\">D\u00e9l-M\u00e1tra K\u00f6zhaszn\u00fa Egyes\u00fclet 3213 Atk\u00e1r, Tass-puszta, vagy<\/div><div align=\"center\">\u00a0<\/div><div align=\"center\">\u00a0\u00a0\u00a0\u00a0\u00a0\u00a0\u00a0\u00a0\u00a0\u00a0\u00a0\u00a0\u00a0\u00a0\u00a0\u00a0\u00a0\u00a0\u00a0\u00a0\u00a0\u00a0\u00a0\u00a0\u00a0\u00a0\u00a0\u00a0\u00a0\u00a0\u00a0\u00a0\u00a0\u00a0\u00a0 \u00a0 \u00a0 \u00a0 3201 Gy\u00f6ngy\u00f6s Pf.:144<\/div><div>\u00a0<\/div><div><i>Friss\u00edtve: 2009.12.01.<\/i><\/div>\t\t\t\t\t\t\t\t<\/div>\n\t\t\t\t<\/div>\n\t\t\t\t\t<\/div>\n\t\t\t\t<\/div>\n\t\t\t\t<\/div>\n\t\t\t\t<\/div>\n\t\t","protected":false},"excerpt":{"rendered":"<p>HFS HELYI LEADER FELH\u00cdV\u00c1SOK TELEP\u00dcL\u00c9SEINK EREDM\u00c9NYEINK M\u0170K\u00d6D\u00c9SI K\u00d6LTS\u00c9GEK DOKUMENTUMT\u00c1R IRODA NYITVATART\u00c1SA: H\u00e9tf\u0151: 7.30 \u2013 16.00Kedd: 7.30 \u2013 16.00Szerda: 7.30 \u2013 16.00Cs\u00fct\u00f6rt\u00f6k: 7.30 \u2013 16.00P\u00e9ntek: 7.30 \u2013 14.00 Fax sz\u00e1m: 37\/770-005 \u00a0 UMVP III.tengely (vid\u00e9kfejleszt\u00e9s) \u00a0 Vid\u00e9ki \u00f6r\u00f6ks\u00e9g meg\u0151rz\u00e9s\u00e9hez ig\u00e9nybe vehet\u0151 t\u00e1mogat\u00e1s\u00a0103\/2012. (X.\u00a01.) VM rendelet\u00a0az EMVA vid\u00e9ki \u00f6r\u00f6ks\u00e9g meg\u0151rz\u00e9s\u00e9hezaz Eur\u00f3pai Mez\u0151gazdas\u00e1gi Vid\u00e9kfejleszt\u00e9si Alapb\u00f3l a vid\u00e9ki \u00f6r\u00f6ks\u00e9g [&hellip;]<\/p>\n","protected":false},"author":1,"featured_media":0,"parent":0,"menu_order":0,"comment_status":"closed","ping_status":"closed","template":"","meta":{"footnotes":""},"class_list":["post-924","page","type-page","status-publish","hentry"],"rttpg_featured_image_url":null,"rttpg_author":{"display_name":"d@lmatra","author_link":"https:\/\/delmatra.hu\/2024\/author\/dlmatra\/"},"rttpg_comment":0,"rttpg_category":null,"rttpg_excerpt":"HFS HELYI LEADER FELH\u00cdV\u00c1SOK TELEP\u00dcL\u00c9SEINK EREDM\u00c9NYEINK M\u0170K\u00d6D\u00c9SI K\u00d6LTS\u00c9GEK DOKUMENTUMT\u00c1R IRODA NYITVATART\u00c1SA: H\u00e9tf\u0151: 7.30 \u2013 16.00Kedd: 7.30 \u2013 16.00Szerda: 7.30 \u2013 16.00Cs\u00fct\u00f6rt\u00f6k: 7.30 \u2013 16.00P\u00e9ntek: 7.30 \u2013 14.00 Fax sz\u00e1m: 37\/770-005 \u00a0 UMVP III.tengely (vid\u00e9kfejleszt\u00e9s) \u00a0 Vid\u00e9ki \u00f6r\u00f6ks\u00e9g meg\u0151rz\u00e9s\u00e9hez ig\u00e9nybe vehet\u0151 t\u00e1mogat\u00e1s\u00a0103\/2012. (X.\u00a01.) VM rendelet\u00a0az EMVA vid\u00e9ki \u00f6r\u00f6ks\u00e9g meg\u0151rz\u00e9s\u00e9hezaz Eur\u00f3pai Mez\u0151gazdas\u00e1gi Vid\u00e9kfejleszt\u00e9si Alapb\u00f3l a vid\u00e9ki \u00f6r\u00f6ks\u00e9g&hellip;","_links":{"self":[{"href":"https:\/\/delmatra.hu\/2024\/wp-json\/wp\/v2\/pages\/924","targetHints":{"allow":["GET"]}}],"collection":[{"href":"https:\/\/delmatra.hu\/2024\/wp-json\/wp\/v2\/pages"}],"about":[{"href":"https:\/\/delmatra.hu\/2024\/wp-json\/wp\/v2\/types\/page"}],"author":[{"embeddable":true,"href":"https:\/\/delmatra.hu\/2024\/wp-json\/wp\/v2\/users\/1"}],"replies":[{"embeddable":true,"href":"https:\/\/delmatra.hu\/2024\/wp-json\/wp\/v2\/comments?post=924"}],"version-history":[{"count":4,"href":"https:\/\/delmatra.hu\/2024\/wp-json\/wp\/v2\/pages\/924\/revisions"}],"predecessor-version":[{"id":928,"href":"https:\/\/delmatra.hu\/2024\/wp-json\/wp\/v2\/pages\/924\/revisions\/928"}],"wp:attachment":[{"href":"https:\/\/delmatra.hu\/2024\/wp-json\/wp\/v2\/media?parent=924"}],"curies":[{"name":"wp","href":"https:\/\/api.w.org\/{rel}","templated":true}]}}