{"id":894,"date":"2024-12-29T16:40:31","date_gmt":"2024-12-29T15:40:31","guid":{"rendered":"https:\/\/delmatra.hu\/2024\/?page_id=894"},"modified":"2024-12-29T17:04:00","modified_gmt":"2024-12-29T16:04:00","slug":"strategiank","status":"publish","type":"page","link":"https:\/\/delmatra.hu\/2024\/strategiank\/","title":{"rendered":"STRAT\u00c9GI\u00c1NK"},"content":{"rendered":"\t\t<div data-elementor-type=\"wp-page\" data-elementor-id=\"894\" class=\"elementor elementor-894\">\n\t\t\t\t<div class=\"elementor-element elementor-element-28841b1 e-grid e-con-full e-con e-parent\" data-id=\"28841b1\" data-element_type=\"container\" data-settings=\"{&quot;background_background&quot;:&quot;classic&quot;}\">\n\t\t<div class=\"elementor-element elementor-element-e41cbd0 e-grid elementor-hidden-desktop elementor-hidden-tablet elementor-hidden-mobile elementor-hidden-tablet_extra elementor-hidden-mobile_extra e-con-boxed e-con e-child\" data-id=\"e41cbd0\" data-element_type=\"container\" data-settings=\"{&quot;background_background&quot;:&quot;classic&quot;}\">\n\t\t\t\t\t<div class=\"e-con-inner\">\n\t\t\t\t<div class=\"elementor-element elementor-element-4318fb1 elementor-align-justify elementor-widget__width-initial elementor-widget elementor-widget-button\" data-id=\"4318fb1\" data-element_type=\"widget\" data-widget_type=\"button.default\">\n\t\t\t\t<div class=\"elementor-widget-container\">\n\t\t\t\t\t\t\t\t\t<div class=\"elementor-button-wrapper\">\n\t\t\t\t\t<a class=\"elementor-button elementor-button-link elementor-size-sm\" href=\"#\">\n\t\t\t\t\t\t<span class=\"elementor-button-content-wrapper\">\n\t\t\t\t\t\t\t\t\t<span class=\"elementor-button-text\">HFS HELYI LEADER FELH\u00cdV\u00c1SOK<\/span>\n\t\t\t\t\t<\/span>\n\t\t\t\t\t<\/a>\n\t\t\t\t<\/div>\n\t\t\t\t\t\t\t\t<\/div>\n\t\t\t\t<\/div>\n\t\t\t\t<div class=\"elementor-element elementor-element-b86cbe3 elementor-align-justify elementor-widget__width-initial elementor-widget elementor-widget-button\" data-id=\"b86cbe3\" data-element_type=\"widget\" data-widget_type=\"button.default\">\n\t\t\t\t<div class=\"elementor-widget-container\">\n\t\t\t\t\t\t\t\t\t<div class=\"elementor-button-wrapper\">\n\t\t\t\t\t<a class=\"elementor-button elementor-button-link elementor-size-sm\" href=\"#\">\n\t\t\t\t\t\t<span class=\"elementor-button-content-wrapper\">\n\t\t\t\t\t\t\t\t\t<span class=\"elementor-button-text\">TELEP\u00dcL\u00c9SEINK<\/span>\n\t\t\t\t\t<\/span>\n\t\t\t\t\t<\/a>\n\t\t\t\t<\/div>\n\t\t\t\t\t\t\t\t<\/div>\n\t\t\t\t<\/div>\n\t\t\t\t<div class=\"elementor-element elementor-element-9be352c elementor-align-justify elementor-widget__width-initial elementor-widget elementor-widget-button\" data-id=\"9be352c\" data-element_type=\"widget\" data-widget_type=\"button.default\">\n\t\t\t\t<div class=\"elementor-widget-container\">\n\t\t\t\t\t\t\t\t\t<div class=\"elementor-button-wrapper\">\n\t\t\t\t\t<a class=\"elementor-button elementor-button-link elementor-size-sm\" href=\"#\">\n\t\t\t\t\t\t<span class=\"elementor-button-content-wrapper\">\n\t\t\t\t\t\t\t\t\t<span class=\"elementor-button-text\">EREDM\u00c9NYEINK<\/span>\n\t\t\t\t\t<\/span>\n\t\t\t\t\t<\/a>\n\t\t\t\t<\/div>\n\t\t\t\t\t\t\t\t<\/div>\n\t\t\t\t<\/div>\n\t\t\t\t<div class=\"elementor-element elementor-element-ba65d13 elementor-align-justify elementor-widget__width-initial elementor-widget elementor-widget-button\" data-id=\"ba65d13\" data-element_type=\"widget\" data-widget_type=\"button.default\">\n\t\t\t\t<div class=\"elementor-widget-container\">\n\t\t\t\t\t\t\t\t\t<div class=\"elementor-button-wrapper\">\n\t\t\t\t\t<a class=\"elementor-button elementor-button-link elementor-size-sm\" href=\"#\">\n\t\t\t\t\t\t<span class=\"elementor-button-content-wrapper\">\n\t\t\t\t\t\t\t\t\t<span class=\"elementor-button-text\">M\u0170K\u00d6D\u00c9SI K\u00d6LTS\u00c9GEK<\/span>\n\t\t\t\t\t<\/span>\n\t\t\t\t\t<\/a>\n\t\t\t\t<\/div>\n\t\t\t\t\t\t\t\t<\/div>\n\t\t\t\t<\/div>\n\t\t\t\t<div class=\"elementor-element elementor-element-748aa8a elementor-align-justify elementor-widget__width-initial elementor-widget elementor-widget-button\" data-id=\"748aa8a\" data-element_type=\"widget\" data-widget_type=\"button.default\">\n\t\t\t\t<div class=\"elementor-widget-container\">\n\t\t\t\t\t\t\t\t\t<div class=\"elementor-button-wrapper\">\n\t\t\t\t\t<a class=\"elementor-button elementor-button-link elementor-size-sm\" href=\"#\">\n\t\t\t\t\t\t<span class=\"elementor-button-content-wrapper\">\n\t\t\t\t\t\t\t\t\t<span class=\"elementor-button-text\">DOKUMENTUMT\u00c1R<\/span>\n\t\t\t\t\t<\/span>\n\t\t\t\t\t<\/a>\n\t\t\t\t<\/div>\n\t\t\t\t\t\t\t\t<\/div>\n\t\t\t\t<\/div>\n\t\t\t\t<div class=\"elementor-element elementor-element-9dce20a elementor-widget elementor-widget-text-editor\" data-id=\"9dce20a\" data-element_type=\"widget\" data-widget_type=\"text-editor.default\">\n\t\t\t\t<div class=\"elementor-widget-container\">\n\t\t\t\t\t\t\t\t\t<p><span style=\"color: #ffffff;\"><em><strong>IRODA NYITVATART\u00c1SA:<\/strong><\/em><\/span><\/p><p><span style=\"color: #ffffff;\">H\u00e9tf\u0151: 7.30 \u2013 16.00<\/span><br \/><span style=\"color: #ffffff;\">Kedd: 7.30 \u2013 16.00<\/span><br \/><span style=\"color: #ffffff;\">Szerda: 7.30 \u2013 16.00<\/span><br \/><span style=\"color: #ffffff;\">Cs\u00fct\u00f6rt\u00f6k: 7.30 \u2013 16.00<\/span><br \/><span style=\"color: #ffffff;\">P\u00e9ntek: 7.30 \u2013 14.00<\/span><\/p><p><span style=\"color: #ffffff;\"><em><strong>Fax sz\u00e1m: 37\/770-005<\/strong><\/em><\/span><\/p><div><p><span style=\"color: #ffffff;\"><em><strong>\u00a0<\/strong><\/em><\/span><\/p><\/div>\t\t\t\t\t\t\t\t<\/div>\n\t\t\t\t<\/div>\n\t\t\t\t\t<\/div>\n\t\t\t\t<\/div>\n\t\t<div class=\"elementor-element elementor-element-7d7b1f2 e-flex e-con-boxed e-con e-child\" data-id=\"7d7b1f2\" data-element_type=\"container\" data-settings=\"{&quot;background_background&quot;:&quot;classic&quot;}\">\n\t\t\t\t\t<div class=\"e-con-inner\">\n\t\t\t\t<div class=\"elementor-element elementor-element-d691580 elementor-widget elementor-widget-text-editor\" data-id=\"d691580\" data-element_type=\"widget\" data-widget_type=\"text-editor.default\">\n\t\t\t\t<div class=\"elementor-widget-container\">\n\t\t\t\t\t\t\t\t\t<h2>STRAT\u00c9GI\u00c1NK<\/h2>\t\t\t\t\t\t\t\t<\/div>\n\t\t\t\t<\/div>\n\t\t<div class=\"elementor-element elementor-element-0c22ddb e-grid e-con-full e-con e-child\" data-id=\"0c22ddb\" data-element_type=\"container\" data-settings=\"{&quot;background_background&quot;:&quot;classic&quot;}\">\n\t\t\t\t<div class=\"elementor-element elementor-element-f7b1f18 elementor-widget elementor-widget-image\" data-id=\"f7b1f18\" data-element_type=\"widget\" data-widget_type=\"image.default\">\n\t\t\t\t<div class=\"elementor-widget-container\">\n\t\t\t\t\t\t\t\t\t\t\t\t\t\t\t<img decoding=\"async\" width=\"100\" height=\"80\" src=\"https:\/\/delmatra.hu\/2024\/wp-content\/uploads\/2024\/12\/delmatralogo.png\" class=\"attachment-large size-large wp-image-43\" alt=\"\" \/>\t\t\t\t\t\t\t\t\t\t\t\t\t\t\t<\/div>\n\t\t\t\t<\/div>\n\t\t\t\t<div class=\"elementor-element elementor-element-951282d elementor-widget elementor-widget-text-editor\" data-id=\"951282d\" data-element_type=\"widget\" data-widget_type=\"text-editor.default\">\n\t\t\t\t<div class=\"elementor-widget-container\">\n\t\t\t\t\t\t\t\t\t<a href=\"https:\/\/delmatra.hu\/images\/Del_Matra_HFS_2023_2027.pdf\" target=\"_blank\" rel=\"noopener noreferrer\">D\u00e9l-M\u00e1tra K\u00f6zhaszn\u00fa Egyes\u00fclet LEADER Helyi Fejleszt\u00e9si Strat\u00e9gia 2023-2027-Programoz\u00e1si id\u0151szak-KAP Strat\u00e9giai Terv<\/a>\n\n(Hat\u00e1lyos: 2023. december 13.)\t\t\t\t\t\t\t\t<\/div>\n\t\t\t\t<\/div>\n\t\t\t\t<div class=\"elementor-element elementor-element-adef1b9 elementor-widget elementor-widget-image\" data-id=\"adef1b9\" data-element_type=\"widget\" data-widget_type=\"image.default\">\n\t\t\t\t<div class=\"elementor-widget-container\">\n\t\t\t\t\t\t\t\t\t\t\t\t\t\t\t<img decoding=\"async\" width=\"100\" height=\"80\" src=\"https:\/\/delmatra.hu\/2024\/wp-content\/uploads\/2024\/12\/delmatralogo.png\" class=\"attachment-large size-large wp-image-43\" alt=\"\" \/>\t\t\t\t\t\t\t\t\t\t\t\t\t\t\t<\/div>\n\t\t\t\t<\/div>\n\t\t\t\t<div class=\"elementor-element elementor-element-99f2294 elementor-widget elementor-widget-text-editor\" data-id=\"99f2294\" data-element_type=\"widget\" data-widget_type=\"text-editor.default\">\n\t\t\t\t<div class=\"elementor-widget-container\">\n\t\t\t\t\t\t\t\t\t<a href=\"https:\/\/delmatra.hu\/sites\/default\/files\/D%C3%A9l-M%C3%A1tra%20HFS_.pdf#overlay-context=sites\/default\/files\/D%25C3%25A9l-M%25C3%25A1tra%2520HFS_.pdf\" target=\"_blank\">D\u00e9l-M\u00e1tra K\u00f6zhaszn\u00fa Egyes\u00fclet LEADER Helyi Fejleszt\u00e9si Strat\u00e9gia 2014-2020<\/a>\n\n(Hat\u00e1lyos: 2018. december 20.-t\u00f3l)\t\t\t\t\t\t\t\t<\/div>\n\t\t\t\t<\/div>\n\t\t\t\t<div class=\"elementor-element elementor-element-bdfdf5e elementor-widget elementor-widget-image\" data-id=\"bdfdf5e\" data-element_type=\"widget\" data-widget_type=\"image.default\">\n\t\t\t\t<div class=\"elementor-widget-container\">\n\t\t\t\t\t\t\t\t\t\t\t\t\t\t\t<img decoding=\"async\" width=\"100\" height=\"80\" src=\"https:\/\/delmatra.hu\/2024\/wp-content\/uploads\/2024\/12\/delmatralogo.png\" class=\"attachment-large size-large wp-image-43\" alt=\"\" \/>\t\t\t\t\t\t\t\t\t\t\t\t\t\t\t<\/div>\n\t\t\t\t<\/div>\n\t\t\t\t<div class=\"elementor-element elementor-element-82ec358 elementor-widget elementor-widget-text-editor\" data-id=\"82ec358\" data-element_type=\"widget\" data-widget_type=\"text-editor.default\">\n\t\t\t\t<div class=\"elementor-widget-container\">\n\t\t\t\t\t\t\t\t\t<p><a href=\"https:\/\/delmatra.hu\/sites\/default\/files\/D%C3%A9l-M%C3%A1tra%20HVS.pdf\" target=\"_blank\" rel=\"noopener noreferrer\">D\u00e9l-M\u00e1tra Helyi Akci\u00f3csoport Helyi Vid\u00e9kfejleszt\u00e9si Strat\u00e9gia 2013\u00a0<\/a>(Hat\u00e1lyos: 2013.04.11. -t\u0151l )<\/p>\t\t\t\t\t\t\t\t<\/div>\n\t\t\t\t<\/div>\n\t\t\t\t<div class=\"elementor-element elementor-element-cb4b7fe elementor-widget elementor-widget-image\" data-id=\"cb4b7fe\" data-element_type=\"widget\" data-widget_type=\"image.default\">\n\t\t\t\t<div class=\"elementor-widget-container\">\n\t\t\t\t\t\t\t\t\t\t\t\t\t\t\t<img decoding=\"async\" width=\"100\" height=\"80\" src=\"https:\/\/delmatra.hu\/2024\/wp-content\/uploads\/2024\/12\/delmatralogo.png\" class=\"attachment-large size-large wp-image-43\" alt=\"\" \/>\t\t\t\t\t\t\t\t\t\t\t\t\t\t\t<\/div>\n\t\t\t\t<\/div>\n\t\t\t\t<div class=\"elementor-element elementor-element-c589e71 elementor-widget elementor-widget-text-editor\" data-id=\"c589e71\" data-element_type=\"widget\" data-widget_type=\"text-editor.default\">\n\t\t\t\t<div class=\"elementor-widget-container\">\n\t\t\t\t\t\t\t\t\t<p><a href=\"https:\/\/delmatra.hu\/sites\/default\/files\/HVS_110530.pdf\" target=\"_blank\" rel=\"noopener noreferrer\">D\u00e9l-M\u00e1tra Helyi Akci\u00f3csoport Helyi Vid\u00e9kfejleszt\u00e9si Strat\u00e9gia 2011-2013<\/a>\u00a0\u00a0 (Hat\u00e1lyos: 2011.05.30. -t\u00f3l )<\/p>\t\t\t\t\t\t\t\t<\/div>\n\t\t\t\t<\/div>\n\t\t\t\t<div class=\"elementor-element elementor-element-68a0e2c elementor-widget elementor-widget-image\" data-id=\"68a0e2c\" data-element_type=\"widget\" data-widget_type=\"image.default\">\n\t\t\t\t<div class=\"elementor-widget-container\">\n\t\t\t\t\t\t\t\t\t\t\t\t\t\t\t<img decoding=\"async\" width=\"100\" height=\"80\" src=\"https:\/\/delmatra.hu\/2024\/wp-content\/uploads\/2024\/12\/delmatralogo.png\" class=\"attachment-large size-large wp-image-43\" alt=\"\" \/>\t\t\t\t\t\t\t\t\t\t\t\t\t\t\t<\/div>\n\t\t\t\t<\/div>\n\t\t\t\t<div class=\"elementor-element elementor-element-157ead7 elementor-widget elementor-widget-text-editor\" data-id=\"157ead7\" data-element_type=\"widget\" data-widget_type=\"text-editor.default\">\n\t\t\t\t<div class=\"elementor-widget-container\">\n\t\t\t\t\t\t\t\t\t<a href=\"https:\/\/delmatra.hu\/images\/stories\/doku_pdf_tar\/hvsmodositott.ppt\" target=\"_blank\">D\u00e9l-M\u00e1tra k\u00f6zhaszn\u00fa Egyes\u00fclet m\u00f3dos\u00edtott Helyi Vid\u00e9kfejleszt\u00e9si Strat\u00e9gi\u00e1ja<\/a>\u00a0(Hat\u00e1lyos: 2009.05.11.-t\u0151l)\t\t\t\t\t\t\t\t<\/div>\n\t\t\t\t<\/div>\n\t\t\t\t<div class=\"elementor-element elementor-element-6309323 elementor-widget elementor-widget-image\" data-id=\"6309323\" data-element_type=\"widget\" data-widget_type=\"image.default\">\n\t\t\t\t<div class=\"elementor-widget-container\">\n\t\t\t\t\t\t\t\t\t\t\t\t\t\t\t<img decoding=\"async\" width=\"100\" height=\"80\" src=\"https:\/\/delmatra.hu\/2024\/wp-content\/uploads\/2024\/12\/delmatralogo.png\" class=\"attachment-large size-large wp-image-43\" alt=\"\" \/>\t\t\t\t\t\t\t\t\t\t\t\t\t\t\t<\/div>\n\t\t\t\t<\/div>\n\t\t\t\t<div class=\"elementor-element elementor-element-000f64e elementor-widget elementor-widget-text-editor\" data-id=\"000f64e\" data-element_type=\"widget\" data-widget_type=\"text-editor.default\">\n\t\t\t\t<div class=\"elementor-widget-container\">\n\t\t\t\t\t\t\t\t\t<a href=\"https:\/\/delmatra.hu\/media\/delmatra\/fvm.ppt\" target=\"_blank\">D\u00e9l-M\u00e1tra K\u00f6zhaszn\u00fa Egyes\u00fclet Helyi Vid\u00e9kfejleszt\u00e9si Strat\u00e9gi\u00e1ja 2008-2013-ig<\/a>\u00a0(Hat\u00e1lyon k\u00edv\u00fcl helyezve: 2009\t\t\t\t\t\t\t\t<\/div>\n\t\t\t\t<\/div>\n\t\t\t\t<\/div>\n\t\t\t\t\t<\/div>\n\t\t\t\t<\/div>\n\t\t\t\t<\/div>\n\t\t\t\t<\/div>\n\t\t","protected":false},"excerpt":{"rendered":"<p>HFS HELYI LEADER FELH\u00cdV\u00c1SOK TELEP\u00dcL\u00c9SEINK EREDM\u00c9NYEINK M\u0170K\u00d6D\u00c9SI K\u00d6LTS\u00c9GEK DOKUMENTUMT\u00c1R IRODA NYITVATART\u00c1SA: H\u00e9tf\u0151: 7.30 \u2013 16.00Kedd: 7.30 \u2013 16.00Szerda: 7.30 \u2013 16.00Cs\u00fct\u00f6rt\u00f6k: 7.30 \u2013 16.00P\u00e9ntek: 7.30 \u2013 14.00 Fax sz\u00e1m: 37\/770-005 \u00a0 STRAT\u00c9GI\u00c1NK D\u00e9l-M\u00e1tra K\u00f6zhaszn\u00fa Egyes\u00fclet LEADER Helyi Fejleszt\u00e9si Strat\u00e9gia 2023-2027-Programoz\u00e1si id\u0151szak-KAP Strat\u00e9giai Terv (Hat\u00e1lyos: 2023. december 13.) D\u00e9l-M\u00e1tra K\u00f6zhaszn\u00fa Egyes\u00fclet LEADER Helyi Fejleszt\u00e9si Strat\u00e9gia 2014-2020 [&hellip;]<\/p>\n","protected":false},"author":1,"featured_media":0,"parent":0,"menu_order":0,"comment_status":"closed","ping_status":"closed","template":"","meta":{"footnotes":""},"class_list":["post-894","page","type-page","status-publish","hentry"],"rttpg_featured_image_url":null,"rttpg_author":{"display_name":"d@lmatra","author_link":"https:\/\/delmatra.hu\/2024\/author\/dlmatra\/"},"rttpg_comment":0,"rttpg_category":null,"rttpg_excerpt":"HFS HELYI LEADER FELH\u00cdV\u00c1SOK TELEP\u00dcL\u00c9SEINK EREDM\u00c9NYEINK M\u0170K\u00d6D\u00c9SI K\u00d6LTS\u00c9GEK DOKUMENTUMT\u00c1R IRODA NYITVATART\u00c1SA: H\u00e9tf\u0151: 7.30 \u2013 16.00Kedd: 7.30 \u2013 16.00Szerda: 7.30 \u2013 16.00Cs\u00fct\u00f6rt\u00f6k: 7.30 \u2013 16.00P\u00e9ntek: 7.30 \u2013 14.00 Fax sz\u00e1m: 37\/770-005 \u00a0 STRAT\u00c9GI\u00c1NK D\u00e9l-M\u00e1tra K\u00f6zhaszn\u00fa Egyes\u00fclet LEADER Helyi Fejleszt\u00e9si Strat\u00e9gia 2023-2027-Programoz\u00e1si id\u0151szak-KAP Strat\u00e9giai Terv (Hat\u00e1lyos: 2023. december 13.) D\u00e9l-M\u00e1tra K\u00f6zhaszn\u00fa Egyes\u00fclet LEADER Helyi Fejleszt\u00e9si Strat\u00e9gia 2014-2020&hellip;","_links":{"self":[{"href":"https:\/\/delmatra.hu\/2024\/wp-json\/wp\/v2\/pages\/894","targetHints":{"allow":["GET"]}}],"collection":[{"href":"https:\/\/delmatra.hu\/2024\/wp-json\/wp\/v2\/pages"}],"about":[{"href":"https:\/\/delmatra.hu\/2024\/wp-json\/wp\/v2\/types\/page"}],"author":[{"embeddable":true,"href":"https:\/\/delmatra.hu\/2024\/wp-json\/wp\/v2\/users\/1"}],"replies":[{"embeddable":true,"href":"https:\/\/delmatra.hu\/2024\/wp-json\/wp\/v2\/comments?post=894"}],"version-history":[{"count":25,"href":"https:\/\/delmatra.hu\/2024\/wp-json\/wp\/v2\/pages\/894\/revisions"}],"predecessor-version":[{"id":921,"href":"https:\/\/delmatra.hu\/2024\/wp-json\/wp\/v2\/pages\/894\/revisions\/921"}],"wp:attachment":[{"href":"https:\/\/delmatra.hu\/2024\/wp-json\/wp\/v2\/media?parent=894"}],"curies":[{"name":"wp","href":"https:\/\/api.w.org\/{rel}","templated":true}]}}