{"id":749,"date":"2024-12-29T09:51:18","date_gmt":"2024-12-29T08:51:18","guid":{"rendered":"https:\/\/delmatra.hu\/2024\/?page_id=749"},"modified":"2025-05-08T06:03:55","modified_gmt":"2025-05-08T04:03:55","slug":"munkaszervezet","status":"publish","type":"page","link":"https:\/\/delmatra.hu\/2024\/munkaszervezet\/","title":{"rendered":"MUNKASZERVEZET"},"content":{"rendered":"\t\t<div data-elementor-type=\"wp-page\" data-elementor-id=\"749\" class=\"elementor elementor-749\">\n\t\t\t\t<div class=\"elementor-element elementor-element-9d50259 e-grid e-con-full e-con e-parent\" data-id=\"9d50259\" data-element_type=\"container\" data-settings=\"{&quot;background_background&quot;:&quot;classic&quot;}\">\n\t\t<div class=\"elementor-element elementor-element-605df41 e-grid elementor-hidden-desktop elementor-hidden-tablet elementor-hidden-mobile elementor-hidden-tablet_extra elementor-hidden-mobile_extra e-con-boxed e-con e-child\" data-id=\"605df41\" data-element_type=\"container\" data-settings=\"{&quot;background_background&quot;:&quot;classic&quot;}\">\n\t\t\t\t\t<div class=\"e-con-inner\">\n\t\t\t\t<div class=\"elementor-element elementor-element-16a579d elementor-align-justify elementor-widget__width-initial elementor-widget elementor-widget-button\" data-id=\"16a579d\" data-element_type=\"widget\" data-widget_type=\"button.default\">\n\t\t\t\t<div class=\"elementor-widget-container\">\n\t\t\t\t\t\t\t\t\t<div class=\"elementor-button-wrapper\">\n\t\t\t\t\t<a class=\"elementor-button elementor-button-link elementor-size-sm\" href=\"#\">\n\t\t\t\t\t\t<span class=\"elementor-button-content-wrapper\">\n\t\t\t\t\t\t\t\t\t<span class=\"elementor-button-text\">HFS HELYI LEADER FELH\u00cdV\u00c1SOK<\/span>\n\t\t\t\t\t<\/span>\n\t\t\t\t\t<\/a>\n\t\t\t\t<\/div>\n\t\t\t\t\t\t\t\t<\/div>\n\t\t\t\t<\/div>\n\t\t\t\t<div class=\"elementor-element elementor-element-f82e0d1 elementor-align-justify elementor-widget__width-initial elementor-widget elementor-widget-button\" data-id=\"f82e0d1\" data-element_type=\"widget\" data-widget_type=\"button.default\">\n\t\t\t\t<div class=\"elementor-widget-container\">\n\t\t\t\t\t\t\t\t\t<div class=\"elementor-button-wrapper\">\n\t\t\t\t\t<a class=\"elementor-button elementor-button-link elementor-size-sm\" href=\"#\">\n\t\t\t\t\t\t<span class=\"elementor-button-content-wrapper\">\n\t\t\t\t\t\t\t\t\t<span class=\"elementor-button-text\">TELEP\u00dcL\u00c9SEINK<\/span>\n\t\t\t\t\t<\/span>\n\t\t\t\t\t<\/a>\n\t\t\t\t<\/div>\n\t\t\t\t\t\t\t\t<\/div>\n\t\t\t\t<\/div>\n\t\t\t\t<div class=\"elementor-element elementor-element-7931032 elementor-align-justify elementor-widget__width-initial elementor-widget elementor-widget-button\" data-id=\"7931032\" data-element_type=\"widget\" data-widget_type=\"button.default\">\n\t\t\t\t<div class=\"elementor-widget-container\">\n\t\t\t\t\t\t\t\t\t<div class=\"elementor-button-wrapper\">\n\t\t\t\t\t<a class=\"elementor-button elementor-button-link elementor-size-sm\" href=\"#\">\n\t\t\t\t\t\t<span class=\"elementor-button-content-wrapper\">\n\t\t\t\t\t\t\t\t\t<span class=\"elementor-button-text\">EREDM\u00c9NYEINK<\/span>\n\t\t\t\t\t<\/span>\n\t\t\t\t\t<\/a>\n\t\t\t\t<\/div>\n\t\t\t\t\t\t\t\t<\/div>\n\t\t\t\t<\/div>\n\t\t\t\t<div class=\"elementor-element elementor-element-1a8cfd3 elementor-align-justify elementor-widget__width-initial elementor-widget elementor-widget-button\" data-id=\"1a8cfd3\" data-element_type=\"widget\" data-widget_type=\"button.default\">\n\t\t\t\t<div class=\"elementor-widget-container\">\n\t\t\t\t\t\t\t\t\t<div class=\"elementor-button-wrapper\">\n\t\t\t\t\t<a class=\"elementor-button elementor-button-link elementor-size-sm\" href=\"#\">\n\t\t\t\t\t\t<span class=\"elementor-button-content-wrapper\">\n\t\t\t\t\t\t\t\t\t<span class=\"elementor-button-text\">M\u0170K\u00d6D\u00c9SI K\u00d6LTS\u00c9GEK<\/span>\n\t\t\t\t\t<\/span>\n\t\t\t\t\t<\/a>\n\t\t\t\t<\/div>\n\t\t\t\t\t\t\t\t<\/div>\n\t\t\t\t<\/div>\n\t\t\t\t<div class=\"elementor-element elementor-element-d738936 elementor-align-justify elementor-widget__width-initial elementor-widget elementor-widget-button\" data-id=\"d738936\" data-element_type=\"widget\" data-widget_type=\"button.default\">\n\t\t\t\t<div class=\"elementor-widget-container\">\n\t\t\t\t\t\t\t\t\t<div class=\"elementor-button-wrapper\">\n\t\t\t\t\t<a class=\"elementor-button elementor-button-link elementor-size-sm\" href=\"#\">\n\t\t\t\t\t\t<span class=\"elementor-button-content-wrapper\">\n\t\t\t\t\t\t\t\t\t<span class=\"elementor-button-text\">DOKUMENTUMT\u00c1R<\/span>\n\t\t\t\t\t<\/span>\n\t\t\t\t\t<\/a>\n\t\t\t\t<\/div>\n\t\t\t\t\t\t\t\t<\/div>\n\t\t\t\t<\/div>\n\t\t\t\t<div class=\"elementor-element elementor-element-01a7199 elementor-widget elementor-widget-text-editor\" data-id=\"01a7199\" data-element_type=\"widget\" data-widget_type=\"text-editor.default\">\n\t\t\t\t<div class=\"elementor-widget-container\">\n\t\t\t\t\t\t\t\t\t<p><span style=\"color: #ffffff;\"><em><strong>IRODA NYITVATART\u00c1SA:<\/strong><\/em><\/span><\/p><p><span style=\"color: #ffffff;\">H\u00e9tf\u0151: 7.30 \u2013 16.00<\/span><br \/><span style=\"color: #ffffff;\">Kedd: 7.30 \u2013 16.00<\/span><br \/><span style=\"color: #ffffff;\">Szerda: 7.30 \u2013 16.00<\/span><br \/><span style=\"color: #ffffff;\">Cs\u00fct\u00f6rt\u00f6k: 7.30 \u2013 16.00<\/span><br \/><span style=\"color: #ffffff;\">P\u00e9ntek: 7.30 \u2013 14.00<\/span><\/p><p><span style=\"color: #ffffff;\"><em><strong>Fax sz\u00e1m: 37\/770-005<\/strong><\/em><\/span><\/p><div><p><span style=\"color: #ffffff;\"><em><strong>\u00a0<\/strong><\/em><\/span><\/p><\/div>\t\t\t\t\t\t\t\t<\/div>\n\t\t\t\t<\/div>\n\t\t\t\t\t<\/div>\n\t\t\t\t<\/div>\n\t\t<div class=\"elementor-element elementor-element-869960a e-flex e-con-boxed e-con e-child\" data-id=\"869960a\" data-element_type=\"container\" data-settings=\"{&quot;background_background&quot;:&quot;classic&quot;}\">\n\t\t\t\t\t<div class=\"e-con-inner\">\n\t\t\t\t<div class=\"elementor-element elementor-element-07cd270 elementor-widget elementor-widget-text-editor\" data-id=\"07cd270\" data-element_type=\"widget\" data-widget_type=\"text-editor.default\">\n\t\t\t\t<div class=\"elementor-widget-container\">\n\t\t\t\t\t\t\t\t\t<h2><strong>MUNKASZERVEZET<\/strong><\/h2><p><strong>D\u00c9L-M\u00c1TRA K\u00d6ZHASZN\u00da EGYES\u00dcLET<\/strong><\/p><p>Sz\u00e9khely: 3213 Atk\u00e1r, Tass-puszta Hrsz. 0165\/15.<\/p><p>Munkaszervezet: 3213 Atk\u00e1r, Tass-puszta Hrsz. 0165\/15.<\/p><p>Levelez\u00e9si c\u00edm: 3201 Gy\u00f6ngy\u00f6s, Pf. 144.<\/p><p>E-mail c\u00edm:\u00a0<span id=\"cloak874b473daefa088197c2ff56b23ccb9a\"><a href=\"mailto:info@delmatra.hu\">info@delmatra.hu<\/a><\/span><\/p><p>MVH regisztr\u00e1ci\u00f3s sz\u00e1m: 1004404118<\/p><table border=\"0\" width=\"586\" cellspacing=\"0\" cellpadding=\"0\"><tbody><tr><td>\u00a0<\/td><td>\u00a0<\/td><\/tr><tr><td>\u00a0<\/td><td>\u00a0<\/td><\/tr><tr><td><p><strong><em>Munkaszervezet-vezet\u0151<\/em><\/strong><\/p><\/td><td>\u00a0<\/td><\/tr><tr><td><p>B\u00e1rdosn\u00e9 Kocsis \u00c9va<\/p><\/td><td>\u00a0<\/td><\/tr><tr><td><p>Telefon:\u00a037\/770-005, 20\/955-6813<\/p><\/td><td>\u00a0<\/td><\/tr><tr><td><p>E-mail:\u00a0<span id=\"cloak4e8e726010e2b6b949e5a2032416c381\"><a href=\"mailto:bke@delmatra.hu\">bke@delmatra.hu<\/a><\/span><\/p><\/td><td>\u00a0<\/td><\/tr><tr><td>\u00a0<\/td><td>\u00a0<\/td><\/tr><tr><td><p><strong><em>P\u00e1ly\u00e1zati asszisztens<\/em><\/strong><\/p><\/td><td>\u00a0<\/td><\/tr><tr><td><p>M\u00e9sz\u00e1ros \u00c9va<\/p><\/td><td>\u00a0<\/td><\/tr><tr><td><p>Telefon: 37\/770-005, 20\/579-4329<\/p><\/td><td>\u00a0<\/td><\/tr><tr><td><p>E-mail:\u00a0<span id=\"cloak3c49f66ac4034758982212489596e19c\"><a href=\"mailto:meva@delmatra.hu\">meva@delmatra.hu<\/a><\/span><\/p><\/td><td>\u00a0<\/td><\/tr><tr><td><p><strong><em>P\u00e1ly\u00e1zati asszisztens<\/em><\/strong><\/p><\/td><td>\u00a0<\/td><\/tr><tr><td><p>Par\u00f3czai Erika<\/p><\/td><td>\u00a0<\/td><\/tr><tr><td><p>Telefon: 37\/770-005, 20\/579-4329<\/p><\/td><td>\u00a0<\/td><\/tr><tr><td><p>E-mail:\u00a0<span id=\"cloak32fb7a28d75754a7d736e27aba231be2\"><a href=\"mailto:paroczaie@delmatra.hu\">paroczaie@delmatra.hu<\/a><\/span><\/p><\/td><td>\u00a0<\/td><\/tr><tr><td><p><strong><em>P\u00e1ly\u00e1zati asszisztens<\/em><\/strong><\/p><\/td><td>\u00a0<\/td><\/tr><tr><td><p><em>Cs\u00e9p\u00e1ny Andrea<\/em><\/p><\/td><td>\u00a0<\/td><\/tr><tr><td><p>Telefon: 37\/770-005, 20\/579-4329<\/p><\/td><td>\u00a0<\/td><\/tr><tr><td><p>E-mail:\u00a0<span id=\"cloak92c8b57b9455f9daaff80ff7bbe8cd85\"><a href=\"mailto:csepanya@delmatra.hu\">csepanya@delmatra.hu<\/a><\/span><\/p><\/td><td>\u00a0<\/td><\/tr><\/tbody><\/table><p>IRODA NYITVATART\u00c1S<\/p><table border=\"0\" cellspacing=\"1\" cellpadding=\"1\"><tbody><tr><td>H\u00e9tf\u0151<\/td><td>\u00a07.30 \u2013 16.00<\/td><\/tr><tr><td>Kedd<\/td><td>\u00a07.30 \u2013 16.00<\/td><\/tr><tr><td>Szerda<\/td><td>\u00a07.30 \u2013 16.00<\/td><\/tr><tr><td>Cs\u00fct\u00f6rt\u00f6k<\/td><td>\u00a07.30 \u2013 16.00<\/td><\/tr><tr><td>P\u00e9ntek<\/td><td>\u00a07.30 \u2013 14.00<\/td><\/tr><\/tbody><\/table>\t\t\t\t\t\t\t\t<\/div>\n\t\t\t\t<\/div>\n\t\t\t\t\t<\/div>\n\t\t\t\t<\/div>\n\t\t\t\t<\/div>\n\t\t\t\t<\/div>\n\t\t","protected":false},"excerpt":{"rendered":"<p>HFS HELYI LEADER FELH\u00cdV\u00c1SOK TELEP\u00dcL\u00c9SEINK EREDM\u00c9NYEINK M\u0170K\u00d6D\u00c9SI K\u00d6LTS\u00c9GEK DOKUMENTUMT\u00c1R IRODA NYITVATART\u00c1SA: H\u00e9tf\u0151: 7.30 \u2013 16.00Kedd: 7.30 \u2013 16.00Szerda: 7.30 \u2013 16.00Cs\u00fct\u00f6rt\u00f6k: 7.30 \u2013 16.00P\u00e9ntek: 7.30 \u2013 14.00 Fax sz\u00e1m: 37\/770-005 \u00a0 MUNKASZERVEZET D\u00c9L-M\u00c1TRA K\u00d6ZHASZN\u00da EGYES\u00dcLET Sz\u00e9khely: 3213 Atk\u00e1r, Tass-puszta Hrsz. 0165\/15. Munkaszervezet: 3213 Atk\u00e1r, Tass-puszta Hrsz. 0165\/15. Levelez\u00e9si c\u00edm: 3201 Gy\u00f6ngy\u00f6s, Pf. 144. E-mail c\u00edm:\u00a0info@delmatra.hu [&hellip;]<\/p>\n","protected":false},"author":1,"featured_media":0,"parent":0,"menu_order":0,"comment_status":"closed","ping_status":"closed","template":"","meta":{"footnotes":""},"class_list":["post-749","page","type-page","status-publish","hentry"],"rttpg_featured_image_url":null,"rttpg_author":{"display_name":"d@lmatra","author_link":"https:\/\/delmatra.hu\/2024\/author\/dlmatra\/"},"rttpg_comment":0,"rttpg_category":null,"rttpg_excerpt":"HFS HELYI LEADER FELH\u00cdV\u00c1SOK TELEP\u00dcL\u00c9SEINK EREDM\u00c9NYEINK M\u0170K\u00d6D\u00c9SI K\u00d6LTS\u00c9GEK DOKUMENTUMT\u00c1R IRODA NYITVATART\u00c1SA: H\u00e9tf\u0151: 7.30 \u2013 16.00Kedd: 7.30 \u2013 16.00Szerda: 7.30 \u2013 16.00Cs\u00fct\u00f6rt\u00f6k: 7.30 \u2013 16.00P\u00e9ntek: 7.30 \u2013 14.00 Fax sz\u00e1m: 37\/770-005 \u00a0 MUNKASZERVEZET D\u00c9L-M\u00c1TRA K\u00d6ZHASZN\u00da EGYES\u00dcLET Sz\u00e9khely: 3213 Atk\u00e1r, Tass-puszta Hrsz. 0165\/15. Munkaszervezet: 3213 Atk\u00e1r, Tass-puszta Hrsz. 0165\/15. Levelez\u00e9si c\u00edm: 3201 Gy\u00f6ngy\u00f6s, Pf. 144. E-mail c\u00edm:\u00a0info@delmatra.hu&hellip;","_links":{"self":[{"href":"https:\/\/delmatra.hu\/2024\/wp-json\/wp\/v2\/pages\/749","targetHints":{"allow":["GET"]}}],"collection":[{"href":"https:\/\/delmatra.hu\/2024\/wp-json\/wp\/v2\/pages"}],"about":[{"href":"https:\/\/delmatra.hu\/2024\/wp-json\/wp\/v2\/types\/page"}],"author":[{"embeddable":true,"href":"https:\/\/delmatra.hu\/2024\/wp-json\/wp\/v2\/users\/1"}],"replies":[{"embeddable":true,"href":"https:\/\/delmatra.hu\/2024\/wp-json\/wp\/v2\/comments?post=749"}],"version-history":[{"count":16,"href":"https:\/\/delmatra.hu\/2024\/wp-json\/wp\/v2\/pages\/749\/revisions"}],"predecessor-version":[{"id":2082,"href":"https:\/\/delmatra.hu\/2024\/wp-json\/wp\/v2\/pages\/749\/revisions\/2082"}],"wp:attachment":[{"href":"https:\/\/delmatra.hu\/2024\/wp-json\/wp\/v2\/media?parent=749"}],"curies":[{"name":"wp","href":"https:\/\/api.w.org\/{rel}","templated":true}]}}