{"id":697,"date":"2024-12-28T16:44:20","date_gmt":"2024-12-28T15:44:20","guid":{"rendered":"https:\/\/delmatra.hu\/2024\/?page_id=697"},"modified":"2025-05-08T06:01:22","modified_gmt":"2025-05-08T04:01:22","slug":"elnokseg","status":"publish","type":"page","link":"https:\/\/delmatra.hu\/2024\/elnokseg\/","title":{"rendered":"ELN\u0150KS\u00c9G"},"content":{"rendered":"\t\t<div data-elementor-type=\"wp-page\" data-elementor-id=\"697\" class=\"elementor elementor-697\">\n\t\t\t\t<div class=\"elementor-element elementor-element-89bcc22 e-grid e-con-full e-con e-parent\" data-id=\"89bcc22\" data-element_type=\"container\" data-settings=\"{&quot;background_background&quot;:&quot;classic&quot;}\">\n\t\t<div class=\"elementor-element elementor-element-1fa0096 e-grid elementor-hidden-desktop elementor-hidden-tablet elementor-hidden-mobile elementor-hidden-tablet_extra elementor-hidden-mobile_extra e-con-boxed e-con e-child\" data-id=\"1fa0096\" data-element_type=\"container\" data-settings=\"{&quot;background_background&quot;:&quot;classic&quot;}\">\n\t\t\t\t\t<div class=\"e-con-inner\">\n\t\t\t\t<div class=\"elementor-element elementor-element-5495e98 elementor-align-justify elementor-widget__width-initial elementor-widget elementor-widget-button\" data-id=\"5495e98\" data-element_type=\"widget\" data-widget_type=\"button.default\">\n\t\t\t\t<div class=\"elementor-widget-container\">\n\t\t\t\t\t\t\t\t\t<div class=\"elementor-button-wrapper\">\n\t\t\t\t\t<a class=\"elementor-button elementor-button-link elementor-size-sm\" href=\"#\">\n\t\t\t\t\t\t<span class=\"elementor-button-content-wrapper\">\n\t\t\t\t\t\t\t\t\t<span class=\"elementor-button-text\">HFS HELYI LEADER FELH\u00cdV\u00c1SOK<\/span>\n\t\t\t\t\t<\/span>\n\t\t\t\t\t<\/a>\n\t\t\t\t<\/div>\n\t\t\t\t\t\t\t\t<\/div>\n\t\t\t\t<\/div>\n\t\t\t\t<div class=\"elementor-element elementor-element-23a13cd elementor-align-justify elementor-widget__width-initial elementor-widget elementor-widget-button\" data-id=\"23a13cd\" data-element_type=\"widget\" data-widget_type=\"button.default\">\n\t\t\t\t<div class=\"elementor-widget-container\">\n\t\t\t\t\t\t\t\t\t<div class=\"elementor-button-wrapper\">\n\t\t\t\t\t<a class=\"elementor-button elementor-button-link elementor-size-sm\" href=\"#\">\n\t\t\t\t\t\t<span class=\"elementor-button-content-wrapper\">\n\t\t\t\t\t\t\t\t\t<span class=\"elementor-button-text\">TELEP\u00dcL\u00c9SEINK<\/span>\n\t\t\t\t\t<\/span>\n\t\t\t\t\t<\/a>\n\t\t\t\t<\/div>\n\t\t\t\t\t\t\t\t<\/div>\n\t\t\t\t<\/div>\n\t\t\t\t<div class=\"elementor-element elementor-element-329b288 elementor-align-justify elementor-widget__width-initial elementor-widget elementor-widget-button\" data-id=\"329b288\" data-element_type=\"widget\" data-widget_type=\"button.default\">\n\t\t\t\t<div class=\"elementor-widget-container\">\n\t\t\t\t\t\t\t\t\t<div class=\"elementor-button-wrapper\">\n\t\t\t\t\t<a class=\"elementor-button elementor-button-link elementor-size-sm\" href=\"#\">\n\t\t\t\t\t\t<span class=\"elementor-button-content-wrapper\">\n\t\t\t\t\t\t\t\t\t<span class=\"elementor-button-text\">EREDM\u00c9NYEINK<\/span>\n\t\t\t\t\t<\/span>\n\t\t\t\t\t<\/a>\n\t\t\t\t<\/div>\n\t\t\t\t\t\t\t\t<\/div>\n\t\t\t\t<\/div>\n\t\t\t\t<div class=\"elementor-element elementor-element-7e73b4d elementor-align-justify elementor-widget__width-initial elementor-widget elementor-widget-button\" data-id=\"7e73b4d\" data-element_type=\"widget\" data-widget_type=\"button.default\">\n\t\t\t\t<div class=\"elementor-widget-container\">\n\t\t\t\t\t\t\t\t\t<div class=\"elementor-button-wrapper\">\n\t\t\t\t\t<a class=\"elementor-button elementor-button-link elementor-size-sm\" href=\"#\">\n\t\t\t\t\t\t<span class=\"elementor-button-content-wrapper\">\n\t\t\t\t\t\t\t\t\t<span class=\"elementor-button-text\">M\u0170K\u00d6D\u00c9SI K\u00d6LTS\u00c9GEK<\/span>\n\t\t\t\t\t<\/span>\n\t\t\t\t\t<\/a>\n\t\t\t\t<\/div>\n\t\t\t\t\t\t\t\t<\/div>\n\t\t\t\t<\/div>\n\t\t\t\t<div class=\"elementor-element elementor-element-f3f9ed7 elementor-align-justify elementor-widget__width-initial elementor-widget elementor-widget-button\" data-id=\"f3f9ed7\" data-element_type=\"widget\" data-widget_type=\"button.default\">\n\t\t\t\t<div class=\"elementor-widget-container\">\n\t\t\t\t\t\t\t\t\t<div class=\"elementor-button-wrapper\">\n\t\t\t\t\t<a class=\"elementor-button elementor-button-link elementor-size-sm\" href=\"#\">\n\t\t\t\t\t\t<span class=\"elementor-button-content-wrapper\">\n\t\t\t\t\t\t\t\t\t<span class=\"elementor-button-text\">DOKUMENTUMT\u00c1R<\/span>\n\t\t\t\t\t<\/span>\n\t\t\t\t\t<\/a>\n\t\t\t\t<\/div>\n\t\t\t\t\t\t\t\t<\/div>\n\t\t\t\t<\/div>\n\t\t\t\t<div class=\"elementor-element elementor-element-747c0bf elementor-widget elementor-widget-text-editor\" data-id=\"747c0bf\" data-element_type=\"widget\" data-widget_type=\"text-editor.default\">\n\t\t\t\t<div class=\"elementor-widget-container\">\n\t\t\t\t\t\t\t\t\t<p><span style=\"color: #ffffff;\"><em><strong>IRODA NYITVATART\u00c1SA:<\/strong><\/em><\/span><\/p><p><span style=\"color: #ffffff;\">H\u00e9tf\u0151: 7.30 \u2013 16.00<\/span><br \/><span style=\"color: #ffffff;\">Kedd: 7.30 \u2013 16.00<\/span><br \/><span style=\"color: #ffffff;\">Szerda: 7.30 \u2013 16.00<\/span><br \/><span style=\"color: #ffffff;\">Cs\u00fct\u00f6rt\u00f6k: 7.30 \u2013 16.00<\/span><br \/><span style=\"color: #ffffff;\">P\u00e9ntek: 7.30 \u2013 14.00<\/span><\/p><p><span style=\"color: #ffffff;\"><em><strong>Fax sz\u00e1m: 37\/770-005<\/strong><\/em><\/span><\/p><div><p><span style=\"color: #ffffff;\"><em><strong>\u00a0<\/strong><\/em><\/span><\/p><\/div>\t\t\t\t\t\t\t\t<\/div>\n\t\t\t\t<\/div>\n\t\t\t\t\t<\/div>\n\t\t\t\t<\/div>\n\t\t<div class=\"elementor-element elementor-element-249eb34 e-flex e-con-boxed e-con e-child\" data-id=\"249eb34\" data-element_type=\"container\" data-settings=\"{&quot;background_background&quot;:&quot;classic&quot;}\">\n\t\t\t\t\t<div class=\"e-con-inner\">\n\t\t\t\t<div class=\"elementor-element elementor-element-ebae777 elementor-widget-tablet__width-inherit elementor-widget-mobile__width-inherit elementor-widget-tablet_extra__width-inherit elementor-widget elementor-widget-text-editor\" data-id=\"ebae777\" data-element_type=\"widget\" data-widget_type=\"text-editor.default\">\n\t\t\t\t<div class=\"elementor-widget-container\">\n\t\t\t\t\t\t\t\t\t<h2>ELN\u00d6KS\u00c9G<\/h2>\n<table width=\"100%\">\n<tbody>\n<tr>\n<td><strong>N\u00e9v<\/strong><\/td>\n<td><strong>K\u00e9pviselt szervezet<\/strong><\/td>\n<\/tr>\n<tr>\n<td><\/td>\n<td><\/td>\n<\/tr>\n<tr>\n<td><strong><em>Eln\u00f6k<\/em><\/strong><\/td>\n<td><\/td>\n<\/tr>\n<tr>\n<td>Fodor J\u00e1nos<\/td>\n<td>Visznek K\u00f6zs\u00e9gi \u00d6nkorm\u00e1nyzat<\/td>\n<\/tr>\n<tr>\n<td><\/td>\n<td><\/td>\n<\/tr>\n<tr>\n<td><strong><em>Aleln\u00f6k\u00f6k<\/em><\/strong><\/td>\n<td><\/td>\n<\/tr>\n<tr>\n<td>dr. Lakatos Roz\u00e1lia<\/td>\n<td>Halmajugra K\u00f6zs\u00e9gi \u00d6nkorm\u00e1nyzat<\/td>\n<\/tr>\n<tr>\n<td>Szekeres J\u00e1nos Imr\u00e9n\u00e9<\/td>\n<td>Z\u00e9ta Kultur\u00e1lis Egyes\u00fclet<\/td>\n<\/tr>\n<tr>\n<td><\/td>\n<td><\/td>\n<\/tr>\n<tr>\n<td><strong><em>Eln\u00f6ks\u00e9gi tagok<\/em><\/strong><\/td>\n<td><\/td>\n<\/tr>\n<tr>\n<td>Berta Zo\u00e9<\/td>\n<td>Kamaszka Hagyom\u00e1ny\u00f6rz\u0151 N\u00e9pt\u00e1nc Egyes\u00fclet<\/td>\n<\/tr>\n<tr>\n<td>Holl\u00f3-Cseh Ren\u00e1ta Katalin<\/td>\n<td>Olga-Major Kft.<\/td>\n<\/tr>\n<tr>\n<td>F\u00f6ldi Csaba<\/td>\n<td>Kar\u00e1csond K\u00f6zs\u00e9gi \u00d6nkorm\u00e1nyzat<\/td>\n<\/tr>\n\n<tr>\n<td>Szab\u00f3 Ferenc<\/td>\n<td>K\u00e1rm\u00e9luska Megment\u00e9s\u00e9\u00e9rt Alap\u00edtv\u00e1ny<\/td>\n<\/tr>\n<tr>\n<td>Varga L\u00e1szl\u00f3n\u00e9<\/td>\n<td>Egy\u00fctt Gy\u00f6ngy\u00f6spat\u00e1\u00e9rt Bar\u00e1ti K\u00f6r Egyes\u00fclet<\/td>\n<\/tr>\n<tr>\n<td>V\u00e1mosn\u00e9 Szepes Katalin<\/td>\n<td>Markaz K\u00f6zs\u00e9g\u00e9rt Alap\u00edtv\u00e1ny<\/td>\n<\/tr>\n<\/tbody>\n<\/table>\t\t\t\t\t\t\t\t<\/div>\n\t\t\t\t<\/div>\n\t\t\t\t\t<\/div>\n\t\t\t\t<\/div>\n\t\t\t\t<\/div>\n\t\t\t\t<\/div>\n\t\t","protected":false},"excerpt":{"rendered":"<p>HFS HELYI LEADER FELH\u00cdV\u00c1SOK TELEP\u00dcL\u00c9SEINK EREDM\u00c9NYEINK M\u0170K\u00d6D\u00c9SI K\u00d6LTS\u00c9GEK DOKUMENTUMT\u00c1R IRODA NYITVATART\u00c1SA: H\u00e9tf\u0151: 7.30 \u2013 16.00Kedd: 7.30 \u2013 16.00Szerda: 7.30 \u2013 16.00Cs\u00fct\u00f6rt\u00f6k: 7.30 \u2013 16.00P\u00e9ntek: 7.30 \u2013 14.00 Fax sz\u00e1m: 37\/770-005 \u00a0 ELN\u00d6KS\u00c9G N\u00e9v K\u00e9pviselt szervezet Eln\u00f6k Fodor J\u00e1nos Visznek K\u00f6zs\u00e9gi \u00d6nkorm\u00e1nyzat Aleln\u00f6k\u00f6k dr. Lakatos Roz\u00e1lia Halmajugra K\u00f6zs\u00e9gi \u00d6nkorm\u00e1nyzat Szekeres J\u00e1nos Imr\u00e9n\u00e9 Z\u00e9ta Kultur\u00e1lis Egyes\u00fclet Eln\u00f6ks\u00e9gi [&hellip;]<\/p>\n","protected":false},"author":1,"featured_media":0,"parent":0,"menu_order":0,"comment_status":"closed","ping_status":"closed","template":"","meta":{"footnotes":""},"class_list":["post-697","page","type-page","status-publish","hentry"],"rttpg_featured_image_url":null,"rttpg_author":{"display_name":"d@lmatra","author_link":"https:\/\/delmatra.hu\/2024\/author\/dlmatra\/"},"rttpg_comment":0,"rttpg_category":null,"rttpg_excerpt":"HFS HELYI LEADER FELH\u00cdV\u00c1SOK TELEP\u00dcL\u00c9SEINK EREDM\u00c9NYEINK M\u0170K\u00d6D\u00c9SI K\u00d6LTS\u00c9GEK DOKUMENTUMT\u00c1R IRODA NYITVATART\u00c1SA: H\u00e9tf\u0151: 7.30 \u2013 16.00Kedd: 7.30 \u2013 16.00Szerda: 7.30 \u2013 16.00Cs\u00fct\u00f6rt\u00f6k: 7.30 \u2013 16.00P\u00e9ntek: 7.30 \u2013 14.00 Fax sz\u00e1m: 37\/770-005 \u00a0 ELN\u00d6KS\u00c9G N\u00e9v K\u00e9pviselt szervezet Eln\u00f6k Fodor J\u00e1nos Visznek K\u00f6zs\u00e9gi \u00d6nkorm\u00e1nyzat Aleln\u00f6k\u00f6k dr. Lakatos Roz\u00e1lia Halmajugra K\u00f6zs\u00e9gi \u00d6nkorm\u00e1nyzat Szekeres J\u00e1nos Imr\u00e9n\u00e9 Z\u00e9ta Kultur\u00e1lis Egyes\u00fclet Eln\u00f6ks\u00e9gi&hellip;","_links":{"self":[{"href":"https:\/\/delmatra.hu\/2024\/wp-json\/wp\/v2\/pages\/697","targetHints":{"allow":["GET"]}}],"collection":[{"href":"https:\/\/delmatra.hu\/2024\/wp-json\/wp\/v2\/pages"}],"about":[{"href":"https:\/\/delmatra.hu\/2024\/wp-json\/wp\/v2\/types\/page"}],"author":[{"embeddable":true,"href":"https:\/\/delmatra.hu\/2024\/wp-json\/wp\/v2\/users\/1"}],"replies":[{"embeddable":true,"href":"https:\/\/delmatra.hu\/2024\/wp-json\/wp\/v2\/comments?post=697"}],"version-history":[{"count":35,"href":"https:\/\/delmatra.hu\/2024\/wp-json\/wp\/v2\/pages\/697\/revisions"}],"predecessor-version":[{"id":2076,"href":"https:\/\/delmatra.hu\/2024\/wp-json\/wp\/v2\/pages\/697\/revisions\/2076"}],"wp:attachment":[{"href":"https:\/\/delmatra.hu\/2024\/wp-json\/wp\/v2\/media?parent=697"}],"curies":[{"name":"wp","href":"https:\/\/api.w.org\/{rel}","templated":true}]}}