{"id":691,"date":"2024-12-27T16:59:56","date_gmt":"2024-12-27T15:59:56","guid":{"rendered":"https:\/\/delmatra.hu\/2024\/?page_id=691"},"modified":"2024-12-29T16:23:34","modified_gmt":"2024-12-29T15:23:34","slug":"rolunk","status":"publish","type":"page","link":"https:\/\/delmatra.hu\/2024\/rolunk\/","title":{"rendered":"R\u00d3LUNK"},"content":{"rendered":"\t\t<div data-elementor-type=\"wp-page\" data-elementor-id=\"691\" class=\"elementor elementor-691\">\n\t\t\t\t<div class=\"elementor-element elementor-element-1ea49a3 e-grid e-con-full e-con e-parent\" data-id=\"1ea49a3\" data-element_type=\"container\" data-settings=\"{&quot;background_background&quot;:&quot;classic&quot;}\">\n\t\t<div class=\"elementor-element elementor-element-59dd4e2 e-grid elementor-hidden-desktop elementor-hidden-tablet elementor-hidden-mobile elementor-hidden-tablet_extra elementor-hidden-mobile_extra e-con-boxed e-con e-child\" data-id=\"59dd4e2\" data-element_type=\"container\" data-settings=\"{&quot;background_background&quot;:&quot;classic&quot;}\">\n\t\t\t\t\t<div class=\"e-con-inner\">\n\t\t\t\t<div class=\"elementor-element elementor-element-7b23fc7 elementor-align-justify elementor-widget__width-initial elementor-widget elementor-widget-button\" data-id=\"7b23fc7\" data-element_type=\"widget\" data-widget_type=\"button.default\">\n\t\t\t\t<div class=\"elementor-widget-container\">\n\t\t\t\t\t\t\t\t\t<div class=\"elementor-button-wrapper\">\n\t\t\t\t\t<a class=\"elementor-button elementor-button-link elementor-size-sm\" href=\"#\">\n\t\t\t\t\t\t<span class=\"elementor-button-content-wrapper\">\n\t\t\t\t\t\t\t\t\t<span class=\"elementor-button-text\">HFS HELYI LEADER FELH\u00cdV\u00c1SOK<\/span>\n\t\t\t\t\t<\/span>\n\t\t\t\t\t<\/a>\n\t\t\t\t<\/div>\n\t\t\t\t\t\t\t\t<\/div>\n\t\t\t\t<\/div>\n\t\t\t\t<div class=\"elementor-element elementor-element-452172c elementor-align-justify elementor-widget__width-initial elementor-widget elementor-widget-button\" data-id=\"452172c\" data-element_type=\"widget\" data-widget_type=\"button.default\">\n\t\t\t\t<div class=\"elementor-widget-container\">\n\t\t\t\t\t\t\t\t\t<div class=\"elementor-button-wrapper\">\n\t\t\t\t\t<a class=\"elementor-button elementor-button-link elementor-size-sm\" href=\"#\">\n\t\t\t\t\t\t<span class=\"elementor-button-content-wrapper\">\n\t\t\t\t\t\t\t\t\t<span class=\"elementor-button-text\">TELEP\u00dcL\u00c9SEINK<\/span>\n\t\t\t\t\t<\/span>\n\t\t\t\t\t<\/a>\n\t\t\t\t<\/div>\n\t\t\t\t\t\t\t\t<\/div>\n\t\t\t\t<\/div>\n\t\t\t\t<div class=\"elementor-element elementor-element-3bde0c0 elementor-align-justify elementor-widget__width-initial elementor-widget elementor-widget-button\" data-id=\"3bde0c0\" data-element_type=\"widget\" data-widget_type=\"button.default\">\n\t\t\t\t<div class=\"elementor-widget-container\">\n\t\t\t\t\t\t\t\t\t<div class=\"elementor-button-wrapper\">\n\t\t\t\t\t<a class=\"elementor-button elementor-button-link elementor-size-sm\" href=\"#\">\n\t\t\t\t\t\t<span class=\"elementor-button-content-wrapper\">\n\t\t\t\t\t\t\t\t\t<span class=\"elementor-button-text\">EREDM\u00c9NYEINK<\/span>\n\t\t\t\t\t<\/span>\n\t\t\t\t\t<\/a>\n\t\t\t\t<\/div>\n\t\t\t\t\t\t\t\t<\/div>\n\t\t\t\t<\/div>\n\t\t\t\t<div class=\"elementor-element elementor-element-e279a13 elementor-align-justify elementor-widget__width-initial elementor-widget elementor-widget-button\" data-id=\"e279a13\" data-element_type=\"widget\" data-widget_type=\"button.default\">\n\t\t\t\t<div class=\"elementor-widget-container\">\n\t\t\t\t\t\t\t\t\t<div class=\"elementor-button-wrapper\">\n\t\t\t\t\t<a class=\"elementor-button elementor-button-link elementor-size-sm\" href=\"#\">\n\t\t\t\t\t\t<span class=\"elementor-button-content-wrapper\">\n\t\t\t\t\t\t\t\t\t<span class=\"elementor-button-text\">M\u0170K\u00d6D\u00c9SI K\u00d6LTS\u00c9GEK<\/span>\n\t\t\t\t\t<\/span>\n\t\t\t\t\t<\/a>\n\t\t\t\t<\/div>\n\t\t\t\t\t\t\t\t<\/div>\n\t\t\t\t<\/div>\n\t\t\t\t<div class=\"elementor-element elementor-element-8feafea elementor-align-justify elementor-widget__width-initial elementor-widget elementor-widget-button\" data-id=\"8feafea\" data-element_type=\"widget\" data-widget_type=\"button.default\">\n\t\t\t\t<div class=\"elementor-widget-container\">\n\t\t\t\t\t\t\t\t\t<div class=\"elementor-button-wrapper\">\n\t\t\t\t\t<a class=\"elementor-button elementor-button-link elementor-size-sm\" href=\"#\">\n\t\t\t\t\t\t<span class=\"elementor-button-content-wrapper\">\n\t\t\t\t\t\t\t\t\t<span class=\"elementor-button-text\">DOKUMENTUMT\u00c1R<\/span>\n\t\t\t\t\t<\/span>\n\t\t\t\t\t<\/a>\n\t\t\t\t<\/div>\n\t\t\t\t\t\t\t\t<\/div>\n\t\t\t\t<\/div>\n\t\t\t\t<div class=\"elementor-element elementor-element-3f07f6a elementor-widget elementor-widget-text-editor\" data-id=\"3f07f6a\" data-element_type=\"widget\" data-widget_type=\"text-editor.default\">\n\t\t\t\t<div class=\"elementor-widget-container\">\n\t\t\t\t\t\t\t\t\t<p><span style=\"color: #ffffff;\"><em><strong>IRODA NYITVATART\u00c1SA:<\/strong><\/em><\/span><\/p><p><span style=\"color: #ffffff;\">H\u00e9tf\u0151: 7.30 \u2013 16.00<\/span><br \/><span style=\"color: #ffffff;\">Kedd: 7.30 \u2013 16.00<\/span><br \/><span style=\"color: #ffffff;\">Szerda: 7.30 \u2013 16.00<\/span><br \/><span style=\"color: #ffffff;\">Cs\u00fct\u00f6rt\u00f6k: 7.30 \u2013 16.00<\/span><br \/><span style=\"color: #ffffff;\">P\u00e9ntek: 7.30 \u2013 14.00<\/span><\/p><p><span style=\"color: #ffffff;\"><em><strong>Fax sz\u00e1m: 37\/770-005<\/strong><\/em><\/span><\/p><div><p><span style=\"color: #ffffff;\"><em><strong>\u00a0<\/strong><\/em><\/span><\/p><\/div>\t\t\t\t\t\t\t\t<\/div>\n\t\t\t\t<\/div>\n\t\t\t\t\t<\/div>\n\t\t\t\t<\/div>\n\t\t<div class=\"elementor-element elementor-element-ae52523 e-flex e-con-boxed e-con e-child\" data-id=\"ae52523\" data-element_type=\"container\" data-settings=\"{&quot;background_background&quot;:&quot;classic&quot;}\">\n\t\t\t\t\t<div class=\"e-con-inner\">\n\t\t\t\t<div class=\"elementor-element elementor-element-1665122 elementor-widget elementor-widget-text-editor\" data-id=\"1665122\" data-element_type=\"widget\" data-widget_type=\"text-editor.default\">\n\t\t\t\t<div class=\"elementor-widget-container\">\n\t\t\t\t\t\t\t\t\t<h2>\u00a0Kedves L\u00e1togat\u00f3! \u00a0<\/h2><p>Tisztelettel k\u00f6sz\u00f6nt\u00f6m a D\u00e9l-M\u00e1tra K\u00f6zhaszn\u00fa Egyes\u00fclet honlapj\u00e1n!<\/p><p>\u00d6r\u00f6m\u00f6mre szolg\u00e1l, hogy ilyen m\u00f3don tudunk tal\u00e1lkozni!<\/p><p>Abas\u00e1r, Ad\u00e1cs, Atk\u00e1r, Detk, Domoszl\u00f3, Gy\u00f6ngy\u00f6shal\u00e1sz, Gy\u00f6ngy\u00f6spata, Gy\u00f6ngy\u00f6ssolymos, Gy\u00f6ngy\u00f6starj\u00e1n, Gy\u00f6ngy\u00f6soroszi, Halmajugra, Kar\u00e1csond, Kisn\u00e1na, Ludas, Markaz, M\u00e1traszentimre, Nagyr\u00e9de, Nagyf\u00fcged, P\u00e1losv\u00f6r\u00f6smart, Sz\u00fccsi, V\u00e1mosgy\u00f6rk, V\u00e9cs, Visonta, Visznek, k\u00f6zs\u00e9gek alkotj\u00e1k az egyes\u00fcletet.<\/p><p>Alap\u00edt\u00f3 tagjaink k\u00f6z\u00f6tt ott vannak \u00f6nkorm\u00e1nyzatok, kisebbs\u00e9gi \u00f6nkorm\u00e1nyzatok, egyh\u00e1zi szervezetek, civil szervezetek, v\u00e1llalkoz\u00f3k, mag\u00e1nszem\u00e9lyek. K\u00e9rem ne vegye id\u0151pocs\u00e9kol\u00e1snak, ha nagyon r\u00f6viden kit\u00e9rek arra, hogy mi is volt az el\u0151zm\u00e9nye annak, hogy ilyen form\u00e1ban is \u00f6ssze tudott fogni itt a M\u00e1tra t\u00e9rs\u00e9g\u00e9ben ez a 24 k\u00f6zs\u00e9g.<\/p><p>A kor\u00e1bbi LEADER+ programban sikeresen tudott egy\u00fcttm\u0171k\u00f6dni 11 telep\u00fcl\u00e9s, akik megteremtett\u00e9k annak lehet\u0151s\u00e9g\u00e9t, hogy a gy\u00f6ngy\u00f6si statisztikai kist\u00e9rs\u00e9g t\u00f6bbi telep\u00fcl\u00e9se is alap\u00edt\u00f3 tagk\u00e9nt hozza l\u00e9tre azt az egyes\u00fcletet amelynek feladata a t\u00e9rs\u00e9gben a vid\u00e9kfejleszt\u00e9si feladatok koordin\u00e1l\u00e1sa, levez\u00e9nyl\u00e9se. Telep\u00fcl\u00e9seinknek siker\u00fclt egy olyan p\u00e9lda\u00e9rt\u00e9k\u0171 \u00f6sszefog\u00e1s eredm\u00e9nyek\u00e9ppen l\u00e9trehozni ezt az egyes\u00fcletet, amely m\u00e9lt\u00e1n b\u00edzhat annak a Vid\u00e9kfejleszt\u00e9si Strat\u00e9gi\u00e1nak a sikeres v\u00e9grehajt\u00e1s\u00e1ban, amelyet t\u00f6bb mint egy \u00e9ves tervez\u0151i, el\u0151k\u00e9sz\u00edt\u0151i munka eredm\u00e9nyek\u00e9ppen elfogadtak, \u00e9s alkalmasnak tal\u00e1ltak arra, hogy ennek alapj\u00e1n vid\u00e9kfejleszt\u00e9si projektek val\u00f3suljanak meg telep\u00fcl\u00e9seinken a 2013-ig tart\u00f3 id\u0151szakban.<\/p><p>Az \u00daj Magyarorsz\u00e1g Vid\u00e9kfejleszt\u00e9si Program r\u00e9szek\u00e9nt mintegy 1,5 milli\u00e1rd Ft felhaszn\u00e1l\u00e1s\u00e1t tervezt\u00fck meg erre az id\u0151szakra, a program III. \u00e9s IV. tengelyeinek keret\u00e9n bel\u00fcl.\u00a0 R\u00e9g\u00f3ta d\u00e9delgetett \u00e1lmunk val\u00f3sult meg, amelynek sikere \u00e9rdek\u00e9ben nagyon sokat tettek a telep\u00fcl\u00e9sek K\u00e9pvisel\u0151test\u00fcletei, jegyz\u0151k \u00e9s a polg\u00e1rmesterek, \u00e9s mindazon szem\u00e9lyek, akik tagjai az egyes\u00fcletnek. De ki kell hangs\u00falyozni, hogy nem csak a tagok profit\u00e1lhatnak majd ezeknek a lehet\u0151s\u00e9geknek a kapcs\u00e1n, hanem mindenki, akik a telep\u00fcl\u00e9seinken \u00e9l \u00e9s dolgozik. Minden v\u00e1llalkoz\u00f3, egyh\u00e1zk\u00f6zs\u00e9g, mag\u00e1nszem\u00e9ly, civil szervezet \u00e9s \u00f6nkorm\u00e1nyzat megfogalmazhatja, \u00e9s es\u00e9llyel p\u00e1ly\u00e1zhat elk\u00e9pzel\u00e9sei megval\u00f3s\u00edt\u00e1s\u00e1ra, amennyiben megfelel a szigor\u00fa szab\u00e1lyoknak, a p\u00e1ly\u00e1zati felt\u00e9teleknek.<\/p><p>V\u00e1runk olyan k\u00e9relmeket, amelyek hozz\u00e1j\u00e1rulnak telep\u00fcl\u00e9seink fejl\u0151d\u00e9s\u00e9hez. B\u00edzunk abban, hogy a sok el\u0151k\u00e9sz\u00edt\u0151 munka meghozza gy\u00fcm\u00f6lcs\u00e9t \u00e9s teljes\u00fclnek elk\u00e9pzel\u00e9seink, miszerint fejl\u0151d\u0151 gazdas\u00e1g, \u00e9lhet\u0151 k\u00f6rnyezet, \u00e9s meg\u0151rz\u00f6tt hagyom\u00e1nyok jellemzik majd telep\u00fcl\u00e9seinket.<\/p><p>Az Egyes\u00fclet munkaszervezet\u00e9nek munkat\u00e1rsai sz\u00edvesen seg\u00edtenek k\u00e9rd\u00e9seik megv\u00e1laszol\u00e1s\u00e1ban, k\u00e9rem \u00d6n\u00f6ket, hogy k\u00e9relmeiket rajtunk kereszt\u00fcl juttass\u00e1k el, adj\u00e1k be elb\u00edr\u00e1l\u00e1sra. K\u00e9rem, k\u00eds\u00e9rje figyelemmel honlapunkat, ahol igyeksz\u00fcnk egyr\u00e9szt mindenki sz\u00e1m\u00e1ra bemutatni m\u00faltunkat, t\u00e1j\u00e9koztat\u00e1st adni jelen\u00fcnkr\u0151l, \u00e9s megismertetni az \u00e9rdekl\u0151d\u0151ket terveinkkel, amelyekkel a telep\u00fcl\u00e9seink fejl\u0151d\u00e9s\u00e9t szeretn\u00e9nk seg\u00edteni.<\/p><p>Meg kell k\u00f6sz\u00f6nn\u00f6m mindenkinek a seg\u00edts\u00e9g\u00e9t, akik tettek az\u00e9rt, hogy ez az \u00f6sszefog\u00e1s sikeresen l\u00e9trej\u00f6hetett.\u00a0 Rem\u00e9lem, hogy ez az oldal sok hasznos ismeretet fog megosztani \u00d6nnel a telep\u00fcl\u00e9seinkr\u0151l, mag\u00e1r\u00f3l a rendszerr\u0151l.<\/p><p>Kellemes barangol\u00e1st k\u00edv\u00e1nok \u00d6n\u00f6knek, ezen az \u00fajonnan elk\u00e9sz\u00edtett \u00e9s folyamatosan b\u0151v\u00fcl\u0151, rem\u00e9nyeink szerint mindig naprak\u00e9sz honlapon.<\/p><p style=\"text-align: left;\">Atk\u00e1r Tass-puszta, 2021. szeptember 28.<\/p><p>\u00dcdv\u00f6zlettel:<\/p><p style=\"text-align: right;\">Fodor J\u00e1nos<br \/>Visznek polg\u00e1rmestere<\/p>\t\t\t\t\t\t\t\t<\/div>\n\t\t\t\t<\/div>\n\t\t\t\t\t<\/div>\n\t\t\t\t<\/div>\n\t\t\t\t<\/div>\n\t\t\t\t<\/div>\n\t\t","protected":false},"excerpt":{"rendered":"<p>HFS HELYI LEADER FELH\u00cdV\u00c1SOK TELEP\u00dcL\u00c9SEINK EREDM\u00c9NYEINK M\u0170K\u00d6D\u00c9SI K\u00d6LTS\u00c9GEK DOKUMENTUMT\u00c1R IRODA NYITVATART\u00c1SA: H\u00e9tf\u0151: 7.30 \u2013 16.00Kedd: 7.30 \u2013 16.00Szerda: 7.30 \u2013 16.00Cs\u00fct\u00f6rt\u00f6k: 7.30 \u2013 16.00P\u00e9ntek: 7.30 \u2013 14.00 Fax sz\u00e1m: 37\/770-005 \u00a0 \u00a0Kedves L\u00e1togat\u00f3! \u00a0 Tisztelettel k\u00f6sz\u00f6nt\u00f6m a D\u00e9l-M\u00e1tra K\u00f6zhaszn\u00fa Egyes\u00fclet honlapj\u00e1n! \u00d6r\u00f6m\u00f6mre szolg\u00e1l, hogy ilyen m\u00f3don tudunk tal\u00e1lkozni! Abas\u00e1r, Ad\u00e1cs, Atk\u00e1r, Detk, Domoszl\u00f3, Gy\u00f6ngy\u00f6shal\u00e1sz, Gy\u00f6ngy\u00f6spata, [&hellip;]<\/p>\n","protected":false},"author":1,"featured_media":0,"parent":0,"menu_order":0,"comment_status":"closed","ping_status":"closed","template":"","meta":{"footnotes":""},"class_list":["post-691","page","type-page","status-publish","hentry"],"rttpg_featured_image_url":null,"rttpg_author":{"display_name":"d@lmatra","author_link":"https:\/\/delmatra.hu\/2024\/author\/dlmatra\/"},"rttpg_comment":0,"rttpg_category":null,"rttpg_excerpt":"HFS HELYI LEADER FELH\u00cdV\u00c1SOK TELEP\u00dcL\u00c9SEINK EREDM\u00c9NYEINK M\u0170K\u00d6D\u00c9SI K\u00d6LTS\u00c9GEK DOKUMENTUMT\u00c1R IRODA NYITVATART\u00c1SA: H\u00e9tf\u0151: 7.30 \u2013 16.00Kedd: 7.30 \u2013 16.00Szerda: 7.30 \u2013 16.00Cs\u00fct\u00f6rt\u00f6k: 7.30 \u2013 16.00P\u00e9ntek: 7.30 \u2013 14.00 Fax sz\u00e1m: 37\/770-005 \u00a0 \u00a0Kedves L\u00e1togat\u00f3! \u00a0 Tisztelettel k\u00f6sz\u00f6nt\u00f6m a D\u00e9l-M\u00e1tra K\u00f6zhaszn\u00fa Egyes\u00fclet honlapj\u00e1n! \u00d6r\u00f6m\u00f6mre szolg\u00e1l, hogy ilyen m\u00f3don tudunk tal\u00e1lkozni! Abas\u00e1r, Ad\u00e1cs, Atk\u00e1r, Detk, Domoszl\u00f3, Gy\u00f6ngy\u00f6shal\u00e1sz, Gy\u00f6ngy\u00f6spata,&hellip;","_links":{"self":[{"href":"https:\/\/delmatra.hu\/2024\/wp-json\/wp\/v2\/pages\/691","targetHints":{"allow":["GET"]}}],"collection":[{"href":"https:\/\/delmatra.hu\/2024\/wp-json\/wp\/v2\/pages"}],"about":[{"href":"https:\/\/delmatra.hu\/2024\/wp-json\/wp\/v2\/types\/page"}],"author":[{"embeddable":true,"href":"https:\/\/delmatra.hu\/2024\/wp-json\/wp\/v2\/users\/1"}],"replies":[{"embeddable":true,"href":"https:\/\/delmatra.hu\/2024\/wp-json\/wp\/v2\/comments?post=691"}],"version-history":[{"count":13,"href":"https:\/\/delmatra.hu\/2024\/wp-json\/wp\/v2\/pages\/691\/revisions"}],"predecessor-version":[{"id":874,"href":"https:\/\/delmatra.hu\/2024\/wp-json\/wp\/v2\/pages\/691\/revisions\/874"}],"wp:attachment":[{"href":"https:\/\/delmatra.hu\/2024\/wp-json\/wp\/v2\/media?parent=691"}],"curies":[{"name":"wp","href":"https:\/\/api.w.org\/{rel}","templated":true}]}}