{"id":1585,"date":"2025-01-01T12:38:14","date_gmt":"2025-01-01T11:38:14","guid":{"rendered":"https:\/\/delmatra.hu\/2024\/?page_id=1585"},"modified":"2025-01-01T12:49:20","modified_gmt":"2025-01-01T11:49:20","slug":"kezmuveseink-helyi-termeloink-boraszaink","status":"publish","type":"page","link":"https:\/\/delmatra.hu\/2024\/kezmuveseink-helyi-termeloink-boraszaink\/","title":{"rendered":"K\u00c9ZM\u0170VESEINK, HELYI TERMEL\u0150INK, BOR\u00c1SZAINK"},"content":{"rendered":"\t\t<div data-elementor-type=\"wp-page\" data-elementor-id=\"1585\" class=\"elementor elementor-1585\">\n\t\t\t\t<div class=\"elementor-element elementor-element-9601960 e-grid e-con-full e-con e-parent\" data-id=\"9601960\" data-element_type=\"container\" data-settings=\"{&quot;background_background&quot;:&quot;classic&quot;}\">\n\t\t<div class=\"elementor-element elementor-element-3459d38 e-grid elementor-hidden-desktop elementor-hidden-tablet_extra elementor-hidden-tablet elementor-hidden-mobile_extra elementor-hidden-mobile e-con-boxed e-con e-child\" data-id=\"3459d38\" data-element_type=\"container\" data-settings=\"{&quot;background_background&quot;:&quot;classic&quot;}\">\n\t\t\t\t\t<div class=\"e-con-inner\">\n\t\t\t\t<div class=\"elementor-element elementor-element-b70cf82 elementor-align-justify elementor-widget__width-initial elementor-widget elementor-widget-button\" data-id=\"b70cf82\" data-element_type=\"widget\" data-widget_type=\"button.default\">\n\t\t\t\t<div class=\"elementor-widget-container\">\n\t\t\t\t\t\t\t\t\t<div class=\"elementor-button-wrapper\">\n\t\t\t\t\t<a class=\"elementor-button elementor-button-link elementor-size-sm\" href=\"https:\/\/delmatra.hu\/2024\/helyi-felhivasok\/\">\n\t\t\t\t\t\t<span class=\"elementor-button-content-wrapper\">\n\t\t\t\t\t\t\t\t\t<span class=\"elementor-button-text\">HFS HELYI LEADER FELH\u00cdV\u00c1SOK<\/span>\n\t\t\t\t\t<\/span>\n\t\t\t\t\t<\/a>\n\t\t\t\t<\/div>\n\t\t\t\t\t\t\t\t<\/div>\n\t\t\t\t<\/div>\n\t\t\t\t<div class=\"elementor-element elementor-element-d6dfd0a elementor-align-justify elementor-widget__width-initial elementor-widget elementor-widget-button\" data-id=\"d6dfd0a\" data-element_type=\"widget\" data-widget_type=\"button.default\">\n\t\t\t\t<div class=\"elementor-widget-container\">\n\t\t\t\t\t\t\t\t\t<div class=\"elementor-button-wrapper\">\n\t\t\t\t\t<a class=\"elementor-button elementor-button-link elementor-size-sm\" href=\"https:\/\/delmatra.hu\/2024\/termeszeti-es-epitett-oroksegeink\/\">\n\t\t\t\t\t\t<span class=\"elementor-button-content-wrapper\">\n\t\t\t\t\t\t\t\t\t<span class=\"elementor-button-text\">Term\u00e9szeti \u00e9s \u00e9p\u00edtett \u00f6r\u00f6ks\u00e9geink<\/span>\n\t\t\t\t\t<\/span>\n\t\t\t\t\t<\/a>\n\t\t\t\t<\/div>\n\t\t\t\t\t\t\t\t<\/div>\n\t\t\t\t<\/div>\n\t\t\t\t<div class=\"elementor-element elementor-element-f77fe32 elementor-align-justify elementor-widget__width-initial elementor-widget elementor-widget-button\" data-id=\"f77fe32\" data-element_type=\"widget\" data-widget_type=\"button.default\">\n\t\t\t\t<div class=\"elementor-widget-container\">\n\t\t\t\t\t\t\t\t\t<div class=\"elementor-button-wrapper\">\n\t\t\t\t\t<a class=\"elementor-button elementor-button-link elementor-size-sm\" href=\"https:\/\/delmatra.hu\/2024\/helyi-felhivasok\/\">\n\t\t\t\t\t\t<span class=\"elementor-button-content-wrapper\">\n\t\t\t\t\t\t\t\t\t<span class=\"elementor-button-text\">K\u00e9zm\u0171veseink, Helyi termel\u0151ink, Bor\u00e1szaink<\/span>\n\t\t\t\t\t<\/span>\n\t\t\t\t\t<\/a>\n\t\t\t\t<\/div>\n\t\t\t\t\t\t\t\t<\/div>\n\t\t\t\t<\/div>\n\t\t\t\t<div class=\"elementor-element elementor-element-28d1041 elementor-align-justify elementor-widget__width-initial elementor-widget elementor-widget-button\" data-id=\"28d1041\" data-element_type=\"widget\" data-widget_type=\"button.default\">\n\t\t\t\t<div class=\"elementor-widget-container\">\n\t\t\t\t\t\t\t\t\t<div class=\"elementor-button-wrapper\">\n\t\t\t\t\t<a class=\"elementor-button elementor-button-link elementor-size-sm\" href=\"https:\/\/delmatra.hu\/2024\/telepuleseink\/\">\n\t\t\t\t\t\t<span class=\"elementor-button-content-wrapper\">\n\t\t\t\t\t\t\t\t\t<span class=\"elementor-button-text\">TELEP\u00dcL\u00c9SEINK<\/span>\n\t\t\t\t\t<\/span>\n\t\t\t\t\t<\/a>\n\t\t\t\t<\/div>\n\t\t\t\t\t\t\t\t<\/div>\n\t\t\t\t<\/div>\n\t\t\t\t<div class=\"elementor-element elementor-element-b24b4cd elementor-align-justify elementor-widget__width-initial elementor-widget elementor-widget-button\" data-id=\"b24b4cd\" data-element_type=\"widget\" data-widget_type=\"button.default\">\n\t\t\t\t<div class=\"elementor-widget-container\">\n\t\t\t\t\t\t\t\t\t<div class=\"elementor-button-wrapper\">\n\t\t\t\t\t<a class=\"elementor-button elementor-button-link elementor-size-sm\" href=\"#\">\n\t\t\t\t\t\t<span class=\"elementor-button-content-wrapper\">\n\t\t\t\t\t\t\t\t\t<span class=\"elementor-button-text\">EREDM\u00c9NYEINK<\/span>\n\t\t\t\t\t<\/span>\n\t\t\t\t\t<\/a>\n\t\t\t\t<\/div>\n\t\t\t\t\t\t\t\t<\/div>\n\t\t\t\t<\/div>\n\t\t\t\t<div class=\"elementor-element elementor-element-3472255 elementor-align-justify elementor-widget__width-initial elementor-widget elementor-widget-button\" data-id=\"3472255\" data-element_type=\"widget\" data-widget_type=\"button.default\">\n\t\t\t\t<div class=\"elementor-widget-container\">\n\t\t\t\t\t\t\t\t\t<div class=\"elementor-button-wrapper\">\n\t\t\t\t\t<a class=\"elementor-button elementor-button-link elementor-size-sm\" href=\"#\">\n\t\t\t\t\t\t<span class=\"elementor-button-content-wrapper\">\n\t\t\t\t\t\t\t\t\t<span class=\"elementor-button-text\">ARCH\u00cdVUM<\/span>\n\t\t\t\t\t<\/span>\n\t\t\t\t\t<\/a>\n\t\t\t\t<\/div>\n\t\t\t\t\t\t\t\t<\/div>\n\t\t\t\t<\/div>\n\t\t\t\t<div class=\"elementor-element elementor-element-0c58af1 elementor-align-justify elementor-widget__width-initial elementor-widget elementor-widget-button\" data-id=\"0c58af1\" data-element_type=\"widget\" data-widget_type=\"button.default\">\n\t\t\t\t<div class=\"elementor-widget-container\">\n\t\t\t\t\t\t\t\t\t<div class=\"elementor-button-wrapper\">\n\t\t\t\t\t<a class=\"elementor-button elementor-button-link elementor-size-sm\" href=\"#\">\n\t\t\t\t\t\t<span class=\"elementor-button-content-wrapper\">\n\t\t\t\t\t\t\t\t\t<span class=\"elementor-button-text\">DOKUMENTUMT\u00c1R<\/span>\n\t\t\t\t\t<\/span>\n\t\t\t\t\t<\/a>\n\t\t\t\t<\/div>\n\t\t\t\t\t\t\t\t<\/div>\n\t\t\t\t<\/div>\n\t\t\t\t<div class=\"elementor-element elementor-element-b414311 elementor-widget elementor-widget-text-editor\" data-id=\"b414311\" data-element_type=\"widget\" data-widget_type=\"text-editor.default\">\n\t\t\t\t<div class=\"elementor-widget-container\">\n\t\t\t\t\t\t\t\t\t<p><span style=\"color: #ffffff;\"><em><strong>IRODA NYITVATART\u00c1SA:<\/strong><\/em><\/span><\/p><p><span style=\"color: #ffffff;\">H\u00e9tf\u0151: 7.30 \u2013 16.00<\/span><br \/><span style=\"color: #ffffff;\">Kedd: 7.30 \u2013 16.00<\/span><br \/><span style=\"color: #ffffff;\">Szerda: 7.30 \u2013 16.00<\/span><br \/><span style=\"color: #ffffff;\">Cs\u00fct\u00f6rt\u00f6k: 7.30 \u2013 16.00<\/span><br \/><span style=\"color: #ffffff;\">P\u00e9ntek: 7.30 \u2013 14.00<\/span><\/p><p><span style=\"color: #ffffff;\"><em><strong>Fax sz\u00e1m: 37\/770-005<\/strong><\/em><\/span><\/p><div><p><span style=\"color: #ffffff;\"><em><strong>\u00a0<\/strong><\/em><\/span><\/p><\/div>\t\t\t\t\t\t\t\t<\/div>\n\t\t\t\t<\/div>\n\t\t\t\t<div class=\"elementor-element elementor-element-335e671 elementor-widget elementor-widget-image\" data-id=\"335e671\" data-element_type=\"widget\" data-widget_type=\"image.default\">\n\t\t\t\t<div class=\"elementor-widget-container\">\n\t\t\t\t\t\t\t\t\t\t\t\t\t\t\t\t<a href=\"https:\/\/kap.gov.hu\/\" target=\"_blank\">\n\t\t\t\t\t\t\t<img decoding=\"async\" src=\"https:\/\/delmatra.hu\/2024\/wp-content\/uploads\/elementor\/thumbs\/kap-qz9qrnuckb6lm7qb9fg03cme0o2dgeayocs1p7yfwg.jpg\" title=\"kap\" alt=\"kap\" loading=\"lazy\" \/>\t\t\t\t\t\t\t\t<\/a>\n\t\t\t\t\t\t\t\t\t\t\t\t\t\t\t<\/div>\n\t\t\t\t<\/div>\n\t\t\t\t<div class=\"elementor-element elementor-element-fe2532f elementor-widget elementor-widget-image\" data-id=\"fe2532f\" data-element_type=\"widget\" data-widget_type=\"image.default\">\n\t\t\t\t<div class=\"elementor-widget-container\">\n\t\t\t\t\t\t\t\t\t\t\t\t\t\t\t\t<a href=\"https:\/\/kap.mnvh.eu\/KAP_II\" target=\"_blank\">\n\t\t\t\t\t\t\t<img decoding=\"async\" src=\"https:\/\/delmatra.hu\/2024\/wp-content\/uploads\/elementor\/thumbs\/eu_logo-qz9qych15wc06e0s8bghtnwe3b4c6wu8xfsck21nnk.jpg\" title=\"eu_logo\" alt=\"eu_logo\" loading=\"lazy\" \/>\t\t\t\t\t\t\t\t<\/a>\n\t\t\t\t\t\t\t\t\t\t\t\t\t\t\t<\/div>\n\t\t\t\t<\/div>\n\t\t\t\t\t<\/div>\n\t\t\t\t<\/div>\n\t\t<div class=\"elementor-element elementor-element-ae0e4ec e-grid e-con-boxed e-con e-child\" data-id=\"ae0e4ec\" data-element_type=\"container\" data-settings=\"{&quot;background_background&quot;:&quot;classic&quot;}\">\n\t\t\t\t\t<div class=\"e-con-inner\">\n\t\t\t\t<div class=\"elementor-element elementor-element-44319b6 elementor-widget elementor-widget-text-editor\" data-id=\"44319b6\" data-element_type=\"widget\" data-widget_type=\"text-editor.default\">\n\t\t\t\t<div class=\"elementor-widget-container\">\n\t\t\t\t\t\t\t\t\t<h2>K\u00c9ZM\u0170VESEINK, HELYI TERMEL\u0150INK, BOR\u00c1SZAINK\n<\/h2>\t\t\t\t\t\t\t\t<\/div>\n\t\t\t\t<\/div>\n\t\t\t\t<div class=\"elementor-element elementor-element-48fe22c elementor-align-justify elementor-widget__width-initial elementor-widget elementor-widget-button\" data-id=\"48fe22c\" data-element_type=\"widget\" data-widget_type=\"button.default\">\n\t\t\t\t<div class=\"elementor-widget-container\">\n\t\t\t\t\t\t\t\t\t<div class=\"elementor-button-wrapper\">\n\t\t\t\t\t<a class=\"elementor-button elementor-button-link elementor-size-sm\" href=\"https:\/\/delmatra.hu\/images\/borszok.pdf\" target=\"_blank\">\n\t\t\t\t\t\t<span class=\"elementor-button-content-wrapper\">\n\t\t\t\t\t\t\t\t\t<span class=\"elementor-button-text\">Bor\u00e1szaink , borosgazd\u00e1ink<\/span>\n\t\t\t\t\t<\/span>\n\t\t\t\t\t<\/a>\n\t\t\t\t<\/div>\n\t\t\t\t\t\t\t\t<\/div>\n\t\t\t\t<\/div>\n\t\t\t\t<div class=\"elementor-element elementor-element-1dc4170 elementor-align-justify elementor-widget__width-initial elementor-widget elementor-widget-button\" data-id=\"1dc4170\" data-element_type=\"widget\" data-widget_type=\"button.default\">\n\t\t\t\t<div class=\"elementor-widget-container\">\n\t\t\t\t\t\t\t\t\t<div class=\"elementor-button-wrapper\">\n\t\t\t\t\t<a class=\"elementor-button elementor-button-link elementor-size-sm\" href=\"https:\/\/delmatra.hu\/images\/Helyi_termelink.pdf\" target=\"_blank\">\n\t\t\t\t\t\t<span class=\"elementor-button-content-wrapper\">\n\t\t\t\t\t\t\t\t\t<span class=\"elementor-button-text\">HELYI TERMEL\u0150INK<\/span>\n\t\t\t\t\t<\/span>\n\t\t\t\t\t<\/a>\n\t\t\t\t<\/div>\n\t\t\t\t\t\t\t\t<\/div>\n\t\t\t\t<\/div>\n\t\t\t\t<div class=\"elementor-element elementor-element-62f219d elementor-align-justify elementor-widget__width-initial elementor-widget elementor-widget-button\" data-id=\"62f219d\" data-element_type=\"widget\" data-widget_type=\"button.default\">\n\t\t\t\t<div class=\"elementor-widget-container\">\n\t\t\t\t\t\t\t\t\t<div class=\"elementor-button-wrapper\">\n\t\t\t\t\t<a class=\"elementor-button elementor-button-link elementor-size-sm\" href=\"https:\/\/delmatra.hu\/images\/Kzmveseink.pdf\" target=\"_blank\">\n\t\t\t\t\t\t<span class=\"elementor-button-content-wrapper\">\n\t\t\t\t\t\t\t\t\t<span class=\"elementor-button-text\">K\u00c9ZM\u0170VESEINK<\/span>\n\t\t\t\t\t<\/span>\n\t\t\t\t\t<\/a>\n\t\t\t\t<\/div>\n\t\t\t\t\t\t\t\t<\/div>\n\t\t\t\t<\/div>\n\t\t\t\t\t<\/div>\n\t\t\t\t<\/div>\n\t\t\t\t<\/div>\n\t\t<div class=\"elementor-element elementor-element-50add9b e-con-full e-flex e-con e-parent\" data-id=\"50add9b\" data-element_type=\"container\" data-settings=\"{&quot;background_background&quot;:&quot;classic&quot;}\">\n\t\t<div class=\"elementor-element elementor-element-c34393f e-flex e-con-boxed e-con e-child\" data-id=\"c34393f\" data-element_type=\"container\" data-settings=\"{&quot;background_background&quot;:&quot;classic&quot;}\">\n\t\t\t\t\t<div class=\"e-con-inner\">\n\t\t<div class=\"elementor-element elementor-element-99b4bab e-grid e-con-full e-con e-child\" data-id=\"99b4bab\" data-element_type=\"container\">\n\t\t\t\t<div class=\"elementor-element elementor-element-68263d0 elementor-widget elementor-widget-image\" data-id=\"68263d0\" data-element_type=\"widget\" data-widget_type=\"image.default\">\n\t\t\t\t<div class=\"elementor-widget-container\">\n\t\t\t\t\t\t\t\t\t\t\t\t\t\t\t\t<a href=\"https:\/\/kap.gov.hu\/\" target=\"_blank\">\n\t\t\t\t\t\t\t<img decoding=\"async\" src=\"https:\/\/delmatra.hu\/2024\/wp-content\/uploads\/elementor\/thumbs\/kap-qz9qrnuckb6lm7qb9fg03cme0o2dgeayocs1p7yfwg.jpg\" title=\"kap\" alt=\"kap\" loading=\"lazy\" \/>\t\t\t\t\t\t\t\t<\/a>\n\t\t\t\t\t\t\t\t\t\t\t\t\t\t\t<\/div>\n\t\t\t\t<\/div>\n\t\t\t\t<div class=\"elementor-element elementor-element-7ba5dd1 elementor-widget elementor-widget-image\" data-id=\"7ba5dd1\" data-element_type=\"widget\" data-widget_type=\"image.default\">\n\t\t\t\t<div class=\"elementor-widget-container\">\n\t\t\t\t\t\t\t\t\t\t\t\t\t\t\t\t<a href=\"https:\/\/kap.mnvh.eu\/KAP_II\" target=\"_blank\">\n\t\t\t\t\t\t\t<img decoding=\"async\" src=\"https:\/\/delmatra.hu\/2024\/wp-content\/uploads\/elementor\/thumbs\/eu_logo-qz9qych15wc06e0s8bghtnwe3b4c6wu8xfsck21nnk.jpg\" title=\"eu_logo\" alt=\"eu_logo\" loading=\"lazy\" \/>\t\t\t\t\t\t\t\t<\/a>\n\t\t\t\t\t\t\t\t\t\t\t\t\t\t\t<\/div>\n\t\t\t\t<\/div>\n\t\t\t\t<div class=\"elementor-element elementor-element-937e4d0 elementor-widget elementor-widget-image\" data-id=\"937e4d0\" data-element_type=\"widget\" data-widget_type=\"image.default\">\n\t\t\t\t<div class=\"elementor-widget-container\">\n\t\t\t\t\t\t\t\t\t\t\t\t\t\t\t\t<a href=\"https:\/\/delmatra.hu\/images\/Turisztikai_szolgltatk_adatbzisa_2014--2023.pdf\" target=\"_blank\">\n\t\t\t\t\t\t\t<img decoding=\"async\" src=\"https:\/\/delmatra.hu\/2024\/wp-content\/uploads\/elementor\/thumbs\/LEADER-logo-qz8b22hd6isvwbsrnqtkw47wejmewlwoqbn36w5r0g.jpg\" title=\"LEADER logo\" alt=\"LEADER logo\" loading=\"lazy\" \/>\t\t\t\t\t\t\t\t<\/a>\n\t\t\t\t\t\t\t\t\t\t\t\t\t\t\t<\/div>\n\t\t\t\t<\/div>\n\t\t\t\t<div class=\"elementor-element elementor-element-d82a7c6 elementor-widget elementor-widget-image\" data-id=\"d82a7c6\" data-element_type=\"widget\" data-widget_type=\"image.default\">\n\t\t\t\t<div class=\"elementor-widget-container\">\n\t\t\t\t\t\t\t\t\t\t\t\t\t\t\t\t<a href=\"https:\/\/magyarkozlony.hu\/\" target=\"_blank\">\n\t\t\t\t\t\t\t<img decoding=\"async\" width=\"168\" height=\"54\" src=\"https:\/\/delmatra.hu\/2024\/wp-content\/uploads\/2024\/12\/mkozlony.png\" class=\"attachment-medium size-medium wp-image-1242\" alt=\"\" \/>\t\t\t\t\t\t\t\t<\/a>\n\t\t\t\t\t\t\t\t\t\t\t\t\t\t\t<\/div>\n\t\t\t\t<\/div>\n\t\t\t\t<div class=\"elementor-element elementor-element-0bd9d88 elementor-widget elementor-widget-image\" data-id=\"0bd9d88\" data-element_type=\"widget\" data-widget_type=\"image.default\">\n\t\t\t\t<div class=\"elementor-widget-container\">\n\t\t\t\t\t\t\t\t\t\t\t\t\t\t\t\t<a href=\"https:\/\/www.allamkincstar.gov.hu\/\" target=\"_blank\">\n\t\t\t\t\t\t\t<img decoding=\"async\" width=\"275\" height=\"75\" src=\"https:\/\/delmatra.hu\/2024\/wp-content\/uploads\/2024\/12\/allamk.png\" class=\"attachment-medium size-medium wp-image-1251\" alt=\"\" \/>\t\t\t\t\t\t\t\t<\/a>\n\t\t\t\t\t\t\t\t\t\t\t\t\t\t\t<\/div>\n\t\t\t\t<\/div>\n\t\t\t\t<div class=\"elementor-element elementor-element-8b3064b elementor-widget elementor-widget-image\" data-id=\"8b3064b\" data-element_type=\"widget\" data-widget_type=\"image.default\">\n\t\t\t\t<div class=\"elementor-widget-container\">\n\t\t\t\t\t\t\t\t\t\t\t\t\t\t\t\t<a href=\"https:\/\/portal.nebih.gov.hu\/\" target=\"_blank\">\n\t\t\t\t\t\t\t<img decoding=\"async\" width=\"143\" height=\"61\" src=\"https:\/\/delmatra.hu\/2024\/wp-content\/uploads\/2024\/12\/nebih.jpg\" class=\"attachment-medium size-medium wp-image-1255\" alt=\"\" \/>\t\t\t\t\t\t\t\t<\/a>\n\t\t\t\t\t\t\t\t\t\t\t\t\t\t\t<\/div>\n\t\t\t\t<\/div>\n\t\t\t\t<div class=\"elementor-element elementor-element-c6cccc8 elementor-widget elementor-widget-image\" data-id=\"c6cccc8\" data-element_type=\"widget\" data-widget_type=\"image.default\">\n\t\t\t\t<div class=\"elementor-widget-container\">\n\t\t\t\t\t\t\t\t\t\t\t\t\t\t\t\t<a href=\"https:\/\/mnvh.hu\/\" target=\"_blank\">\n\t\t\t\t\t\t\t<img decoding=\"async\" src=\"https:\/\/delmatra.hu\/2024\/wp-content\/uploads\/elementor\/thumbs\/image002-qz9r4dlr0ml8ob9e0fbbbn3vbbe4kzs8rahiez3pq8.jpg\" title=\"image002\" alt=\"image002\" loading=\"lazy\" \/>\t\t\t\t\t\t\t\t<\/a>\n\t\t\t\t\t\t\t\t\t\t\t\t\t\t\t<\/div>\n\t\t\t\t<\/div>\n\t\t\t\t<div class=\"elementor-element elementor-element-1b4e72a elementor-widget elementor-widget-image\" data-id=\"1b4e72a\" data-element_type=\"widget\" data-widget_type=\"image.default\">\n\t\t\t\t<div class=\"elementor-widget-container\">\n\t\t\t\t\t\t\t\t\t\t\t\t\t\t\t\t<a href=\"http:\/\/europa.eu\/index_hu.htm\" target=\"_blank\">\n\t\t\t\t\t\t\t<img decoding=\"async\" src=\"https:\/\/delmatra.hu\/2024\/wp-content\/uploads\/elementor\/thumbs\/image009-qz9r5w4e10nvdp2762voc9clrnxezfsoasbo90uvpc.jpg\" title=\"image009\" alt=\"image009\" loading=\"lazy\" \/>\t\t\t\t\t\t\t\t<\/a>\n\t\t\t\t\t\t\t\t\t\t\t\t\t\t\t<\/div>\n\t\t\t\t<\/div>\n\t\t\t\t<div class=\"elementor-element elementor-element-0c4c6ba elementor-widget elementor-widget-image\" data-id=\"0c4c6ba\" data-element_type=\"widget\" data-widget_type=\"image.default\">\n\t\t\t\t<div class=\"elementor-widget-container\">\n\t\t\t\t\t\t\t\t\t\t\t\t\t\t\t\t<a href=\"https:\/\/kormany.hu\/agrarminiszterium\" target=\"_blank\">\n\t\t\t\t\t\t\t<img decoding=\"async\" src=\"https:\/\/delmatra.hu\/2024\/wp-content\/uploads\/elementor\/thumbs\/agrarmin-qz9r6q783pt1p7uiafvqk1rcrzt5tr432x77lvma68.jpg\" title=\"agrarmin\" alt=\"agrarmin\" loading=\"lazy\" \/>\t\t\t\t\t\t\t\t<\/a>\n\t\t\t\t\t\t\t\t\t\t\t\t\t\t\t<\/div>\n\t\t\t\t<\/div>\n\t\t\t\t<div class=\"elementor-element elementor-element-fa3a3bd elementor-widget elementor-widget-image\" data-id=\"fa3a3bd\" data-element_type=\"widget\" data-widget_type=\"image.default\">\n\t\t\t\t<div class=\"elementor-widget-container\">\n\t\t\t\t\t\t\t\t\t\t\t\t\t\t\t\t<a href=\"https:\/\/magyarmezogazdasag.hu\/\" target=\"_blank\">\n\t\t\t\t\t\t\t<img decoding=\"async\" src=\"https:\/\/delmatra.hu\/2024\/wp-content\/uploads\/elementor\/thumbs\/30mg-qz9spdjffym2lqzzbcjebc540ork32o1qpiwnfaark.png\" title=\"30mg\" alt=\"30mg\" loading=\"lazy\" \/>\t\t\t\t\t\t\t\t<\/a>\n\t\t\t\t\t\t\t\t\t\t\t\t\t\t\t<\/div>\n\t\t\t\t<\/div>\n\t\t\t\t<div class=\"elementor-element elementor-element-72e5610 elementor-widget elementor-widget-image\" data-id=\"72e5610\" data-element_type=\"widget\" data-widget_type=\"image.default\">\n\t\t\t\t<div class=\"elementor-widget-container\">\n\t\t\t\t\t\t\t\t\t\t\t\t\t\t\t\t<a href=\"http:\/\/www.foldhivatal.hu\/\" target=\"_blank\">\n\t\t\t\t\t\t\t<img loading=\"lazy\" decoding=\"async\" width=\"172\" height=\"61\" src=\"https:\/\/delmatra.hu\/2024\/wp-content\/uploads\/2024\/12\/foldugy.png\" class=\"attachment-medium size-medium wp-image-1277\" alt=\"\" \/>\t\t\t\t\t\t\t\t<\/a>\n\t\t\t\t\t\t\t\t\t\t\t\t\t\t\t<\/div>\n\t\t\t\t<\/div>\n\t\t\t\t<div class=\"elementor-element elementor-element-5585f9b elementor-widget elementor-widget-image\" data-id=\"5585f9b\" data-element_type=\"widget\" data-widget_type=\"image.default\">\n\t\t\t\t<div class=\"elementor-widget-container\">\n\t\t\t\t\t\t\t\t\t\t\t\t\t\t\t\t<a href=\"https:\/\/vali.hu\/\" target=\"_blank\">\n\t\t\t\t\t\t\t<img decoding=\"async\" src=\"https:\/\/delmatra.hu\/2024\/wp-content\/uploads\/elementor\/thumbs\/vali-qz9srs0kwpwkd6z85lnke5hiqwm60ell9an57h12io.jpg\" title=\"vali\" alt=\"vali\" loading=\"lazy\" \/>\t\t\t\t\t\t\t\t<\/a>\n\t\t\t\t\t\t\t\t\t\t\t\t\t\t\t<\/div>\n\t\t\t\t<\/div>\n\t\t\t\t<\/div>\n\t\t<div class=\"elementor-element elementor-element-56a71ce e-grid e-con-full e-con e-child\" data-id=\"56a71ce\" data-element_type=\"container\">\n\t\t\t\t<div class=\"elementor-element elementor-element-683540d elementor-widget elementor-widget-image\" data-id=\"683540d\" data-element_type=\"widget\" data-widget_type=\"image.default\">\n\t\t\t\t<div class=\"elementor-widget-container\">\n\t\t\t\t\t\t\t\t\t\t\t\t\t\t\t\t<a href=\"https:\/\/www.aki.gov.hu\/\" target=\"_blank\">\n\t\t\t\t\t\t\t<img decoding=\"async\" src=\"https:\/\/delmatra.hu\/2024\/wp-content\/uploads\/elementor\/thumbs\/aki-qz9r9jpslto0j3r1tnrg1c54xlwsx2b3gvnnfrfri8.jpg\" title=\"aki\" alt=\"aki\" loading=\"lazy\" \/>\t\t\t\t\t\t\t\t<\/a>\n\t\t\t\t\t\t\t\t\t\t\t\t\t\t\t<\/div>\n\t\t\t\t<\/div>\n\t\t\t\t<div class=\"elementor-element elementor-element-ae5d012 elementor-widget elementor-widget-image\" data-id=\"ae5d012\" data-element_type=\"widget\" data-widget_type=\"image.default\">\n\t\t\t\t<div class=\"elementor-widget-container\">\n\t\t\t\t\t\t\t\t\t\t\t\t\t\t\t\t<a href=\"https:\/\/nak.hu\/kap-2023-2027\" target=\"_blank\">\n\t\t\t\t\t\t\t<img decoding=\"async\" src=\"https:\/\/delmatra.hu\/2024\/wp-content\/uploads\/elementor\/thumbs\/nakamara-qz9raaz440pbvsngehjmjn9i5s6g4abb8mkqcsbchs.jpg\" title=\"nakamara\" alt=\"nakamara\" loading=\"lazy\" \/>\t\t\t\t\t\t\t\t<\/a>\n\t\t\t\t\t\t\t\t\t\t\t\t\t\t\t<\/div>\n\t\t\t\t<\/div>\n\t\t\t\t<\/div>\n\t\t\t\t\t<\/div>\n\t\t\t\t<\/div>\n\t\t\t\t<\/div>\n\t\t\t\t<\/div>\n\t\t","protected":false},"excerpt":{"rendered":"<p>HFS HELYI LEADER FELH\u00cdV\u00c1SOK Term\u00e9szeti \u00e9s \u00e9p\u00edtett \u00f6r\u00f6ks\u00e9geink K\u00e9zm\u0171veseink, Helyi termel\u0151ink, Bor\u00e1szaink TELEP\u00dcL\u00c9SEINK EREDM\u00c9NYEINK ARCH\u00cdVUM DOKUMENTUMT\u00c1R IRODA NYITVATART\u00c1SA: H\u00e9tf\u0151: 7.30 \u2013 16.00Kedd: 7.30 \u2013 16.00Szerda: 7.30 \u2013 16.00Cs\u00fct\u00f6rt\u00f6k: 7.30 \u2013 16.00P\u00e9ntek: 7.30 \u2013 14.00 Fax sz\u00e1m: 37\/770-005 \u00a0 K\u00c9ZM\u0170VESEINK, HELYI TERMEL\u0150INK, BOR\u00c1SZAINK Bor\u00e1szaink , borosgazd\u00e1ink HELYI TERMEL\u0150INK K\u00c9ZM\u0170VESEINK<\/p>\n","protected":false},"author":1,"featured_media":0,"parent":0,"menu_order":0,"comment_status":"closed","ping_status":"closed","template":"","meta":{"footnotes":""},"class_list":["post-1585","page","type-page","status-publish","hentry"],"rttpg_featured_image_url":null,"rttpg_author":{"display_name":"d@lmatra","author_link":"https:\/\/delmatra.hu\/2024\/author\/dlmatra\/"},"rttpg_comment":0,"rttpg_category":null,"rttpg_excerpt":"HFS HELYI LEADER FELH\u00cdV\u00c1SOK Term\u00e9szeti \u00e9s \u00e9p\u00edtett \u00f6r\u00f6ks\u00e9geink K\u00e9zm\u0171veseink, Helyi termel\u0151ink, Bor\u00e1szaink TELEP\u00dcL\u00c9SEINK EREDM\u00c9NYEINK ARCH\u00cdVUM DOKUMENTUMT\u00c1R IRODA NYITVATART\u00c1SA: H\u00e9tf\u0151: 7.30 \u2013 16.00Kedd: 7.30 \u2013 16.00Szerda: 7.30 \u2013 16.00Cs\u00fct\u00f6rt\u00f6k: 7.30 \u2013 16.00P\u00e9ntek: 7.30 \u2013 14.00 Fax sz\u00e1m: 37\/770-005 \u00a0 K\u00c9ZM\u0170VESEINK, HELYI TERMEL\u0150INK, BOR\u00c1SZAINK Bor\u00e1szaink , borosgazd\u00e1ink HELYI TERMEL\u0150INK K\u00c9ZM\u0170VESEINK","_links":{"self":[{"href":"https:\/\/delmatra.hu\/2024\/wp-json\/wp\/v2\/pages\/1585","targetHints":{"allow":["GET"]}}],"collection":[{"href":"https:\/\/delmatra.hu\/2024\/wp-json\/wp\/v2\/pages"}],"about":[{"href":"https:\/\/delmatra.hu\/2024\/wp-json\/wp\/v2\/types\/page"}],"author":[{"embeddable":true,"href":"https:\/\/delmatra.hu\/2024\/wp-json\/wp\/v2\/users\/1"}],"replies":[{"embeddable":true,"href":"https:\/\/delmatra.hu\/2024\/wp-json\/wp\/v2\/comments?post=1585"}],"version-history":[{"count":16,"href":"https:\/\/delmatra.hu\/2024\/wp-json\/wp\/v2\/pages\/1585\/revisions"}],"predecessor-version":[{"id":1604,"href":"https:\/\/delmatra.hu\/2024\/wp-json\/wp\/v2\/pages\/1585\/revisions\/1604"}],"wp:attachment":[{"href":"https:\/\/delmatra.hu\/2024\/wp-json\/wp\/v2\/media?parent=1585"}],"curies":[{"name":"wp","href":"https:\/\/api.w.org\/{rel}","templated":true}]}}