{"id":1327,"date":"2024-12-31T12:07:52","date_gmt":"2024-12-31T11:07:52","guid":{"rendered":"https:\/\/delmatra.hu\/2024\/?page_id=1327"},"modified":"2024-12-31T13:27:17","modified_gmt":"2024-12-31T12:27:17","slug":"telepuleseink","status":"publish","type":"page","link":"https:\/\/delmatra.hu\/2024\/telepuleseink\/","title":{"rendered":"TELEP\u00dcL\u00c9SEINK"},"content":{"rendered":"\t\t<div data-elementor-type=\"wp-page\" data-elementor-id=\"1327\" class=\"elementor elementor-1327\">\n\t\t\t\t<div class=\"elementor-element elementor-element-92a7c6b e-grid e-con-full e-con e-parent\" data-id=\"92a7c6b\" data-element_type=\"container\" data-settings=\"{&quot;background_background&quot;:&quot;classic&quot;}\">\n\t\t<div class=\"elementor-element elementor-element-15c3d37 e-grid elementor-hidden-desktop elementor-hidden-tablet elementor-hidden-mobile elementor-hidden-tablet_extra elementor-hidden-mobile_extra e-con-boxed e-con e-child\" data-id=\"15c3d37\" data-element_type=\"container\" data-settings=\"{&quot;background_background&quot;:&quot;classic&quot;}\">\n\t\t\t\t\t<div class=\"e-con-inner\">\n\t\t\t\t<div class=\"elementor-element elementor-element-af44a45 elementor-align-justify elementor-widget__width-initial elementor-widget elementor-widget-button\" data-id=\"af44a45\" data-element_type=\"widget\" data-widget_type=\"button.default\">\n\t\t\t\t<div class=\"elementor-widget-container\">\n\t\t\t\t\t\t\t\t\t<div class=\"elementor-button-wrapper\">\n\t\t\t\t\t<a class=\"elementor-button elementor-button-link elementor-size-sm\" href=\"#\">\n\t\t\t\t\t\t<span class=\"elementor-button-content-wrapper\">\n\t\t\t\t\t\t\t\t\t<span class=\"elementor-button-text\">HFS HELYI LEADER FELH\u00cdV\u00c1SOK<\/span>\n\t\t\t\t\t<\/span>\n\t\t\t\t\t<\/a>\n\t\t\t\t<\/div>\n\t\t\t\t\t\t\t\t<\/div>\n\t\t\t\t<\/div>\n\t\t\t\t<div class=\"elementor-element elementor-element-aab2a22 elementor-align-justify elementor-widget__width-initial elementor-widget elementor-widget-button\" data-id=\"aab2a22\" data-element_type=\"widget\" data-widget_type=\"button.default\">\n\t\t\t\t<div class=\"elementor-widget-container\">\n\t\t\t\t\t\t\t\t\t<div class=\"elementor-button-wrapper\">\n\t\t\t\t\t<a class=\"elementor-button elementor-button-link elementor-size-sm\" href=\"#\">\n\t\t\t\t\t\t<span class=\"elementor-button-content-wrapper\">\n\t\t\t\t\t\t\t\t\t<span class=\"elementor-button-text\">TELEP\u00dcL\u00c9SEINK<\/span>\n\t\t\t\t\t<\/span>\n\t\t\t\t\t<\/a>\n\t\t\t\t<\/div>\n\t\t\t\t\t\t\t\t<\/div>\n\t\t\t\t<\/div>\n\t\t\t\t<div class=\"elementor-element elementor-element-65c942c elementor-align-justify elementor-widget__width-initial elementor-widget elementor-widget-button\" data-id=\"65c942c\" data-element_type=\"widget\" data-widget_type=\"button.default\">\n\t\t\t\t<div class=\"elementor-widget-container\">\n\t\t\t\t\t\t\t\t\t<div class=\"elementor-button-wrapper\">\n\t\t\t\t\t<a class=\"elementor-button elementor-button-link elementor-size-sm\" href=\"#\">\n\t\t\t\t\t\t<span class=\"elementor-button-content-wrapper\">\n\t\t\t\t\t\t\t\t\t<span class=\"elementor-button-text\">EREDM\u00c9NYEINK<\/span>\n\t\t\t\t\t<\/span>\n\t\t\t\t\t<\/a>\n\t\t\t\t<\/div>\n\t\t\t\t\t\t\t\t<\/div>\n\t\t\t\t<\/div>\n\t\t\t\t<div class=\"elementor-element elementor-element-d3e7703 elementor-align-justify elementor-widget__width-initial elementor-widget elementor-widget-button\" data-id=\"d3e7703\" data-element_type=\"widget\" data-widget_type=\"button.default\">\n\t\t\t\t<div class=\"elementor-widget-container\">\n\t\t\t\t\t\t\t\t\t<div class=\"elementor-button-wrapper\">\n\t\t\t\t\t<a class=\"elementor-button elementor-button-link elementor-size-sm\" href=\"#\">\n\t\t\t\t\t\t<span class=\"elementor-button-content-wrapper\">\n\t\t\t\t\t\t\t\t\t<span class=\"elementor-button-text\">M\u0170K\u00d6D\u00c9SI K\u00d6LTS\u00c9GEK<\/span>\n\t\t\t\t\t<\/span>\n\t\t\t\t\t<\/a>\n\t\t\t\t<\/div>\n\t\t\t\t\t\t\t\t<\/div>\n\t\t\t\t<\/div>\n\t\t\t\t<div class=\"elementor-element elementor-element-8781006 elementor-align-justify elementor-widget__width-initial elementor-widget elementor-widget-button\" data-id=\"8781006\" data-element_type=\"widget\" data-widget_type=\"button.default\">\n\t\t\t\t<div class=\"elementor-widget-container\">\n\t\t\t\t\t\t\t\t\t<div class=\"elementor-button-wrapper\">\n\t\t\t\t\t<a class=\"elementor-button elementor-button-link elementor-size-sm\" href=\"#\">\n\t\t\t\t\t\t<span class=\"elementor-button-content-wrapper\">\n\t\t\t\t\t\t\t\t\t<span class=\"elementor-button-text\">DOKUMENTUMT\u00c1R<\/span>\n\t\t\t\t\t<\/span>\n\t\t\t\t\t<\/a>\n\t\t\t\t<\/div>\n\t\t\t\t\t\t\t\t<\/div>\n\t\t\t\t<\/div>\n\t\t\t\t<div class=\"elementor-element elementor-element-016936a elementor-widget elementor-widget-text-editor\" data-id=\"016936a\" data-element_type=\"widget\" data-widget_type=\"text-editor.default\">\n\t\t\t\t<div class=\"elementor-widget-container\">\n\t\t\t\t\t\t\t\t\t<p><span style=\"color: #ffffff;\"><em><strong>IRODA NYITVATART\u00c1SA:<\/strong><\/em><\/span><\/p><p><span style=\"color: #ffffff;\">H\u00e9tf\u0151: 7.30 \u2013 16.00<\/span><br \/><span style=\"color: #ffffff;\">Kedd: 7.30 \u2013 16.00<\/span><br \/><span style=\"color: #ffffff;\">Szerda: 7.30 \u2013 16.00<\/span><br \/><span style=\"color: #ffffff;\">Cs\u00fct\u00f6rt\u00f6k: 7.30 \u2013 16.00<\/span><br \/><span style=\"color: #ffffff;\">P\u00e9ntek: 7.30 \u2013 14.00<\/span><\/p><p><span style=\"color: #ffffff;\"><em><strong>Fax sz\u00e1m: 37\/770-005<\/strong><\/em><\/span><\/p><div><p><span style=\"color: #ffffff;\"><em><strong>\u00a0<\/strong><\/em><\/span><\/p><\/div>\t\t\t\t\t\t\t\t<\/div>\n\t\t\t\t<\/div>\n\t\t\t\t\t<\/div>\n\t\t\t\t<\/div>\n\t\t<div class=\"elementor-element elementor-element-3b7af97 e-flex e-con-boxed e-con e-child\" data-id=\"3b7af97\" data-element_type=\"container\" data-settings=\"{&quot;background_background&quot;:&quot;classic&quot;}\">\n\t\t\t\t\t<div class=\"e-con-inner\">\n\t\t\t\t<div class=\"elementor-element elementor-element-157d985 elementor-hidden-mobile elementor-widget elementor-widget-text-editor\" data-id=\"157d985\" data-element_type=\"widget\" data-widget_type=\"text-editor.default\">\n\t\t\t\t<div class=\"elementor-widget-container\">\n\t\t\t\t\t\t\t\t\t<h2>TELEP\u00dcL\u00c9SEINK<\/h2><p>Telep\u00fcl\u00e9seinkr\u0151l r\u00e9szletes inform\u00e1ci\u00f3k (az al\u00e1bbi linken): <span style=\"text-decoration: underline;\"><strong>Term\u00e9szeti \u00e9s \u00e9p\u00edtett \u00f6r\u00f6ks\u00e9geink<\/strong><\/span>\u00a0alatt tal\u00e1lhat\u00f3.<\/p><p>Telep\u00fcl\u00e9seink el\u00e9rhet\u0151s\u00e9ge (weboldala) a gombost\u0171 ikonokra kattintva \u00e9rhet\u0151 el.<\/p><p>A k\u00e9p alatt telep\u00fcl\u00e9seink felsorol\u00e1sa tal\u00e1lhat\u00f3.<\/p><table width=\"100%\"><tbody><tr><td valign=\"top\"><p><img fetchpriority=\"high\" decoding=\"async\" class=\"telep aligncenter\" src=\"http:\/\/delmatra.hu\/images\/stories\/delmatra_terkep.jpg\" alt=\"d\u00e9l - m\u00e1tra t\u00e9rk\u00e9p\" usemap=\"#MapTelep\" width=\"660\" height=\"615\" border=\"0\" \/><\/p><map id=\"MapTelep\" name=\"MapTelep\"> <area coords=\"156,4,230,49\" shape=\"rect\" href=\"http:\/\/www.matraszentimre.hu\" target=\"_blank\" \/> <area coords=\"27,232,64,273\" shape=\"rect\" href=\"http:\/\/www.szucsi.hu\" target=\"_blank\" \/> <area coords=\"72,211,120,256\" shape=\"rect\" href=\"http:\/\/www.gyongyospata.hu\" target=\"_blank\" \/> <area coords=\"157,237,228,262\" shape=\"rect\" href=\"http:\/\/www.gyongyostarjan.hu\" \/> <area coords=\"189,179,261,225\" shape=\"rect\" href=\"http:\/\/www.gyongyosoroszi.hu\" target=\"_blank\" \/> <area coords=\"565,125,602,175\" shape=\"rect\" href=\"http:\/\/www.kisnana.hu\" target=\"_blank\" \/> <area coords=\"510,183,559,225\" shape=\"rect\" href=\"http:\/\/www.domoszlo.hu\" target=\"_blank\" \/> <area coords=\"431,181,468,228\" shape=\"rect\" href=\"http:\/\/www.markaz.hu\" target=\"_blank\" \/> <area coords=\"240,231,322,252\" shape=\"rect\" href=\"http:\/\/www.gyongyossolymos.hu\" \/> <area coords=\"335,212,381,251\" shape=\"rect\" href=\"http:\/\/www.palosvorosmart.hu\" target=\"_blank\" \/> <area coords=\"355,257,415,278\" shape=\"rect\" href=\"http:\/\/www.abasar.hu\" target=\"_blank\" \/> <area coords=\"135,306,197,350\" shape=\"rect\" href=\"http:\/\/www.nagyrede.hu\" target=\"_blank\" \/> <area coords=\"207,401,244,450\" shape=\"rect\" href=\"http:\/\/www.atkar.hu\" target=\"_blank\" \/> <area coords=\"247,353,311,395\" shape=\"rect\" href=\"http:\/\/www.gyongyoshalasz.hu\" target=\"_blank\" \/> <area coords=\"400,564,451,610\" shape=\"rect\" href=\"http:\/\/www.visznek.hu\" target=\"_blank\" \/> <area coords=\"497,468,550,515\" shape=\"rect\" href=\"http:\/\/www.nagyfuged.hu\" target=\"_blank\" \/> <area coords=\"429,341,487,369\" shape=\"rect\" href=\"http:\/\/www.halmajugra.hu\" \/> <area coords=\"249,477,303,527\" shape=\"rect\" href=\"http:\/\/www.vamosgyork.hu\" \/> <area coords=\"317,443,354,493\" shape=\"rect\" href=\"http:\/www.adacs.hu\" target=\"_blank\" \/> <area coords=\"383,394,435,444\" shape=\"rect\" href=\"http:\/\/www.karacsond.hu\" target=\"_blank\" \/> <area coords=\"469,395,526,420\" shape=\"rect\" href=\"http:\/\/www.ludas.hu\" \/> <area coords=\"501,344,528,390\" shape=\"rect\" href=\"http:\/\/www.detk.hu\" \/> <area coords=\"595,220,636,274\" shape=\"rect\" href=\"http:\/\/www.vecs.hu\" target=\"_blank\" \/> <area coords=\"406,288,447,330\" shape=\"rect\" href=\"http:\/\/www.visonta.hu\" target=\"_blank\" \/><\/map><\/td><\/tr><\/tbody><\/table>\t\t\t\t\t\t\t\t<\/div>\n\t\t\t\t<\/div>\n\t\t\t\t<div class=\"elementor-element elementor-element-96f2e01 elementor-widget elementor-widget-text-editor\" data-id=\"96f2e01\" data-element_type=\"widget\" data-widget_type=\"text-editor.default\">\n\t\t\t\t<div class=\"elementor-widget-container\">\n\t\t\t\t\t\t\t\t\t<h2 style=\"text-align: center;\">TELEP\u00dcL\u00c9SEINK<\/h2>\n<p>Telep\u00fcl\u00e9seinkr\u0151l r\u00e9szletes inform\u00e1ci\u00f3k (az al\u00e1bbi linken): <span style=\"text-decoration: underline;\"><strong>Term\u00e9szeti \u00e9s \u00e9p\u00edtett \u00f6r\u00f6ks\u00e9geink<\/strong><\/span>&nbsp;alatt tal\u00e1lhat\u00f3.<\/p>\n<p><b>Telep\u00fcl\u00e9seink el\u00e9rhet\u0151s\u00e9gei:<\/b><\/p>\n<p style=\"text-align: center;\"><a href=\"http:\/\/www.abasar.hu\" target=\"_blank\" rel=\"noopener\">ABAS\u00c1R<\/a><br>\n<a href=\"http:\/\/www.adacs.hu\" target=\"_blank\" rel=\"noopener\">AD\u00c1CS<\/a><br>\n<a href=\"http:\/\/www.atkar.hu\" target=\"_blank\" rel=\"noopener\">ATK\u00c1R<\/a><br>\n<a href=\"http:\/\/www.detk.hu\" target=\"_blank\" rel=\"noopener\">DETK<\/a><br>\n<a href=\"http:\/\/www.domoszlo.hu\" target=\"_blank\" rel=\"noopener\">DOMOSZL\u00d3<\/a><br>\n<a href=\"http:\/\/www.gyongyoshalasz.hu\" target=\"_blank\" rel=\"noopener\">GY\u00d6NGY\u00d6SHAL\u00c1SZ<\/a><br>\n<a href=\"http:\/\/www.gyongyosoroszi.hu\" target=\"_blank\" rel=\"noopener\">GY\u00d6NGY\u00d6SOROSZI<\/a><br>\n<a href=\"http:\/\/www.gyongyospata.hu\" target=\"_blank\" rel=\"noopener\">GY\u00d6NGY\u00d6SPATA<\/a><br>\n<a href=\"http:\/\/www.gyongyosoroszi.hu\" target=\"_blank\" rel=\"noopener\">GY\u00d6NGY\u00d6SSOLYMOS<\/a><br>\n<a href=\"http:\/\/www.gyongyostarjan.hu\" target=\"_blank\" rel=\"noopener\">GY\u00d6NGY\u00d6STARJ\u00c1N<\/a><br>\n<a href=\"http:\/\/www.halmajugra.hu\" target=\"_blank\" rel=\"noopener\">HALMAJUGRA<\/a><br>\n<a href=\"http:\/\/www.karacsond.hu\" target=\"_blank\" rel=\"noopener\">KAR\u00c1CSOND<\/a><br>\n<a href=\"http:\/\/www.kisnana.hu\" target=\"_blank\" rel=\"noopener\">KIS\u00c1NA<\/a><br>\n<a href=\"http:\/\/www.ludas.hu\" target=\"_blank\" rel=\"noopener\">LUDAS<\/a><br>\n<a href=\"http:\/\/www.markaz.hu\" target=\"_blank\" rel=\"noopener\">MARKAZ<\/a><br>\n<a href=\"http:\/\/www.matraszentimre.hu\" target=\"_blank\" rel=\"noopener\">M\u00c1TRASZENTIMRE<\/a><br>\n<a href=\"http:\/\/www.nagyfuged.hu\" target=\"_blank\" rel=\"noopener\">NAGYF\u00dcGED<\/a><br>\n<a href=\"http:\/\/www.nagyrede.hu\" target=\"_blank\" rel=\"noopener\">NAGYR\u00c9DE<\/a><br>\n<a href=\"http:\/\/www.palosvorosmart.hu\" target=\"_blank\" rel=\"noopener\">P\u00c1LOSV\u00d6R\u00d6SMART<\/a><br>\n<a href=\"http:\/\/www.szucsi.hu \" target=\"_blank\" rel=\"noopener\">SZ\u00dcCSI<\/a><br>\n<a href=\"http:\/\/www.vamosgyork.hu \" target=\"_blank\" rel=\"noopener\">V\u00c1MOSGY\u00d6RK<\/a><br>\n<a href=\"http:\/\/www.vecs.hu \" target=\"_blank\" rel=\"noopener\">V\u00c9CS<\/a><br>\n<a href=\"http:\/\/www.visonta.hu\" target=\"_blank\" rel=\"noopener\">VISONTA<\/a><br>\n<a href=\"http:\/\/www.visznek.hu \" target=\"_blank\" rel=\"noopener\">VISZNEK<\/a><\/p>\t\t\t\t\t\t\t\t<\/div>\n\t\t\t\t<\/div>\n\t\t\t\t\t<\/div>\n\t\t\t\t<\/div>\n\t\t\t\t<\/div>\n\t\t<div class=\"elementor-element elementor-element-cfc13a1 e-con-full e-flex e-con e-parent\" data-id=\"cfc13a1\" data-element_type=\"container\" data-settings=\"{&quot;background_background&quot;:&quot;classic&quot;}\">\n\t\t<div class=\"elementor-element elementor-element-696bd97 e-flex e-con-boxed e-con e-child\" data-id=\"696bd97\" data-element_type=\"container\" data-settings=\"{&quot;background_background&quot;:&quot;classic&quot;}\">\n\t\t\t\t\t<div class=\"e-con-inner\">\n\t\t<div class=\"elementor-element elementor-element-e97c9e9 e-grid e-con-full e-con e-child\" data-id=\"e97c9e9\" data-element_type=\"container\">\n\t\t\t\t<div class=\"elementor-element elementor-element-d97b3ab elementor-widget elementor-widget-image\" data-id=\"d97b3ab\" data-element_type=\"widget\" data-widget_type=\"image.default\">\n\t\t\t\t<div class=\"elementor-widget-container\">\n\t\t\t\t\t\t\t\t\t\t\t\t\t\t\t\t<a href=\"https:\/\/kap.gov.hu\/\" target=\"_blank\">\n\t\t\t\t\t\t\t<img decoding=\"async\" src=\"https:\/\/delmatra.hu\/2024\/wp-content\/uploads\/elementor\/thumbs\/kap-qz9qrnuckb6lm7qb9fg03cme0o2dgeayocs1p7yfwg.jpg\" title=\"kap\" alt=\"kap\" loading=\"lazy\" \/>\t\t\t\t\t\t\t\t<\/a>\n\t\t\t\t\t\t\t\t\t\t\t\t\t\t\t<\/div>\n\t\t\t\t<\/div>\n\t\t\t\t<div class=\"elementor-element elementor-element-6640cea elementor-widget elementor-widget-image\" data-id=\"6640cea\" data-element_type=\"widget\" data-widget_type=\"image.default\">\n\t\t\t\t<div class=\"elementor-widget-container\">\n\t\t\t\t\t\t\t\t\t\t\t\t\t\t\t\t<a href=\"https:\/\/kap.mnvh.eu\/KAP_II\" target=\"_blank\">\n\t\t\t\t\t\t\t<img decoding=\"async\" src=\"https:\/\/delmatra.hu\/2024\/wp-content\/uploads\/elementor\/thumbs\/eu_logo-qz9qych15wc06e0s8bghtnwe3b4c6wu8xfsck21nnk.jpg\" title=\"eu_logo\" alt=\"eu_logo\" loading=\"lazy\" \/>\t\t\t\t\t\t\t\t<\/a>\n\t\t\t\t\t\t\t\t\t\t\t\t\t\t\t<\/div>\n\t\t\t\t<\/div>\n\t\t\t\t<div class=\"elementor-element elementor-element-34b19b1 elementor-widget elementor-widget-image\" data-id=\"34b19b1\" data-element_type=\"widget\" data-widget_type=\"image.default\">\n\t\t\t\t<div class=\"elementor-widget-container\">\n\t\t\t\t\t\t\t\t\t\t\t\t\t\t\t\t<a href=\"https:\/\/delmatra.hu\/images\/Turisztikai_szolgltatk_adatbzisa_2014--2023.pdf\" target=\"_blank\">\n\t\t\t\t\t\t\t<img decoding=\"async\" src=\"https:\/\/delmatra.hu\/2024\/wp-content\/uploads\/elementor\/thumbs\/LEADER-logo-qz8b22hd6isvwbsrnqtkw47wejmewlwoqbn36w5r0g.jpg\" title=\"LEADER logo\" alt=\"LEADER logo\" loading=\"lazy\" \/>\t\t\t\t\t\t\t\t<\/a>\n\t\t\t\t\t\t\t\t\t\t\t\t\t\t\t<\/div>\n\t\t\t\t<\/div>\n\t\t\t\t<div class=\"elementor-element elementor-element-b937889 elementor-widget elementor-widget-image\" data-id=\"b937889\" data-element_type=\"widget\" data-widget_type=\"image.default\">\n\t\t\t\t<div class=\"elementor-widget-container\">\n\t\t\t\t\t\t\t\t\t\t\t\t\t\t\t\t<a href=\"https:\/\/magyarkozlony.hu\/\" target=\"_blank\">\n\t\t\t\t\t\t\t<img decoding=\"async\" width=\"168\" height=\"54\" src=\"https:\/\/delmatra.hu\/2024\/wp-content\/uploads\/2024\/12\/mkozlony.png\" class=\"attachment-medium size-medium wp-image-1242\" alt=\"\" \/>\t\t\t\t\t\t\t\t<\/a>\n\t\t\t\t\t\t\t\t\t\t\t\t\t\t\t<\/div>\n\t\t\t\t<\/div>\n\t\t\t\t<div class=\"elementor-element elementor-element-98c6c29 elementor-widget elementor-widget-image\" data-id=\"98c6c29\" data-element_type=\"widget\" data-widget_type=\"image.default\">\n\t\t\t\t<div class=\"elementor-widget-container\">\n\t\t\t\t\t\t\t\t\t\t\t\t\t\t\t\t<a href=\"https:\/\/www.allamkincstar.gov.hu\/\" target=\"_blank\">\n\t\t\t\t\t\t\t<img decoding=\"async\" width=\"275\" height=\"75\" src=\"https:\/\/delmatra.hu\/2024\/wp-content\/uploads\/2024\/12\/allamk.png\" class=\"attachment-medium size-medium wp-image-1251\" alt=\"\" \/>\t\t\t\t\t\t\t\t<\/a>\n\t\t\t\t\t\t\t\t\t\t\t\t\t\t\t<\/div>\n\t\t\t\t<\/div>\n\t\t\t\t<div class=\"elementor-element elementor-element-d7de09e elementor-widget elementor-widget-image\" data-id=\"d7de09e\" data-element_type=\"widget\" data-widget_type=\"image.default\">\n\t\t\t\t<div class=\"elementor-widget-container\">\n\t\t\t\t\t\t\t\t\t\t\t\t\t\t\t\t<a href=\"https:\/\/portal.nebih.gov.hu\/\" target=\"_blank\">\n\t\t\t\t\t\t\t<img loading=\"lazy\" decoding=\"async\" width=\"143\" height=\"61\" src=\"https:\/\/delmatra.hu\/2024\/wp-content\/uploads\/2024\/12\/nebih.jpg\" class=\"attachment-medium size-medium wp-image-1255\" alt=\"\" \/>\t\t\t\t\t\t\t\t<\/a>\n\t\t\t\t\t\t\t\t\t\t\t\t\t\t\t<\/div>\n\t\t\t\t<\/div>\n\t\t\t\t<div class=\"elementor-element elementor-element-9a496ba elementor-widget elementor-widget-image\" data-id=\"9a496ba\" data-element_type=\"widget\" data-widget_type=\"image.default\">\n\t\t\t\t<div class=\"elementor-widget-container\">\n\t\t\t\t\t\t\t\t\t\t\t\t\t\t\t\t<a href=\"https:\/\/mnvh.hu\/\" target=\"_blank\">\n\t\t\t\t\t\t\t<img decoding=\"async\" src=\"https:\/\/delmatra.hu\/2024\/wp-content\/uploads\/elementor\/thumbs\/image002-qz9r4dlr0ml8ob9e0fbbbn3vbbe4kzs8rahiez3pq8.jpg\" title=\"image002\" alt=\"image002\" loading=\"lazy\" \/>\t\t\t\t\t\t\t\t<\/a>\n\t\t\t\t\t\t\t\t\t\t\t\t\t\t\t<\/div>\n\t\t\t\t<\/div>\n\t\t\t\t<div class=\"elementor-element elementor-element-f784177 elementor-widget elementor-widget-image\" data-id=\"f784177\" data-element_type=\"widget\" data-widget_type=\"image.default\">\n\t\t\t\t<div class=\"elementor-widget-container\">\n\t\t\t\t\t\t\t\t\t\t\t\t\t\t\t\t<a href=\"http:\/\/europa.eu\/index_hu.htm\" target=\"_blank\">\n\t\t\t\t\t\t\t<img decoding=\"async\" src=\"https:\/\/delmatra.hu\/2024\/wp-content\/uploads\/elementor\/thumbs\/image009-qz9r5w4e10nvdp2762voc9clrnxezfsoasbo90uvpc.jpg\" title=\"image009\" alt=\"image009\" loading=\"lazy\" \/>\t\t\t\t\t\t\t\t<\/a>\n\t\t\t\t\t\t\t\t\t\t\t\t\t\t\t<\/div>\n\t\t\t\t<\/div>\n\t\t\t\t<div class=\"elementor-element elementor-element-fc3a5d2 elementor-widget elementor-widget-image\" data-id=\"fc3a5d2\" data-element_type=\"widget\" data-widget_type=\"image.default\">\n\t\t\t\t<div class=\"elementor-widget-container\">\n\t\t\t\t\t\t\t\t\t\t\t\t\t\t\t\t<a href=\"https:\/\/kormany.hu\/agrarminiszterium\" target=\"_blank\">\n\t\t\t\t\t\t\t<img decoding=\"async\" src=\"https:\/\/delmatra.hu\/2024\/wp-content\/uploads\/elementor\/thumbs\/agrarmin-qz9r6q783pt1p7uiafvqk1rcrzt5tr432x77lvma68.jpg\" title=\"agrarmin\" alt=\"agrarmin\" loading=\"lazy\" \/>\t\t\t\t\t\t\t\t<\/a>\n\t\t\t\t\t\t\t\t\t\t\t\t\t\t\t<\/div>\n\t\t\t\t<\/div>\n\t\t\t\t<div class=\"elementor-element elementor-element-82aaad1 elementor-widget elementor-widget-image\" data-id=\"82aaad1\" data-element_type=\"widget\" data-widget_type=\"image.default\">\n\t\t\t\t<div class=\"elementor-widget-container\">\n\t\t\t\t\t\t\t\t\t\t\t\t\t\t\t\t<a href=\"https:\/\/magyarmezogazdasag.hu\/\" target=\"_blank\">\n\t\t\t\t\t\t\t<img decoding=\"async\" src=\"https:\/\/delmatra.hu\/2024\/wp-content\/uploads\/elementor\/thumbs\/30mg-qz9spdjffym2lqzzbcjebc540ork32o1qpiwnfaark.png\" title=\"30mg\" alt=\"30mg\" loading=\"lazy\" \/>\t\t\t\t\t\t\t\t<\/a>\n\t\t\t\t\t\t\t\t\t\t\t\t\t\t\t<\/div>\n\t\t\t\t<\/div>\n\t\t\t\t<div class=\"elementor-element elementor-element-e399793 elementor-widget elementor-widget-image\" data-id=\"e399793\" data-element_type=\"widget\" data-widget_type=\"image.default\">\n\t\t\t\t<div class=\"elementor-widget-container\">\n\t\t\t\t\t\t\t\t\t\t\t\t\t\t\t\t<a href=\"http:\/\/www.foldhivatal.hu\/\" target=\"_blank\">\n\t\t\t\t\t\t\t<img loading=\"lazy\" decoding=\"async\" width=\"172\" height=\"61\" src=\"https:\/\/delmatra.hu\/2024\/wp-content\/uploads\/2024\/12\/foldugy.png\" class=\"attachment-medium size-medium wp-image-1277\" alt=\"\" \/>\t\t\t\t\t\t\t\t<\/a>\n\t\t\t\t\t\t\t\t\t\t\t\t\t\t\t<\/div>\n\t\t\t\t<\/div>\n\t\t\t\t<div class=\"elementor-element elementor-element-f0bb3d2 elementor-widget elementor-widget-image\" data-id=\"f0bb3d2\" data-element_type=\"widget\" data-widget_type=\"image.default\">\n\t\t\t\t<div class=\"elementor-widget-container\">\n\t\t\t\t\t\t\t\t\t\t\t\t\t\t\t\t<a href=\"https:\/\/vali.hu\/\" target=\"_blank\">\n\t\t\t\t\t\t\t<img decoding=\"async\" src=\"https:\/\/delmatra.hu\/2024\/wp-content\/uploads\/elementor\/thumbs\/vali-qz9srs0kwpwkd6z85lnke5hiqwm60ell9an57h12io.jpg\" title=\"vali\" alt=\"vali\" loading=\"lazy\" \/>\t\t\t\t\t\t\t\t<\/a>\n\t\t\t\t\t\t\t\t\t\t\t\t\t\t\t<\/div>\n\t\t\t\t<\/div>\n\t\t\t\t<\/div>\n\t\t<div class=\"elementor-element elementor-element-7edc28d e-grid e-con-full e-con e-child\" data-id=\"7edc28d\" data-element_type=\"container\">\n\t\t\t\t<div class=\"elementor-element elementor-element-95269e3 elementor-widget elementor-widget-image\" data-id=\"95269e3\" data-element_type=\"widget\" data-widget_type=\"image.default\">\n\t\t\t\t<div class=\"elementor-widget-container\">\n\t\t\t\t\t\t\t\t\t\t\t\t\t\t\t\t<a href=\"https:\/\/www.aki.gov.hu\/\" target=\"_blank\">\n\t\t\t\t\t\t\t<img decoding=\"async\" src=\"https:\/\/delmatra.hu\/2024\/wp-content\/uploads\/elementor\/thumbs\/aki-qz9r9jpslto0j3r1tnrg1c54xlwsx2b3gvnnfrfri8.jpg\" title=\"aki\" alt=\"aki\" loading=\"lazy\" \/>\t\t\t\t\t\t\t\t<\/a>\n\t\t\t\t\t\t\t\t\t\t\t\t\t\t\t<\/div>\n\t\t\t\t<\/div>\n\t\t\t\t<div class=\"elementor-element elementor-element-fe17f42 elementor-widget elementor-widget-image\" data-id=\"fe17f42\" data-element_type=\"widget\" data-widget_type=\"image.default\">\n\t\t\t\t<div class=\"elementor-widget-container\">\n\t\t\t\t\t\t\t\t\t\t\t\t\t\t\t\t<a href=\"https:\/\/nak.hu\/kap-2023-2027\" target=\"_blank\">\n\t\t\t\t\t\t\t<img decoding=\"async\" src=\"https:\/\/delmatra.hu\/2024\/wp-content\/uploads\/elementor\/thumbs\/nakamara-qz9raaz440pbvsngehjmjn9i5s6g4abb8mkqcsbchs.jpg\" title=\"nakamara\" alt=\"nakamara\" loading=\"lazy\" \/>\t\t\t\t\t\t\t\t<\/a>\n\t\t\t\t\t\t\t\t\t\t\t\t\t\t\t<\/div>\n\t\t\t\t<\/div>\n\t\t\t\t<\/div>\n\t\t\t\t\t<\/div>\n\t\t\t\t<\/div>\n\t\t\t\t<\/div>\n\t\t\t\t<\/div>\n\t\t","protected":false},"excerpt":{"rendered":"<p>HFS HELYI LEADER FELH\u00cdV\u00c1SOK TELEP\u00dcL\u00c9SEINK EREDM\u00c9NYEINK M\u0170K\u00d6D\u00c9SI K\u00d6LTS\u00c9GEK DOKUMENTUMT\u00c1R IRODA NYITVATART\u00c1SA: H\u00e9tf\u0151: 7.30 \u2013 16.00Kedd: 7.30 \u2013 16.00Szerda: 7.30 \u2013 16.00Cs\u00fct\u00f6rt\u00f6k: 7.30 \u2013 16.00P\u00e9ntek: 7.30 \u2013 14.00 Fax sz\u00e1m: 37\/770-005 \u00a0 TELEP\u00dcL\u00c9SEINK Telep\u00fcl\u00e9seinkr\u0151l r\u00e9szletes inform\u00e1ci\u00f3k (az al\u00e1bbi linken): Term\u00e9szeti \u00e9s \u00e9p\u00edtett \u00f6r\u00f6ks\u00e9geink\u00a0alatt tal\u00e1lhat\u00f3. Telep\u00fcl\u00e9seink el\u00e9rhet\u0151s\u00e9ge (weboldala) a gombost\u0171 ikonokra kattintva \u00e9rhet\u0151 el. A k\u00e9p alatt [&hellip;]<\/p>\n","protected":false},"author":1,"featured_media":0,"parent":0,"menu_order":0,"comment_status":"closed","ping_status":"closed","template":"","meta":{"footnotes":""},"class_list":["post-1327","page","type-page","status-publish","hentry"],"rttpg_featured_image_url":null,"rttpg_author":{"display_name":"d@lmatra","author_link":"https:\/\/delmatra.hu\/2024\/author\/dlmatra\/"},"rttpg_comment":0,"rttpg_category":null,"rttpg_excerpt":"HFS HELYI LEADER FELH\u00cdV\u00c1SOK TELEP\u00dcL\u00c9SEINK EREDM\u00c9NYEINK M\u0170K\u00d6D\u00c9SI K\u00d6LTS\u00c9GEK DOKUMENTUMT\u00c1R IRODA NYITVATART\u00c1SA: H\u00e9tf\u0151: 7.30 \u2013 16.00Kedd: 7.30 \u2013 16.00Szerda: 7.30 \u2013 16.00Cs\u00fct\u00f6rt\u00f6k: 7.30 \u2013 16.00P\u00e9ntek: 7.30 \u2013 14.00 Fax sz\u00e1m: 37\/770-005 \u00a0 TELEP\u00dcL\u00c9SEINK Telep\u00fcl\u00e9seinkr\u0151l r\u00e9szletes inform\u00e1ci\u00f3k (az al\u00e1bbi linken): Term\u00e9szeti \u00e9s \u00e9p\u00edtett \u00f6r\u00f6ks\u00e9geink\u00a0alatt tal\u00e1lhat\u00f3. Telep\u00fcl\u00e9seink el\u00e9rhet\u0151s\u00e9ge (weboldala) a gombost\u0171 ikonokra kattintva \u00e9rhet\u0151 el. A k\u00e9p alatt&hellip;","_links":{"self":[{"href":"https:\/\/delmatra.hu\/2024\/wp-json\/wp\/v2\/pages\/1327","targetHints":{"allow":["GET"]}}],"collection":[{"href":"https:\/\/delmatra.hu\/2024\/wp-json\/wp\/v2\/pages"}],"about":[{"href":"https:\/\/delmatra.hu\/2024\/wp-json\/wp\/v2\/types\/page"}],"author":[{"embeddable":true,"href":"https:\/\/delmatra.hu\/2024\/wp-json\/wp\/v2\/users\/1"}],"replies":[{"embeddable":true,"href":"https:\/\/delmatra.hu\/2024\/wp-json\/wp\/v2\/comments?post=1327"}],"version-history":[{"count":110,"href":"https:\/\/delmatra.hu\/2024\/wp-json\/wp\/v2\/pages\/1327\/revisions"}],"predecessor-version":[{"id":1458,"href":"https:\/\/delmatra.hu\/2024\/wp-json\/wp\/v2\/pages\/1327\/revisions\/1458"}],"wp:attachment":[{"href":"https:\/\/delmatra.hu\/2024\/wp-json\/wp\/v2\/media?parent=1327"}],"curies":[{"name":"wp","href":"https:\/\/api.w.org\/{rel}","templated":true}]}}