{"id":1034,"date":"2024-12-29T18:41:27","date_gmt":"2024-12-29T17:41:27","guid":{"rendered":"https:\/\/delmatra.hu\/2024\/?page_id=1034"},"modified":"2025-01-14T12:44:06","modified_gmt":"2025-01-14T11:44:06","slug":"elerhetoseg","status":"publish","type":"page","link":"https:\/\/delmatra.hu\/2024\/elerhetoseg\/","title":{"rendered":"EL\u00c9RHET\u0150S\u00c9G"},"content":{"rendered":"\t\t<div data-elementor-type=\"wp-page\" data-elementor-id=\"1034\" class=\"elementor elementor-1034\">\n\t\t\t\t<div class=\"elementor-element elementor-element-4f6682c e-grid e-con-full e-con e-parent\" data-id=\"4f6682c\" data-element_type=\"container\" data-settings=\"{&quot;background_background&quot;:&quot;classic&quot;}\">\n\t\t<div class=\"elementor-element elementor-element-385e40a e-grid elementor-hidden-desktop elementor-hidden-tablet elementor-hidden-mobile elementor-hidden-tablet_extra elementor-hidden-mobile_extra e-con-boxed e-con e-child\" data-id=\"385e40a\" data-element_type=\"container\" data-settings=\"{&quot;background_background&quot;:&quot;classic&quot;}\">\n\t\t\t\t\t<div class=\"e-con-inner\">\n\t\t\t\t<div class=\"elementor-element elementor-element-915abbc elementor-align-justify elementor-widget__width-initial elementor-widget elementor-widget-button\" data-id=\"915abbc\" data-element_type=\"widget\" data-widget_type=\"button.default\">\n\t\t\t\t<div class=\"elementor-widget-container\">\n\t\t\t\t\t\t\t\t\t<div class=\"elementor-button-wrapper\">\n\t\t\t\t\t<a class=\"elementor-button elementor-button-link elementor-size-sm\" href=\"#\">\n\t\t\t\t\t\t<span class=\"elementor-button-content-wrapper\">\n\t\t\t\t\t\t\t\t\t<span class=\"elementor-button-text\">HFS HELYI LEADER FELH\u00cdV\u00c1SOK<\/span>\n\t\t\t\t\t<\/span>\n\t\t\t\t\t<\/a>\n\t\t\t\t<\/div>\n\t\t\t\t\t\t\t\t<\/div>\n\t\t\t\t<\/div>\n\t\t\t\t<div class=\"elementor-element elementor-element-8089e85 elementor-align-justify elementor-widget__width-initial elementor-widget elementor-widget-button\" data-id=\"8089e85\" data-element_type=\"widget\" data-widget_type=\"button.default\">\n\t\t\t\t<div class=\"elementor-widget-container\">\n\t\t\t\t\t\t\t\t\t<div class=\"elementor-button-wrapper\">\n\t\t\t\t\t<a class=\"elementor-button elementor-button-link elementor-size-sm\" href=\"#\">\n\t\t\t\t\t\t<span class=\"elementor-button-content-wrapper\">\n\t\t\t\t\t\t\t\t\t<span class=\"elementor-button-text\">TELEP\u00dcL\u00c9SEINK<\/span>\n\t\t\t\t\t<\/span>\n\t\t\t\t\t<\/a>\n\t\t\t\t<\/div>\n\t\t\t\t\t\t\t\t<\/div>\n\t\t\t\t<\/div>\n\t\t\t\t<div class=\"elementor-element elementor-element-27cc366 elementor-align-justify elementor-widget__width-initial elementor-widget elementor-widget-button\" data-id=\"27cc366\" data-element_type=\"widget\" data-widget_type=\"button.default\">\n\t\t\t\t<div class=\"elementor-widget-container\">\n\t\t\t\t\t\t\t\t\t<div class=\"elementor-button-wrapper\">\n\t\t\t\t\t<a class=\"elementor-button elementor-button-link elementor-size-sm\" href=\"#\">\n\t\t\t\t\t\t<span class=\"elementor-button-content-wrapper\">\n\t\t\t\t\t\t\t\t\t<span class=\"elementor-button-text\">EREDM\u00c9NYEINK<\/span>\n\t\t\t\t\t<\/span>\n\t\t\t\t\t<\/a>\n\t\t\t\t<\/div>\n\t\t\t\t\t\t\t\t<\/div>\n\t\t\t\t<\/div>\n\t\t\t\t<div class=\"elementor-element elementor-element-dab944f elementor-align-justify elementor-widget__width-initial elementor-widget elementor-widget-button\" data-id=\"dab944f\" data-element_type=\"widget\" data-widget_type=\"button.default\">\n\t\t\t\t<div class=\"elementor-widget-container\">\n\t\t\t\t\t\t\t\t\t<div class=\"elementor-button-wrapper\">\n\t\t\t\t\t<a class=\"elementor-button elementor-button-link elementor-size-sm\" href=\"#\">\n\t\t\t\t\t\t<span class=\"elementor-button-content-wrapper\">\n\t\t\t\t\t\t\t\t\t<span class=\"elementor-button-text\">M\u0170K\u00d6D\u00c9SI K\u00d6LTS\u00c9GEK<\/span>\n\t\t\t\t\t<\/span>\n\t\t\t\t\t<\/a>\n\t\t\t\t<\/div>\n\t\t\t\t\t\t\t\t<\/div>\n\t\t\t\t<\/div>\n\t\t\t\t<div class=\"elementor-element elementor-element-e81c062 elementor-align-justify elementor-widget__width-initial elementor-widget elementor-widget-button\" data-id=\"e81c062\" data-element_type=\"widget\" data-widget_type=\"button.default\">\n\t\t\t\t<div class=\"elementor-widget-container\">\n\t\t\t\t\t\t\t\t\t<div class=\"elementor-button-wrapper\">\n\t\t\t\t\t<a class=\"elementor-button elementor-button-link elementor-size-sm\" href=\"#\">\n\t\t\t\t\t\t<span class=\"elementor-button-content-wrapper\">\n\t\t\t\t\t\t\t\t\t<span class=\"elementor-button-text\">DOKUMENTUMT\u00c1R<\/span>\n\t\t\t\t\t<\/span>\n\t\t\t\t\t<\/a>\n\t\t\t\t<\/div>\n\t\t\t\t\t\t\t\t<\/div>\n\t\t\t\t<\/div>\n\t\t\t\t<div class=\"elementor-element elementor-element-1389364 elementor-widget elementor-widget-text-editor\" data-id=\"1389364\" data-element_type=\"widget\" data-widget_type=\"text-editor.default\">\n\t\t\t\t<div class=\"elementor-widget-container\">\n\t\t\t\t\t\t\t\t\t<p><span style=\"color: #ffffff;\"><em><strong>IRODA NYITVATART\u00c1SA:<\/strong><\/em><\/span><\/p><p><span style=\"color: #ffffff;\">H\u00e9tf\u0151: 7.30 \u2013 16.00<\/span><br \/><span style=\"color: #ffffff;\">Kedd: 7.30 \u2013 16.00<\/span><br \/><span style=\"color: #ffffff;\">Szerda: 7.30 \u2013 16.00<\/span><br \/><span style=\"color: #ffffff;\">Cs\u00fct\u00f6rt\u00f6k: 7.30 \u2013 16.00<\/span><br \/><span style=\"color: #ffffff;\">P\u00e9ntek: 7.30 \u2013 14.00<\/span><\/p><p><span style=\"color: #ffffff;\"><em><strong>Fax sz\u00e1m: 37\/770-005<\/strong><\/em><\/span><\/p><div><p><span style=\"color: #ffffff;\"><em><strong>\u00a0<\/strong><\/em><\/span><\/p><\/div>\t\t\t\t\t\t\t\t<\/div>\n\t\t\t\t<\/div>\n\t\t\t\t\t<\/div>\n\t\t\t\t<\/div>\n\t\t<div class=\"elementor-element elementor-element-706fa51 e-flex e-con-boxed e-con e-child\" data-id=\"706fa51\" data-element_type=\"container\" data-settings=\"{&quot;background_background&quot;:&quot;classic&quot;}\">\n\t\t\t\t\t<div class=\"e-con-inner\">\n\t\t\t\t<div class=\"elementor-element elementor-element-966cfde elementor-widget elementor-widget-text-editor\" data-id=\"966cfde\" data-element_type=\"widget\" data-widget_type=\"text-editor.default\">\n\t\t\t\t<div class=\"elementor-widget-container\">\n\t\t\t\t\t\t\t\t\t<h2>El\u00e9rhet\u0151s\u00e9gek<\/h2><p><strong>D\u00e9l-M\u00e1tra K\u00f6zhaszn\u00fa Egyes\u00fclet<\/strong><br \/>Sz\u00e9khely:\u00a0 Atk\u00e1r Tass-puszta<\/p><p>Levelez\u00e9si c\u00edm:\u00a03201 Gy\u00f6ngy\u00f6s Postafi\u00f3k 144<\/p><p>Telefon:\u00a037\/770-005<\/p><p>Fax: 37\/770-005<\/p><p>Mobil: 20\/ 579-4329 , 20 \/955-6813<\/p><p>E-mail:\u00a0<span id=\"cloak4bda131c8b36de65c03817fd500fea7d\"><a href=\"mailto:info@delmatra.hu\">info@delmatra.hu<\/a><\/span><\/p><p>Web:\u00a0<a href=\"http:\/\/delmatra.hu\/\">www.delmatra.hu<\/a><\/p><p>\u00a0<\/p>\t\t\t\t\t\t\t\t<\/div>\n\t\t\t\t<\/div>\n\t\t\t\t<div class=\"elementor-element elementor-element-fdd5d76 elementor-widget elementor-widget-google_maps\" data-id=\"fdd5d76\" data-element_type=\"widget\" data-widget_type=\"google_maps.default\">\n\t\t\t\t<div class=\"elementor-widget-container\">\n\t\t\t\t\t\t\t<div class=\"elementor-custom-embed\">\n\t\t\t<iframe loading=\"lazy\"\n\t\t\t\t\tsrc=\"https:\/\/maps.google.com\/maps?q=Atk%C3%A1r%20Tass-puszta%20D%C3%A9l%20M%C3%81tra&#038;t=m&#038;z=13&#038;output=embed&#038;iwloc=near\"\n\t\t\t\t\ttitle=\"Atk\u00e1r Tass-puszta D\u00e9l M\u00c1tra\"\n\t\t\t\t\taria-label=\"Atk\u00e1r Tass-puszta D\u00e9l M\u00c1tra\"\n\t\t\t><\/iframe>\n\t\t<\/div>\n\t\t\t\t\t\t<\/div>\n\t\t\t\t<\/div>\n\t\t\t\t\t<\/div>\n\t\t\t\t<\/div>\n\t\t\t\t<\/div>\n\t\t<div class=\"elementor-element elementor-element-e1905de e-con-full e-flex e-con e-parent\" data-id=\"e1905de\" data-element_type=\"container\" data-settings=\"{&quot;background_background&quot;:&quot;classic&quot;}\">\n\t\t<div class=\"elementor-element elementor-element-2b2dac3 e-flex e-con-boxed e-con e-child\" data-id=\"2b2dac3\" data-element_type=\"container\" data-settings=\"{&quot;background_background&quot;:&quot;classic&quot;}\">\n\t\t\t\t\t<div class=\"e-con-inner\">\n\t\t<div class=\"elementor-element elementor-element-fa42ae6 e-grid e-con-full e-con e-child\" data-id=\"fa42ae6\" data-element_type=\"container\">\n\t\t\t\t<div class=\"elementor-element elementor-element-c5a0802 elementor-widget elementor-widget-image\" data-id=\"c5a0802\" data-element_type=\"widget\" data-widget_type=\"image.default\">\n\t\t\t\t<div class=\"elementor-widget-container\">\n\t\t\t\t\t\t\t\t\t\t\t\t\t\t\t\t<a href=\"https:\/\/kap.gov.hu\/\" target=\"_blank\">\n\t\t\t\t\t\t\t<img decoding=\"async\" src=\"https:\/\/delmatra.hu\/2024\/wp-content\/uploads\/elementor\/thumbs\/kap-qz9qrnuckb6lm7qb9fg03cme0o2dgeayocs1p7yfwg.jpg\" title=\"kap\" alt=\"kap\" loading=\"lazy\" \/>\t\t\t\t\t\t\t\t<\/a>\n\t\t\t\t\t\t\t\t\t\t\t\t\t\t\t<\/div>\n\t\t\t\t<\/div>\n\t\t\t\t<div class=\"elementor-element elementor-element-f023d39 elementor-widget elementor-widget-image\" data-id=\"f023d39\" data-element_type=\"widget\" data-widget_type=\"image.default\">\n\t\t\t\t<div class=\"elementor-widget-container\">\n\t\t\t\t\t\t\t\t\t\t\t\t\t\t\t\t<a href=\"https:\/\/kap.mnvh.eu\/KAP_II\" target=\"_blank\">\n\t\t\t\t\t\t\t<img decoding=\"async\" src=\"https:\/\/delmatra.hu\/2024\/wp-content\/uploads\/elementor\/thumbs\/eu_logo-qz9qych15wc06e0s8bghtnwe3b4c6wu8xfsck21nnk.jpg\" title=\"eu_logo\" alt=\"eu_logo\" loading=\"lazy\" \/>\t\t\t\t\t\t\t\t<\/a>\n\t\t\t\t\t\t\t\t\t\t\t\t\t\t\t<\/div>\n\t\t\t\t<\/div>\n\t\t\t\t<div class=\"elementor-element elementor-element-ad92a93 elementor-widget elementor-widget-image\" data-id=\"ad92a93\" data-element_type=\"widget\" data-widget_type=\"image.default\">\n\t\t\t\t<div class=\"elementor-widget-container\">\n\t\t\t\t\t\t\t\t\t\t\t\t\t\t\t\t<a href=\"https:\/\/delmatra.hu\/images\/Turisztikai_szolgltatk_adatbzisa_2014--2023.pdf\" target=\"_blank\">\n\t\t\t\t\t\t\t<img decoding=\"async\" src=\"https:\/\/delmatra.hu\/2024\/wp-content\/uploads\/elementor\/thumbs\/LEADER-logo-qz8b22hd6isvwbsrnqtkw47wejmewlwoqbn36w5r0g.jpg\" title=\"LEADER logo\" alt=\"LEADER logo\" loading=\"lazy\" \/>\t\t\t\t\t\t\t\t<\/a>\n\t\t\t\t\t\t\t\t\t\t\t\t\t\t\t<\/div>\n\t\t\t\t<\/div>\n\t\t\t\t<div class=\"elementor-element elementor-element-5b54940 elementor-widget elementor-widget-image\" data-id=\"5b54940\" data-element_type=\"widget\" data-widget_type=\"image.default\">\n\t\t\t\t<div class=\"elementor-widget-container\">\n\t\t\t\t\t\t\t\t\t\t\t\t\t\t\t\t<a href=\"https:\/\/magyarkozlony.hu\/\" target=\"_blank\">\n\t\t\t\t\t\t\t<img decoding=\"async\" width=\"168\" height=\"54\" src=\"https:\/\/delmatra.hu\/2024\/wp-content\/uploads\/2024\/12\/mkozlony.png\" class=\"attachment-medium size-medium wp-image-1242\" alt=\"\" \/>\t\t\t\t\t\t\t\t<\/a>\n\t\t\t\t\t\t\t\t\t\t\t\t\t\t\t<\/div>\n\t\t\t\t<\/div>\n\t\t\t\t<div class=\"elementor-element elementor-element-84c6a6e elementor-widget elementor-widget-image\" data-id=\"84c6a6e\" data-element_type=\"widget\" data-widget_type=\"image.default\">\n\t\t\t\t<div class=\"elementor-widget-container\">\n\t\t\t\t\t\t\t\t\t\t\t\t\t\t\t\t<a href=\"https:\/\/www.allamkincstar.gov.hu\/\" target=\"_blank\">\n\t\t\t\t\t\t\t<img decoding=\"async\" width=\"275\" height=\"75\" src=\"https:\/\/delmatra.hu\/2024\/wp-content\/uploads\/2024\/12\/allamk.png\" class=\"attachment-medium size-medium wp-image-1251\" alt=\"\" \/>\t\t\t\t\t\t\t\t<\/a>\n\t\t\t\t\t\t\t\t\t\t\t\t\t\t\t<\/div>\n\t\t\t\t<\/div>\n\t\t\t\t<div class=\"elementor-element elementor-element-7548a95 elementor-widget elementor-widget-image\" data-id=\"7548a95\" data-element_type=\"widget\" data-widget_type=\"image.default\">\n\t\t\t\t<div class=\"elementor-widget-container\">\n\t\t\t\t\t\t\t\t\t\t\t\t\t\t\t\t<a href=\"https:\/\/portal.nebih.gov.hu\/\" target=\"_blank\">\n\t\t\t\t\t\t\t<img decoding=\"async\" width=\"143\" height=\"61\" src=\"https:\/\/delmatra.hu\/2024\/wp-content\/uploads\/2024\/12\/nebih.jpg\" class=\"attachment-medium size-medium wp-image-1255\" alt=\"\" \/>\t\t\t\t\t\t\t\t<\/a>\n\t\t\t\t\t\t\t\t\t\t\t\t\t\t\t<\/div>\n\t\t\t\t<\/div>\n\t\t\t\t<div class=\"elementor-element elementor-element-d6b2ac4 elementor-widget elementor-widget-image\" data-id=\"d6b2ac4\" data-element_type=\"widget\" data-widget_type=\"image.default\">\n\t\t\t\t<div class=\"elementor-widget-container\">\n\t\t\t\t\t\t\t\t\t\t\t\t\t\t\t\t<a href=\"https:\/\/mnvh.hu\/\" target=\"_blank\">\n\t\t\t\t\t\t\t<img decoding=\"async\" src=\"https:\/\/delmatra.hu\/2024\/wp-content\/uploads\/elementor\/thumbs\/image002-qz9r4dlr0ml8ob9e0fbbbn3vbbe4kzs8rahiez3pq8.jpg\" title=\"image002\" alt=\"image002\" loading=\"lazy\" \/>\t\t\t\t\t\t\t\t<\/a>\n\t\t\t\t\t\t\t\t\t\t\t\t\t\t\t<\/div>\n\t\t\t\t<\/div>\n\t\t\t\t<div class=\"elementor-element elementor-element-df095af elementor-widget elementor-widget-image\" data-id=\"df095af\" data-element_type=\"widget\" data-widget_type=\"image.default\">\n\t\t\t\t<div class=\"elementor-widget-container\">\n\t\t\t\t\t\t\t\t\t\t\t\t\t\t\t\t<a href=\"http:\/\/europa.eu\/index_hu.htm\" target=\"_blank\">\n\t\t\t\t\t\t\t<img decoding=\"async\" src=\"https:\/\/delmatra.hu\/2024\/wp-content\/uploads\/elementor\/thumbs\/image009-qz9r5w4e10nvdp2762voc9clrnxezfsoasbo90uvpc.jpg\" title=\"image009\" alt=\"image009\" loading=\"lazy\" \/>\t\t\t\t\t\t\t\t<\/a>\n\t\t\t\t\t\t\t\t\t\t\t\t\t\t\t<\/div>\n\t\t\t\t<\/div>\n\t\t\t\t<div class=\"elementor-element elementor-element-bbe9db6 elementor-widget elementor-widget-image\" data-id=\"bbe9db6\" data-element_type=\"widget\" data-widget_type=\"image.default\">\n\t\t\t\t<div class=\"elementor-widget-container\">\n\t\t\t\t\t\t\t\t\t\t\t\t\t\t\t\t<a href=\"https:\/\/kormany.hu\/agrarminiszterium\" target=\"_blank\">\n\t\t\t\t\t\t\t<img decoding=\"async\" src=\"https:\/\/delmatra.hu\/2024\/wp-content\/uploads\/elementor\/thumbs\/agrarmin-qz9r6q783pt1p7uiafvqk1rcrzt5tr432x77lvma68.jpg\" title=\"agrarmin\" alt=\"agrarmin\" loading=\"lazy\" \/>\t\t\t\t\t\t\t\t<\/a>\n\t\t\t\t\t\t\t\t\t\t\t\t\t\t\t<\/div>\n\t\t\t\t<\/div>\n\t\t\t\t<div class=\"elementor-element elementor-element-c6b71f4 elementor-widget elementor-widget-image\" data-id=\"c6b71f4\" data-element_type=\"widget\" data-widget_type=\"image.default\">\n\t\t\t\t<div class=\"elementor-widget-container\">\n\t\t\t\t\t\t\t\t\t\t\t\t\t\t\t\t<a href=\"https:\/\/magyarmezogazdasag.hu\/\" target=\"_blank\">\n\t\t\t\t\t\t\t<img decoding=\"async\" src=\"https:\/\/delmatra.hu\/2024\/wp-content\/uploads\/elementor\/thumbs\/30mg-qz9spdjffym2lqzzbcjebc540ork32o1qpiwnfaark.png\" title=\"30mg\" alt=\"30mg\" loading=\"lazy\" \/>\t\t\t\t\t\t\t\t<\/a>\n\t\t\t\t\t\t\t\t\t\t\t\t\t\t\t<\/div>\n\t\t\t\t<\/div>\n\t\t\t\t<div class=\"elementor-element elementor-element-d22cb35 elementor-widget elementor-widget-image\" data-id=\"d22cb35\" data-element_type=\"widget\" data-widget_type=\"image.default\">\n\t\t\t\t<div class=\"elementor-widget-container\">\n\t\t\t\t\t\t\t\t\t\t\t\t\t\t\t\t<a href=\"http:\/\/www.foldhivatal.hu\/\" target=\"_blank\">\n\t\t\t\t\t\t\t<img loading=\"lazy\" decoding=\"async\" width=\"172\" height=\"61\" src=\"https:\/\/delmatra.hu\/2024\/wp-content\/uploads\/2024\/12\/foldugy.png\" class=\"attachment-medium size-medium wp-image-1277\" alt=\"\" \/>\t\t\t\t\t\t\t\t<\/a>\n\t\t\t\t\t\t\t\t\t\t\t\t\t\t\t<\/div>\n\t\t\t\t<\/div>\n\t\t\t\t<div class=\"elementor-element elementor-element-c13e0da elementor-widget elementor-widget-image\" data-id=\"c13e0da\" data-element_type=\"widget\" data-widget_type=\"image.default\">\n\t\t\t\t<div class=\"elementor-widget-container\">\n\t\t\t\t\t\t\t\t\t\t\t\t\t\t\t\t<a href=\"https:\/\/vali.hu\/\" target=\"_blank\">\n\t\t\t\t\t\t\t<img decoding=\"async\" src=\"https:\/\/delmatra.hu\/2024\/wp-content\/uploads\/elementor\/thumbs\/vali-qz9srs0kwpwkd6z85lnke5hiqwm60ell9an57h12io.jpg\" title=\"vali\" alt=\"vali\" loading=\"lazy\" \/>\t\t\t\t\t\t\t\t<\/a>\n\t\t\t\t\t\t\t\t\t\t\t\t\t\t\t<\/div>\n\t\t\t\t<\/div>\n\t\t\t\t<\/div>\n\t\t<div class=\"elementor-element elementor-element-ecb407f e-grid e-con-full e-con e-child\" data-id=\"ecb407f\" data-element_type=\"container\">\n\t\t\t\t<div class=\"elementor-element elementor-element-fe172da elementor-widget elementor-widget-image\" data-id=\"fe172da\" data-element_type=\"widget\" data-widget_type=\"image.default\">\n\t\t\t\t<div class=\"elementor-widget-container\">\n\t\t\t\t\t\t\t\t\t\t\t\t\t\t\t\t<a href=\"https:\/\/www.aki.gov.hu\/\" target=\"_blank\">\n\t\t\t\t\t\t\t<img decoding=\"async\" src=\"https:\/\/delmatra.hu\/2024\/wp-content\/uploads\/elementor\/thumbs\/aki-qz9r9jpslto0j3r1tnrg1c54xlwsx2b3gvnnfrfri8.jpg\" title=\"aki\" alt=\"aki\" loading=\"lazy\" \/>\t\t\t\t\t\t\t\t<\/a>\n\t\t\t\t\t\t\t\t\t\t\t\t\t\t\t<\/div>\n\t\t\t\t<\/div>\n\t\t\t\t<div class=\"elementor-element elementor-element-40ff8aa elementor-widget elementor-widget-image\" data-id=\"40ff8aa\" data-element_type=\"widget\" data-widget_type=\"image.default\">\n\t\t\t\t<div class=\"elementor-widget-container\">\n\t\t\t\t\t\t\t\t\t\t\t\t\t\t\t\t<a href=\"https:\/\/nak.hu\/kap-2023-2027\" target=\"_blank\">\n\t\t\t\t\t\t\t<img decoding=\"async\" src=\"https:\/\/delmatra.hu\/2024\/wp-content\/uploads\/elementor\/thumbs\/nakamara-qz9raaz440pbvsngehjmjn9i5s6g4abb8mkqcsbchs.jpg\" title=\"nakamara\" alt=\"nakamara\" loading=\"lazy\" \/>\t\t\t\t\t\t\t\t<\/a>\n\t\t\t\t\t\t\t\t\t\t\t\t\t\t\t<\/div>\n\t\t\t\t<\/div>\n\t\t\t\t<\/div>\n\t\t\t\t\t<\/div>\n\t\t\t\t<\/div>\n\t\t\t\t<\/div>\n\t\t\t\t<\/div>\n\t\t","protected":false},"excerpt":{"rendered":"<p>HFS HELYI LEADER FELH\u00cdV\u00c1SOK TELEP\u00dcL\u00c9SEINK EREDM\u00c9NYEINK M\u0170K\u00d6D\u00c9SI K\u00d6LTS\u00c9GEK DOKUMENTUMT\u00c1R IRODA NYITVATART\u00c1SA: H\u00e9tf\u0151: 7.30 \u2013 16.00Kedd: 7.30 \u2013 16.00Szerda: 7.30 \u2013 16.00Cs\u00fct\u00f6rt\u00f6k: 7.30 \u2013 16.00P\u00e9ntek: 7.30 \u2013 14.00 Fax sz\u00e1m: 37\/770-005 \u00a0 El\u00e9rhet\u0151s\u00e9gek D\u00e9l-M\u00e1tra K\u00f6zhaszn\u00fa Egyes\u00fcletSz\u00e9khely:\u00a0 Atk\u00e1r Tass-puszta Levelez\u00e9si c\u00edm:\u00a03201 Gy\u00f6ngy\u00f6s Postafi\u00f3k 144 Telefon:\u00a037\/770-005 Fax: 37\/770-005 Mobil: 20\/ 579-4329 , 20 \/955-6813 E-mail:\u00a0info@delmatra.hu Web:\u00a0www.delmatra.hu \u00a0<\/p>\n","protected":false},"author":1,"featured_media":0,"parent":0,"menu_order":0,"comment_status":"closed","ping_status":"closed","template":"","meta":{"footnotes":""},"class_list":["post-1034","page","type-page","status-publish","hentry"],"rttpg_featured_image_url":null,"rttpg_author":{"display_name":"d@lmatra","author_link":"https:\/\/delmatra.hu\/2024\/author\/dlmatra\/"},"rttpg_comment":0,"rttpg_category":null,"rttpg_excerpt":"HFS HELYI LEADER FELH\u00cdV\u00c1SOK TELEP\u00dcL\u00c9SEINK EREDM\u00c9NYEINK M\u0170K\u00d6D\u00c9SI K\u00d6LTS\u00c9GEK DOKUMENTUMT\u00c1R IRODA NYITVATART\u00c1SA: H\u00e9tf\u0151: 7.30 \u2013 16.00Kedd: 7.30 \u2013 16.00Szerda: 7.30 \u2013 16.00Cs\u00fct\u00f6rt\u00f6k: 7.30 \u2013 16.00P\u00e9ntek: 7.30 \u2013 14.00 Fax sz\u00e1m: 37\/770-005 \u00a0 El\u00e9rhet\u0151s\u00e9gek D\u00e9l-M\u00e1tra K\u00f6zhaszn\u00fa Egyes\u00fcletSz\u00e9khely:\u00a0 Atk\u00e1r Tass-puszta Levelez\u00e9si c\u00edm:\u00a03201 Gy\u00f6ngy\u00f6s Postafi\u00f3k 144 Telefon:\u00a037\/770-005 Fax: 37\/770-005 Mobil: 20\/ 579-4329 , 20 \/955-6813 E-mail:\u00a0info@delmatra.hu Web:\u00a0www.delmatra.hu \u00a0","_links":{"self":[{"href":"https:\/\/delmatra.hu\/2024\/wp-json\/wp\/v2\/pages\/1034","targetHints":{"allow":["GET"]}}],"collection":[{"href":"https:\/\/delmatra.hu\/2024\/wp-json\/wp\/v2\/pages"}],"about":[{"href":"https:\/\/delmatra.hu\/2024\/wp-json\/wp\/v2\/types\/page"}],"author":[{"embeddable":true,"href":"https:\/\/delmatra.hu\/2024\/wp-json\/wp\/v2\/users\/1"}],"replies":[{"embeddable":true,"href":"https:\/\/delmatra.hu\/2024\/wp-json\/wp\/v2\/comments?post=1034"}],"version-history":[{"count":19,"href":"https:\/\/delmatra.hu\/2024\/wp-json\/wp\/v2\/pages\/1034\/revisions"}],"predecessor-version":[{"id":1861,"href":"https:\/\/delmatra.hu\/2024\/wp-json\/wp\/v2\/pages\/1034\/revisions\/1861"}],"wp:attachment":[{"href":"https:\/\/delmatra.hu\/2024\/wp-json\/wp\/v2\/media?parent=1034"}],"curies":[{"name":"wp","href":"https:\/\/api.w.org\/{rel}","templated":true}]}}